{"id":998,"date":"2026-04-27T06:16:06","date_gmt":"2026-04-27T06:16:06","guid":{"rendered":"https:\/\/chinaminiloader.com\/?post_type=product&#038;p=998"},"modified":"2026-04-27T06:16:06","modified_gmt":"2026-04-27T06:16:06","slug":"three-wheel-electric-scissor-lift-platform-mobile-aerial","status":"publish","type":"product","link":"https:\/\/chinaminiloader.com\/pt\/three-wheel-electric-scissor-lift-platform-mobile-aerial\/","title":{"rendered":"Plataforma elevat\u00f3ria el\u00e9ctrica de tr\u00eas rodas tipo tesoura Plataforma a\u00e9rea m\u00f3vel"},"content":{"rendered":"<p>A nossa plataforma elevat\u00f3ria de tesoura el\u00e9ctrica de tr\u00eas rodas foi concebida para aplica\u00e7\u00f5es vers\u00e1teis de manuseamento de materiais e trabalho a\u00e9reo. Com um design compacto e uma forte capacidade de eleva\u00e7\u00e3o, assegura uma excelente manobrabilidade em espa\u00e7os apertados. A estrutura est\u00e1vel da tesoura proporciona uma eleva\u00e7\u00e3o fi\u00e1vel para tarefas de manuten\u00e7\u00e3o, instala\u00e7\u00e3o e constru\u00e7\u00e3o. Equipado com um sistema de acionamento el\u00e9trico, proporciona um desempenho suave, silencioso e energeticamente eficiente. As calhas de seguran\u00e7a e os sistemas de controlo aumentam a seguran\u00e7a do operador e a facilidade de utiliza\u00e7\u00e3o. Ideal para armaz\u00e9ns, f\u00e1bricas e estaleiros de constru\u00e7\u00e3o, esta plataforma elevat\u00f3ria m\u00f3vel melhora a efici\u00eancia e reduz a intensidade do trabalho, tornando-a uma solu\u00e7\u00e3o pr\u00e1tica para opera\u00e7\u00f5es industriais modernas.<\/p>","protected":false},"excerpt":{"rendered":"<p>Esta plataforma elevat\u00f3ria el\u00e9ctrica de tesoura com tr\u00eas rodas combina mobilidade e estabilidade para um trabalho a\u00e9reo eficiente. Concebida para utiliza\u00e7\u00e3o na constru\u00e7\u00e3o, manuten\u00e7\u00e3o e armaz\u00e9m, oferece uma eleva\u00e7\u00e3o suave, uma estrutura compacta e uma opera\u00e7\u00e3o f\u00e1cil, tornando-a ideal para locais de trabalho estreitos e confinados.<\/p>","protected":false},"featured_media":999,"template":"","meta":{"_gspb_post_css":""},"product_brand":[],"product_cat":[22,23],"product_tag":[189,188,84],"class_list":{"0":"post-998","1":"product","2":"type-product","3":"status-publish","4":"has-post-thumbnail","6":"product_cat-lift-platform","7":"product_cat-electric-tricycle-lift-truck","8":"product_tag-electric-lifting-equipment","9":"product_tag-mobile-aerial-lift","10":"product_tag-scissor-lift-platform","12":"first","13":"instock","14":"shipping-taxable","15":"product-type-simple"},"_links":{"self":[{"href":"https:\/\/chinaminiloader.com\/pt\/wp-json\/wp\/v2\/product\/998","targetHints":{"allow":["GET"]}}],"collection":[{"href":"https:\/\/chinaminiloader.com\/pt\/wp-json\/wp\/v2\/product"}],"about":[{"href":"https:\/\/chinaminiloader.com\/pt\/wp-json\/wp\/v2\/types\/product"}],"wp:featuredmedia":[{"embeddable":true,"href":"https:\/\/chinaminiloader.com\/pt\/wp-json\/wp\/v2\/media\/999"}],"wp:attachment":[{"href":"https:\/\/chinaminiloader.com\/pt\/wp-json\/wp\/v2\/media?parent=998"}],"wp:term":[{"taxonomy":"product_brand","embeddable":true,"href":"https:\/\/chinaminiloader.com\/pt\/wp-json\/wp\/v2\/product_brand?post=998"},{"taxonomy":"product_cat","embeddable":true,"href":"https:\/\/chinaminiloader.com\/pt\/wp-json\/wp\/v2\/product_cat?post=998"},{"taxonomy":"product_tag","embeddable":true,"href":"https:\/\/chinaminiloader.com\/pt\/wp-json\/wp\/v2\/product_tag?post=998"}],"curies":[{"name":"wp","href":"https:\/\/api.w.org\/{rel}","templated":true}]}}