{"id":96,"date":"2026-04-24T09:29:02","date_gmt":"2026-04-24T09:29:02","guid":{"rendered":"https:\/\/chinaminiloader.com\/?post_type=product&#038;p=96"},"modified":"2026-04-24T09:29:02","modified_gmt":"2026-04-24T09:29:02","slug":"hydraulic-freight-elevator-platform-for-warehouse-loading","status":"publish","type":"product","link":"https:\/\/chinaminiloader.com\/pt\/hydraulic-freight-elevator-platform-for-warehouse-loading\/","title":{"rendered":"Plataforma elevat\u00f3ria de carga hidr\u00e1ulica para carregamento de armaz\u00e9m"},"content":{"rendered":"<p>A nossa plataforma elevat\u00f3ria de carga hidr\u00e1ulica \u00e9 uma solu\u00e7\u00e3o dur\u00e1vel e eficiente para elevar mercadorias pesadas entre diferentes n\u00edveis de piso. \u00c9 amplamente utilizada em armaz\u00e9ns, f\u00e1bricas, oficinas e projectos de constru\u00e7\u00e3o para manuseamento de materiais e transporte de carga. Equipada com um poderoso sistema hidr\u00e1ulico, estrutura de a\u00e7o refor\u00e7ado e gaiola de prote\u00e7\u00e3o de seguran\u00e7a, a plataforma oferece um desempenho de eleva\u00e7\u00e3o suave e alta capacidade de carga. O design garante a seguran\u00e7a do operador, um funcionamento est\u00e1vel e baixos custos de manuten\u00e7\u00e3o. Tamanhos personalizados, alturas de eleva\u00e7\u00e3o e capacidades de carga est\u00e3o dispon\u00edveis para atender a v\u00e1rios requisitos industriais, tornando-a uma solu\u00e7\u00e3o ideal de equipamento de eleva\u00e7\u00e3o vertical.<\/p>","protected":false},"excerpt":{"rendered":"<p>Esta plataforma elevat\u00f3ria de carga hidr\u00e1ulica foi concebida para o transporte vertical seguro e eficiente de mercadorias em armaz\u00e9ns, f\u00e1bricas e estaleiros de constru\u00e7\u00e3o. Constru\u00edda com uma forte estrutura de a\u00e7o, sistema de eleva\u00e7\u00e3o hidr\u00e1ulica est\u00e1vel e compartimento de seguran\u00e7a, garante um manuseamento de carga fi\u00e1vel e um funcionamento suave.<\/p>","protected":false},"featured_media":100,"template":"","meta":{"_gspb_post_css":""},"product_brand":[],"product_cat":[19,21],"product_tag":[51,50,52],"class_list":{"0":"post-96","1":"product","2":"type-product","3":"status-publish","4":"has-post-thumbnail","6":"product_cat-freight-elevator","7":"product_cat-hydraulic-freight-elevator","8":"product_tag-cargo-lifting-platform","9":"product_tag-hydraulic-freight-elevator","10":"product_tag-warehouse-material-lift","12":"first","13":"instock","14":"shipping-taxable","15":"product-type-simple"},"_links":{"self":[{"href":"https:\/\/chinaminiloader.com\/pt\/wp-json\/wp\/v2\/product\/96","targetHints":{"allow":["GET"]}}],"collection":[{"href":"https:\/\/chinaminiloader.com\/pt\/wp-json\/wp\/v2\/product"}],"about":[{"href":"https:\/\/chinaminiloader.com\/pt\/wp-json\/wp\/v2\/types\/product"}],"wp:featuredmedia":[{"embeddable":true,"href":"https:\/\/chinaminiloader.com\/pt\/wp-json\/wp\/v2\/media\/100"}],"wp:attachment":[{"href":"https:\/\/chinaminiloader.com\/pt\/wp-json\/wp\/v2\/media?parent=96"}],"wp:term":[{"taxonomy":"product_brand","embeddable":true,"href":"https:\/\/chinaminiloader.com\/pt\/wp-json\/wp\/v2\/product_brand?post=96"},{"taxonomy":"product_cat","embeddable":true,"href":"https:\/\/chinaminiloader.com\/pt\/wp-json\/wp\/v2\/product_cat?post=96"},{"taxonomy":"product_tag","embeddable":true,"href":"https:\/\/chinaminiloader.com\/pt\/wp-json\/wp\/v2\/product_tag?post=96"}],"curies":[{"name":"wp","href":"https:\/\/api.w.org\/{rel}","templated":true}]}}