{"id":948,"date":"2026-04-27T02:31:28","date_gmt":"2026-04-27T02:31:28","guid":{"rendered":"https:\/\/chinaminiloader.com\/?post_type=product&#038;p=948"},"modified":"2026-04-27T02:31:28","modified_gmt":"2026-04-27T02:31:28","slug":"electric-wire-rope-cargo-lift-platform-for-warehouses","status":"publish","type":"product","link":"https:\/\/chinaminiloader.com\/pt\/electric-wire-rope-cargo-lift-platform-for-warehouses\/","title":{"rendered":"Plataforma elevat\u00f3ria de carga com cabo de a\u00e7o el\u00e9trico para armaz\u00e9ns"},"content":{"rendered":"<p>O nosso elevador de carga el\u00e9trico com cabo de a\u00e7o \u00e9 uma solu\u00e7\u00e3o fi\u00e1vel para o transporte vertical de mercadorias em ambientes industriais. Constru\u00eddo com uma forte estrutura de a\u00e7o e equipado com um motor de alto desempenho e um sistema de polias, proporciona uma eleva\u00e7\u00e3o est\u00e1vel e eficiente. O design da plataforma garante seguran\u00e7a e facilidade de carregamento, enquanto as m\u00faltiplas carater\u00edsticas de seguran\u00e7a protegem os operadores e os materiais. Adequado para armaz\u00e9ns, f\u00e1bricas e locais de constru\u00e7\u00e3o, este elevador pode ser personalizado para satisfazer requisitos espec\u00edficos de altura, capacidade e instala\u00e7\u00e3o. Oferece uma alternativa econ\u00f3mica aos elevadores de carga tradicionais, melhorando a efici\u00eancia do fluxo de trabalho e reduzindo o manuseamento manual.<\/p>","protected":false},"excerpt":{"rendered":"<p>Este elevador de carga el\u00e9trico com cabo de a\u00e7o foi concebido para um manuseamento vertical eficiente de materiais em armaz\u00e9ns e estaleiros de constru\u00e7\u00e3o. Com uma estrutura de a\u00e7o robusta, um sistema de eleva\u00e7\u00e3o est\u00e1vel e controlos de seguran\u00e7a, garante um funcionamento suave e fi\u00e1vel. Ideal para o transporte de mercadorias entre pisos com altura e capacidade de carga personaliz\u00e1veis.<\/p>","protected":false},"featured_media":951,"template":"","meta":{"_gspb_post_css":""},"product_brand":[],"product_cat":[19,20],"product_tag":[104,185,184],"class_list":{"0":"post-948","1":"product","2":"type-product","3":"status-publish","4":"has-post-thumbnail","6":"product_cat-freight-elevator","7":"product_cat-electric-freight-elevator","8":"product_tag-cargo-lift","9":"product_tag-warehouse-lifting-platform","10":"product_tag-wire-rope-elevator","12":"first","13":"instock","14":"shipping-taxable","15":"product-type-simple"},"_links":{"self":[{"href":"https:\/\/chinaminiloader.com\/pt\/wp-json\/wp\/v2\/product\/948","targetHints":{"allow":["GET"]}}],"collection":[{"href":"https:\/\/chinaminiloader.com\/pt\/wp-json\/wp\/v2\/product"}],"about":[{"href":"https:\/\/chinaminiloader.com\/pt\/wp-json\/wp\/v2\/types\/product"}],"wp:featuredmedia":[{"embeddable":true,"href":"https:\/\/chinaminiloader.com\/pt\/wp-json\/wp\/v2\/media\/951"}],"wp:attachment":[{"href":"https:\/\/chinaminiloader.com\/pt\/wp-json\/wp\/v2\/media?parent=948"}],"wp:term":[{"taxonomy":"product_brand","embeddable":true,"href":"https:\/\/chinaminiloader.com\/pt\/wp-json\/wp\/v2\/product_brand?post=948"},{"taxonomy":"product_cat","embeddable":true,"href":"https:\/\/chinaminiloader.com\/pt\/wp-json\/wp\/v2\/product_cat?post=948"},{"taxonomy":"product_tag","embeddable":true,"href":"https:\/\/chinaminiloader.com\/pt\/wp-json\/wp\/v2\/product_tag?post=948"}],"curies":[{"name":"wp","href":"https:\/\/api.w.org\/{rel}","templated":true}]}}