{"id":929,"date":"2026-04-27T02:21:22","date_gmt":"2026-04-27T02:21:22","guid":{"rendered":"https:\/\/chinaminiloader.com\/?post_type=product&#038;p=929"},"modified":"2026-04-27T02:21:23","modified_gmt":"2026-04-27T02:21:23","slug":"hydraulic-freight-elevator-vertical-cargo-lift-platform","status":"publish","type":"product","link":"https:\/\/chinaminiloader.com\/pt\/hydraulic-freight-elevator-vertical-cargo-lift-platform\/","title":{"rendered":"Elevador de carga hidr\u00e1ulico Plataforma de eleva\u00e7\u00e3o vertical de carga"},"content":{"rendered":"<p>O nosso elevador de carga hidr\u00e1ulico foi concebido para fornecer solu\u00e7\u00f5es de eleva\u00e7\u00e3o vertical fi\u00e1veis e eficientes para aplica\u00e7\u00f5es industriais e comerciais. Com uma estrutura de a\u00e7o resistente, um sistema hidr\u00e1ulico de precis\u00e3o e mecanismos de seguran\u00e7a, garante um funcionamento suave e seguro. Este elevador de carga \u00e9 ideal para armaz\u00e9ns, oficinas e ambientes de constru\u00e7\u00e3o onde \u00e9 necess\u00e1rio transportar mercadorias pesadas entre pisos. O design permite a personaliza\u00e7\u00e3o da altura de eleva\u00e7\u00e3o, do tamanho da plataforma e da capacidade de carga para satisfazer os requisitos espec\u00edficos do projeto. A instala\u00e7\u00e3o f\u00e1cil, a baixa manuten\u00e7\u00e3o e a elevada durabilidade fazem dele uma solu\u00e7\u00e3o econ\u00f3mica para melhorar a efici\u00eancia do manuseamento de materiais em ambientes de trabalho exigentes.<\/p>","protected":false},"excerpt":{"rendered":"<p>Este elevador de carga hidr\u00e1ulico foi concebido para o transporte vertical eficiente de mercadorias. Constru\u00eddo com uma estrutura de a\u00e7o robusta e um sistema de eleva\u00e7\u00e3o est\u00e1vel, garante um funcionamento seguro e suave. Ideal para armaz\u00e9ns, f\u00e1bricas e estaleiros de constru\u00e7\u00e3o, com altura e capacidade de carga personaliz\u00e1veis.<\/p>","protected":false},"featured_media":930,"template":"","meta":{"_gspb_post_css":""},"product_brand":[],"product_cat":[19,21],"product_tag":[31,59,183],"class_list":{"0":"post-929","1":"product","2":"type-product","3":"status-publish","4":"has-post-thumbnail","6":"product_cat-freight-elevator","7":"product_cat-hydraulic-freight-elevator","8":"product_tag-freight-elevator","9":"product_tag-hydraulic-cargo-lift","10":"product_tag-vertical-platform-lift","12":"first","13":"instock","14":"shipping-taxable","15":"product-type-simple"},"_links":{"self":[{"href":"https:\/\/chinaminiloader.com\/pt\/wp-json\/wp\/v2\/product\/929","targetHints":{"allow":["GET"]}}],"collection":[{"href":"https:\/\/chinaminiloader.com\/pt\/wp-json\/wp\/v2\/product"}],"about":[{"href":"https:\/\/chinaminiloader.com\/pt\/wp-json\/wp\/v2\/types\/product"}],"wp:featuredmedia":[{"embeddable":true,"href":"https:\/\/chinaminiloader.com\/pt\/wp-json\/wp\/v2\/media\/930"}],"wp:attachment":[{"href":"https:\/\/chinaminiloader.com\/pt\/wp-json\/wp\/v2\/media?parent=929"}],"wp:term":[{"taxonomy":"product_brand","embeddable":true,"href":"https:\/\/chinaminiloader.com\/pt\/wp-json\/wp\/v2\/product_brand?post=929"},{"taxonomy":"product_cat","embeddable":true,"href":"https:\/\/chinaminiloader.com\/pt\/wp-json\/wp\/v2\/product_cat?post=929"},{"taxonomy":"product_tag","embeddable":true,"href":"https:\/\/chinaminiloader.com\/pt\/wp-json\/wp\/v2\/product_tag?post=929"}],"curies":[{"name":"wp","href":"https:\/\/api.w.org\/{rel}","templated":true}]}}