{"id":913,"date":"2026-04-27T01:25:19","date_gmt":"2026-04-27T01:25:19","guid":{"rendered":"https:\/\/chinaminiloader.com\/?post_type=product&#038;p=913"},"modified":"2026-04-27T01:25:19","modified_gmt":"2026-04-27T01:25:19","slug":"custom-electric-freight-elevator-material-lift-platform","status":"publish","type":"product","link":"https:\/\/chinaminiloader.com\/pt\/custom-electric-freight-elevator-material-lift-platform\/","title":{"rendered":"Elevador de carga el\u00e9trico personalizado Plataforma elevat\u00f3ria de materiais"},"content":{"rendered":"<p>Concebido para uma movimenta\u00e7\u00e3o vertical fi\u00e1vel da carga, este monta-cargas el\u00e9trico \u00e9 adequado para oficinas, armaz\u00e9ns, mezzanines e \u00e1reas de constru\u00e7\u00e3o. A unidade possui uma estrutura de guia de a\u00e7o r\u00edgido, plataforma fechada, acionamento de guincho el\u00e9trico e sistema de controle simples para ajudar a mover materiais entre os n\u00edveis do piso com seguran\u00e7a e efici\u00eancia. Como fabricante chin\u00eas direto, podemos personalizar a altura de eleva\u00e7\u00e3o, as dimens\u00f5es da plataforma, a capacidade de carga, a cor, a tens\u00e3o e a configura\u00e7\u00e3o da porta de acordo com os requisitos do projeto. O fabrico duradouro, a instala\u00e7\u00e3o compacta e o acesso pr\u00e1tico para manuten\u00e7\u00e3o fazem com que seja uma escolha rent\u00e1vel para o manuseamento de materiais onde os empilhadores, a eleva\u00e7\u00e3o manual ou os elevadores fixos de edif\u00edcios n\u00e3o s\u00e3o adequados em aplica\u00e7\u00f5es industriais di\u00e1rias exigentes.<\/p>","protected":false},"excerpt":{"rendered":"<p>Este monta-cargas el\u00e9trico utiliza um mastro de a\u00e7o soldado, uma plataforma de gaiola protegida e um sistema de eleva\u00e7\u00e3o acionado por guincho para o transporte vertical de materiais. Constru\u00eddo para f\u00e1bricas, armaz\u00e9ns e locais de trabalho, suporta altura personalizada, tamanho da plataforma, capacidade de carga e op\u00e7\u00f5es de controlo para um manuseamento eficiente da carga.<\/p>","protected":false},"featured_media":919,"template":"","meta":{"_gspb_post_css":""},"product_brand":[],"product_cat":[19,20],"product_tag":[44,89,58],"class_list":{"0":"post-913","1":"product","2":"type-product","3":"status-publish","4":"has-post-thumbnail","6":"product_cat-freight-elevator","7":"product_cat-electric-freight-elevator","8":"product_tag-construction-platform","9":"product_tag-electric-freight-elevator","10":"product_tag-material-handling-lift","12":"first","13":"instock","14":"shipping-taxable","15":"product-type-simple"},"_links":{"self":[{"href":"https:\/\/chinaminiloader.com\/pt\/wp-json\/wp\/v2\/product\/913","targetHints":{"allow":["GET"]}}],"collection":[{"href":"https:\/\/chinaminiloader.com\/pt\/wp-json\/wp\/v2\/product"}],"about":[{"href":"https:\/\/chinaminiloader.com\/pt\/wp-json\/wp\/v2\/types\/product"}],"wp:featuredmedia":[{"embeddable":true,"href":"https:\/\/chinaminiloader.com\/pt\/wp-json\/wp\/v2\/media\/919"}],"wp:attachment":[{"href":"https:\/\/chinaminiloader.com\/pt\/wp-json\/wp\/v2\/media?parent=913"}],"wp:term":[{"taxonomy":"product_brand","embeddable":true,"href":"https:\/\/chinaminiloader.com\/pt\/wp-json\/wp\/v2\/product_brand?post=913"},{"taxonomy":"product_cat","embeddable":true,"href":"https:\/\/chinaminiloader.com\/pt\/wp-json\/wp\/v2\/product_cat?post=913"},{"taxonomy":"product_tag","embeddable":true,"href":"https:\/\/chinaminiloader.com\/pt\/wp-json\/wp\/v2\/product_tag?post=913"}],"curies":[{"name":"wp","href":"https:\/\/api.w.org\/{rel}","templated":true}]}}