{"id":895,"date":"2026-04-27T01:15:15","date_gmt":"2026-04-27T01:15:15","guid":{"rendered":"https:\/\/chinaminiloader.com\/?post_type=product&#038;p=895"},"modified":"2026-04-27T01:15:15","modified_gmt":"2026-04-27T01:15:15","slug":"hydraulic-cargo-lift-for-warehouse-construction-freight","status":"publish","type":"product","link":"https:\/\/chinaminiloader.com\/pt\/hydraulic-cargo-lift-for-warehouse-construction-freight\/","title":{"rendered":"Elevador de carga hidr\u00e1ulico para cargas de armaz\u00e9m e constru\u00e7\u00e3o"},"content":{"rendered":"<table class=\"w-fit min-w-(--thread-content-width)\" data-start=\"143\" data-end=\"1653\" data-is-last-node=\"\" data-is-only-node=\"\">\n<tbody data-start=\"172\" data-end=\"1653\" data-is-last-node=\"\">\n<tr data-start=\"881\" data-end=\"1653\" data-is-last-node=\"\">\n<td data-col-size=\"xl\" data-start=\"911\" data-end=\"1653\" data-is-last-node=\"\">O nosso elevador de carga hidr\u00e1ulico foi concebido para o transporte vertical seguro e eficiente de mercadorias em ambientes industriais e comerciais. Constru\u00eddo com uma estrutura de a\u00e7o refor\u00e7ada, sistema de eleva\u00e7\u00e3o hidr\u00e1ulica, plataforma de carga aberta e guarda-corpos de prote\u00e7\u00e3o, ajuda as f\u00e1bricas, armaz\u00e9ns e estaleiros de constru\u00e7\u00e3o a mover caixas de cart\u00e3o, materiais, ferramentas e equipamento entre diferentes n\u00edveis. A estrutura compacta pode ser instalada ao lado de edif\u00edcios, mezzanines ou \u00e1reas de carga, oferecendo uma alternativa pr\u00e1tica ao manuseamento manual. Como fabricante chin\u00eas, podemos oferecer suporte a tamanhos de plataforma personalizados, altura de eleva\u00e7\u00e3o, capacidade de carga e op\u00e7\u00f5es de controlo para diferentes disposi\u00e7\u00f5es do local, necessidades de manuseamento de carga e requisitos de projeto est\u00e1veis e de longo prazo de funcionamento di\u00e1rio no local.<\/td>\n<\/tr>\n<\/tbody>\n<\/table>","protected":false},"excerpt":{"rendered":"<p>Este elevador de carga hidr\u00e1ulico foi concebido para o manuseamento vertical de materiais em f\u00e1bricas, armaz\u00e9ns e estaleiros de constru\u00e7\u00e3o. A sua estrutura em a\u00e7o azul, a plataforma aberta e os guarda-corpos seguros ajudam a mover caixas de cart\u00e3o, ferramentas e mercadorias em paletes entre pisos, reduzindo o trabalho manual, o tempo de manuseamento e as necessidades de espa\u00e7o no local.<\/p>","protected":false},"featured_media":897,"template":"","meta":{"_gspb_post_css":""},"product_brand":[],"product_cat":[19,21],"product_tag":[31,59,74],"class_list":{"0":"post-895","1":"product","2":"type-product","3":"status-publish","4":"has-post-thumbnail","6":"product_cat-freight-elevator","7":"product_cat-hydraulic-freight-elevator","8":"product_tag-freight-elevator","9":"product_tag-hydraulic-cargo-lift","10":"product_tag-material-handling-platform","12":"first","13":"instock","14":"shipping-taxable","15":"product-type-simple"},"_links":{"self":[{"href":"https:\/\/chinaminiloader.com\/pt\/wp-json\/wp\/v2\/product\/895","targetHints":{"allow":["GET"]}}],"collection":[{"href":"https:\/\/chinaminiloader.com\/pt\/wp-json\/wp\/v2\/product"}],"about":[{"href":"https:\/\/chinaminiloader.com\/pt\/wp-json\/wp\/v2\/types\/product"}],"wp:featuredmedia":[{"embeddable":true,"href":"https:\/\/chinaminiloader.com\/pt\/wp-json\/wp\/v2\/media\/897"}],"wp:attachment":[{"href":"https:\/\/chinaminiloader.com\/pt\/wp-json\/wp\/v2\/media?parent=895"}],"wp:term":[{"taxonomy":"product_brand","embeddable":true,"href":"https:\/\/chinaminiloader.com\/pt\/wp-json\/wp\/v2\/product_brand?post=895"},{"taxonomy":"product_cat","embeddable":true,"href":"https:\/\/chinaminiloader.com\/pt\/wp-json\/wp\/v2\/product_cat?post=895"},{"taxonomy":"product_tag","embeddable":true,"href":"https:\/\/chinaminiloader.com\/pt\/wp-json\/wp\/v2\/product_tag?post=895"}],"curies":[{"name":"wp","href":"https:\/\/api.w.org\/{rel}","templated":true}]}}