{"id":894,"date":"2026-04-27T01:09:33","date_gmt":"2026-04-27T01:09:33","guid":{"rendered":"https:\/\/chinaminiloader.com\/?post_type=product&#038;p=894"},"modified":"2026-04-27T01:09:33","modified_gmt":"2026-04-27T01:09:33","slug":"wall-mounted-vertical-cargo-lift-for-warehouse-loading-bay","status":"publish","type":"product","link":"https:\/\/chinaminiloader.com\/pt\/wall-mounted-vertical-cargo-lift-for-warehouse-loading-bay\/","title":{"rendered":"Elevador de carga vertical montado na parede para o cais de carga do armaz\u00e9m"},"content":{"rendered":"<p>Concebido para f\u00e1bricas, armaz\u00e9ns e estaleiros de constru\u00e7\u00e3o, este elevador de carga vertical proporciona uma solu\u00e7\u00e3o pr\u00e1tica para transportar mercadorias entre diferentes alturas. O equipamento utiliza uma estrutura de guia em a\u00e7o montada na parede, um sistema de eleva\u00e7\u00e3o el\u00e9trico e uma plataforma de carga refor\u00e7ada para suportar um transporte vertical est\u00e1vel. \u00c9 adequado para caixas de cart\u00e3o, ferramentas, mat\u00e9rias-primas, pe\u00e7as sobressalentes e outras cargas sem passageiros. A instala\u00e7\u00e3o compacta ajuda a economizar espa\u00e7o no ch\u00e3o, enquanto os guarda-corpos ou pain\u00e9is de plataforma podem ser configurados de acordo com as necessidades do local. Como fabricante chin\u00eas direto, podemos personalizar a altura de eleva\u00e7\u00e3o, o tamanho da plataforma, a capacidade de carga, o modo de controlo e os dispositivos de seguran\u00e7a para manter o seu projeto em movimento de forma eficiente e segura no local.<\/p>","protected":false},"excerpt":{"rendered":"<p>Concebido para f\u00e1bricas, armaz\u00e9ns e cais de carga, este elevador de carga vertical montado na parede proporciona uma transfer\u00eancia fi\u00e1vel de mercadorias entre pisos. A sua plataforma refor\u00e7ada, o mastro guiado, o guincho el\u00e9trico e o dispositivo anti-queda permitem uma eleva\u00e7\u00e3o est\u00e1vel, um carregamento eficiente e tarefas di\u00e1rias de manuseamento de materiais mais seguras.<\/p>","protected":false},"featured_media":892,"template":"","meta":{"_gspb_post_css":""},"product_brand":[],"product_cat":[19,20],"product_tag":[31,74,179],"class_list":{"0":"post-894","1":"product","2":"type-product","3":"status-publish","4":"has-post-thumbnail","6":"product_cat-freight-elevator","7":"product_cat-electric-freight-elevator","8":"product_tag-freight-elevator","9":"product_tag-material-handling-platform","10":"product_tag-vertical-cargo-lift","12":"first","13":"instock","14":"shipping-taxable","15":"product-type-simple"},"_links":{"self":[{"href":"https:\/\/chinaminiloader.com\/pt\/wp-json\/wp\/v2\/product\/894","targetHints":{"allow":["GET"]}}],"collection":[{"href":"https:\/\/chinaminiloader.com\/pt\/wp-json\/wp\/v2\/product"}],"about":[{"href":"https:\/\/chinaminiloader.com\/pt\/wp-json\/wp\/v2\/types\/product"}],"wp:featuredmedia":[{"embeddable":true,"href":"https:\/\/chinaminiloader.com\/pt\/wp-json\/wp\/v2\/media\/892"}],"wp:attachment":[{"href":"https:\/\/chinaminiloader.com\/pt\/wp-json\/wp\/v2\/media?parent=894"}],"wp:term":[{"taxonomy":"product_brand","embeddable":true,"href":"https:\/\/chinaminiloader.com\/pt\/wp-json\/wp\/v2\/product_brand?post=894"},{"taxonomy":"product_cat","embeddable":true,"href":"https:\/\/chinaminiloader.com\/pt\/wp-json\/wp\/v2\/product_cat?post=894"},{"taxonomy":"product_tag","embeddable":true,"href":"https:\/\/chinaminiloader.com\/pt\/wp-json\/wp\/v2\/product_tag?post=894"}],"curies":[{"name":"wp","href":"https:\/\/api.w.org\/{rel}","templated":true}]}}