{"id":881,"date":"2026-04-27T01:00:14","date_gmt":"2026-04-27T01:00:14","guid":{"rendered":"https:\/\/chinaminiloader.com\/?post_type=product&#038;p=881"},"modified":"2026-04-27T01:00:14","modified_gmt":"2026-04-27T01:00:14","slug":"compact-diesel-wheel-loader-for-farms-and-material-handling-59-characters","status":"publish","type":"product","link":"https:\/\/chinaminiloader.com\/pt\/compact-diesel-wheel-loader-for-farms-and-material-handling-59-characters\/","title":{"rendered":"Carregadora de rodas compacta a diesel para explora\u00e7\u00f5es agr\u00edcolas e manuseamento de materiais 59 caracteres"},"content":{"rendered":"<p>Esta p\u00e1 carregadora compacta a diesel \u00e9 uma solu\u00e7\u00e3o de carga pr\u00e1tica para quintas, parques de armazenamento, oficinas e pequenos projectos de constru\u00e7\u00e3o. A m\u00e1quina utiliza um balde hidr\u00e1ulico frontal e bra\u00e7os de eleva\u00e7\u00e3o robustos para manusear materiais soltos, como terra, ra\u00e7\u00f5es, areia, gravilha e res\u00edduos. O seu corpo estreito, a posi\u00e7\u00e3o aberta do operador e os pneus de piso pesado ajudam-na a manobrar em \u00e1reas restritas, mantendo uma tra\u00e7\u00e3o est\u00e1vel em terrenos acidentados. Constru\u00eddo com uma disposi\u00e7\u00e3o mec\u00e2nica simples, \u00e9 f\u00e1cil de operar, manter e transportar. Para importadores, comerciantes e empreiteiros, oferece uma op\u00e7\u00e3o econ\u00f3mica para o manuseamento di\u00e1rio de materiais e aplica\u00e7\u00f5es de trabalho de carga ligeira.<\/p>","protected":false},"excerpt":{"rendered":"<p>Esta p\u00e1 carregadora compacta a diesel foi concebida para quintas, armaz\u00e9ns e estaleiros de constru\u00e7\u00e3o. Equipada com um balde frontal hidr\u00e1ulico, bra\u00e7os de eleva\u00e7\u00e3o, pot\u00eancia a gas\u00f3leo e pneus robustos, suporta o carregamento de terra, ra\u00e7\u00e3o, gravilha e materiais a granel em \u00e1reas apertadas. Os controlos simples facilitam o funcionamento e a manuten\u00e7\u00e3o.<\/p>","protected":false},"featured_media":882,"template":"","meta":{"_gspb_post_css":""},"product_brand":[],"product_cat":[15,18],"product_tag":[28,48,178],"class_list":{"0":"post-881","1":"product","2":"type-product","3":"status-publish","4":"has-post-thumbnail","6":"product_cat-mini-loader","7":"product_cat-electric-mini-loader","8":"product_tag-compact-wheel-loader","9":"product_tag-diesel-loader","10":"product_tag-farm-material-handling","12":"first","13":"instock","14":"shipping-taxable","15":"product-type-simple"},"_links":{"self":[{"href":"https:\/\/chinaminiloader.com\/pt\/wp-json\/wp\/v2\/product\/881","targetHints":{"allow":["GET"]}}],"collection":[{"href":"https:\/\/chinaminiloader.com\/pt\/wp-json\/wp\/v2\/product"}],"about":[{"href":"https:\/\/chinaminiloader.com\/pt\/wp-json\/wp\/v2\/types\/product"}],"wp:featuredmedia":[{"embeddable":true,"href":"https:\/\/chinaminiloader.com\/pt\/wp-json\/wp\/v2\/media\/882"}],"wp:attachment":[{"href":"https:\/\/chinaminiloader.com\/pt\/wp-json\/wp\/v2\/media?parent=881"}],"wp:term":[{"taxonomy":"product_brand","embeddable":true,"href":"https:\/\/chinaminiloader.com\/pt\/wp-json\/wp\/v2\/product_brand?post=881"},{"taxonomy":"product_cat","embeddable":true,"href":"https:\/\/chinaminiloader.com\/pt\/wp-json\/wp\/v2\/product_cat?post=881"},{"taxonomy":"product_tag","embeddable":true,"href":"https:\/\/chinaminiloader.com\/pt\/wp-json\/wp\/v2\/product_tag?post=881"}],"curies":[{"name":"wp","href":"https:\/\/api.w.org\/{rel}","templated":true}]}}