{"id":858,"date":"2026-04-27T00:39:43","date_gmt":"2026-04-27T00:39:43","guid":{"rendered":"https:\/\/chinaminiloader.com\/?post_type=product&#038;p=858"},"modified":"2026-04-27T00:39:43","modified_gmt":"2026-04-27T00:39:43","slug":"anti-fall-material-handling-freight-elevator-platform-lift","status":"publish","type":"product","link":"https:\/\/chinaminiloader.com\/pt\/anti-fall-material-handling-freight-elevator-platform-lift\/","title":{"rendered":"Plataforma elevat\u00f3ria anti-queda para manuseamento de materiais Plataforma elevat\u00f3ria de carga"},"content":{"rendered":"<p>Constru\u00edda para pequenas tarefas de transfer\u00eancia de carga, esta plataforma elevat\u00f3ria de seguran\u00e7a anti-queda ajuda a elevar ferramentas, caixas de cart\u00e3o e materiais de constru\u00e7\u00e3o entre n\u00edveis com um funcionamento controlado. A estrutura vis\u00edvel inclui uma estrutura de portal refor\u00e7ada, uma bancada de trabalho refor\u00e7ada, uma prote\u00e7\u00e3o de seguran\u00e7a, um sistema de eleva\u00e7\u00e3o por cabo de a\u00e7o, um gancho anti-descasque e um controlo de limite superior\/inferior. Um motor de cobre puro suporta uma pot\u00eancia est\u00e1vel para uma utiliza\u00e7\u00e3o frequente na oficina ou no local de trabalho. O seu design vertical compacto adequa-se a armaz\u00e9ns, f\u00e1bricas, mezzanines, \u00e1reas de carga e plataformas de constru\u00e7\u00e3o onde o espa\u00e7o \u00e9 limitado. Como um fabricante chin\u00eas, podemos apoiar a personaliza\u00e7\u00e3o OEM para o tamanho da plataforma, altura de eleva\u00e7\u00e3o, cor, capacidade e requisitos de aplica\u00e7\u00e3o em todo o mundo de forma fi\u00e1vel hoje.<\/p>","protected":false},"excerpt":{"rendered":"<p>Concebida para f\u00e1bricas, armaz\u00e9ns e estaleiros de constru\u00e7\u00e3o, esta plataforma elevat\u00f3ria de carga anti-queda utiliza um motor de cobre puro, sistema de eleva\u00e7\u00e3o por cabo de a\u00e7o, controlo de limite superior\/inferior, gancho de seguran\u00e7a, guarda-corpos e bancada de trabalho refor\u00e7ada para movimentar materiais de forma eficiente em espa\u00e7os verticais compactos todos os dias em seguran\u00e7a.<\/p>","protected":false},"featured_media":859,"template":"","meta":{"_gspb_post_css":""},"product_brand":[],"product_cat":[19,20],"product_tag":[44,31,58],"class_list":{"0":"post-858","1":"product","2":"type-product","3":"status-publish","4":"has-post-thumbnail","6":"product_cat-freight-elevator","7":"product_cat-electric-freight-elevator","8":"product_tag-construction-platform","9":"product_tag-freight-elevator","10":"product_tag-material-handling-lift","12":"first","13":"instock","14":"shipping-taxable","15":"product-type-simple"},"_links":{"self":[{"href":"https:\/\/chinaminiloader.com\/pt\/wp-json\/wp\/v2\/product\/858","targetHints":{"allow":["GET"]}}],"collection":[{"href":"https:\/\/chinaminiloader.com\/pt\/wp-json\/wp\/v2\/product"}],"about":[{"href":"https:\/\/chinaminiloader.com\/pt\/wp-json\/wp\/v2\/types\/product"}],"wp:featuredmedia":[{"embeddable":true,"href":"https:\/\/chinaminiloader.com\/pt\/wp-json\/wp\/v2\/media\/859"}],"wp:attachment":[{"href":"https:\/\/chinaminiloader.com\/pt\/wp-json\/wp\/v2\/media?parent=858"}],"wp:term":[{"taxonomy":"product_brand","embeddable":true,"href":"https:\/\/chinaminiloader.com\/pt\/wp-json\/wp\/v2\/product_brand?post=858"},{"taxonomy":"product_cat","embeddable":true,"href":"https:\/\/chinaminiloader.com\/pt\/wp-json\/wp\/v2\/product_cat?post=858"},{"taxonomy":"product_tag","embeddable":true,"href":"https:\/\/chinaminiloader.com\/pt\/wp-json\/wp\/v2\/product_tag?post=858"}],"curies":[{"name":"wp","href":"https:\/\/api.w.org\/{rel}","templated":true}]}}