{"id":825,"date":"2026-04-26T12:40:30","date_gmt":"2026-04-26T12:40:30","guid":{"rendered":"https:\/\/chinaminiloader.com\/?post_type=product&#038;p=825"},"modified":"2026-04-26T12:40:30","modified_gmt":"2026-04-26T12:40:30","slug":"one-touch-cargo-lift-for-warehouses-construction-sites","status":"publish","type":"product","link":"https:\/\/chinaminiloader.com\/pt\/one-touch-cargo-lift-for-warehouses-construction-sites\/","title":{"rendered":"Elevador de carga com um s\u00f3 toque para armaz\u00e9ns e estaleiros de constru\u00e7\u00e3o"},"content":{"rendered":"<p>O nosso elevador de carga de um s\u00f3 toque proporciona uma solu\u00e7\u00e3o pr\u00e1tica de eleva\u00e7\u00e3o vertical para armaz\u00e9ns, f\u00e1bricas, oficinas, centros de log\u00edstica e estaleiros de constru\u00e7\u00e3o. O equipamento possui uma estrutura de a\u00e7o refor\u00e7ada, guarda-corpos de plataforma fechados e um sistema de eleva\u00e7\u00e3o el\u00e9ctrica para ajudar os operadores a transferir materiais entre diferentes alturas de trabalho. A sua pegada compacta torna-o adequado para \u00e1reas onde os elevadores de carga convencionais s\u00e3o dif\u00edceis de instalar. Os controlos simples permitem uma opera\u00e7\u00e3o di\u00e1ria f\u00e1cil, enquanto a estrutura est\u00e1vel do mastro ajuda a manter um desempenho de eleva\u00e7\u00e3o fi\u00e1vel. Como uma f\u00e1brica chinesa, podemos suportar requisitos OEM, tamanhos de plataforma personalizados, alturas de eleva\u00e7\u00e3o e capacidades de carga para diferentes aplica\u00e7\u00f5es de manuseamento de materiais em todo o mundo atualmente.<\/p>","protected":false},"excerpt":{"rendered":"<p>Este elevador de carga de um s\u00f3 toque suporta o manuseamento vertical eficiente de materiais em f\u00e1bricas, armaz\u00e9ns, oficinas e estaleiros de constru\u00e7\u00e3o. A sua plataforma de a\u00e7o, os guarda-corpos, a estrutura est\u00e1vel e o sistema de guincho el\u00e9trico movem as mercadorias entre n\u00edveis com uma opera\u00e7\u00e3o simples, uma estrutura compacta e um desempenho fi\u00e1vel.<\/p>","protected":false},"featured_media":831,"template":"","meta":{"_gspb_post_css":""},"product_brand":[],"product_cat":[19,20],"product_tag":[104,31,74],"class_list":{"0":"post-825","1":"product","2":"type-product","3":"status-publish","4":"has-post-thumbnail","6":"product_cat-freight-elevator","7":"product_cat-electric-freight-elevator","8":"product_tag-cargo-lift","9":"product_tag-freight-elevator","10":"product_tag-material-handling-platform","12":"first","13":"instock","14":"shipping-taxable","15":"product-type-simple"},"_links":{"self":[{"href":"https:\/\/chinaminiloader.com\/pt\/wp-json\/wp\/v2\/product\/825","targetHints":{"allow":["GET"]}}],"collection":[{"href":"https:\/\/chinaminiloader.com\/pt\/wp-json\/wp\/v2\/product"}],"about":[{"href":"https:\/\/chinaminiloader.com\/pt\/wp-json\/wp\/v2\/types\/product"}],"wp:featuredmedia":[{"embeddable":true,"href":"https:\/\/chinaminiloader.com\/pt\/wp-json\/wp\/v2\/media\/831"}],"wp:attachment":[{"href":"https:\/\/chinaminiloader.com\/pt\/wp-json\/wp\/v2\/media?parent=825"}],"wp:term":[{"taxonomy":"product_brand","embeddable":true,"href":"https:\/\/chinaminiloader.com\/pt\/wp-json\/wp\/v2\/product_brand?post=825"},{"taxonomy":"product_cat","embeddable":true,"href":"https:\/\/chinaminiloader.com\/pt\/wp-json\/wp\/v2\/product_cat?post=825"},{"taxonomy":"product_tag","embeddable":true,"href":"https:\/\/chinaminiloader.com\/pt\/wp-json\/wp\/v2\/product_tag?post=825"}],"curies":[{"name":"wp","href":"https:\/\/api.w.org\/{rel}","templated":true}]}}