{"id":806,"date":"2026-04-26T12:27:11","date_gmt":"2026-04-26T12:27:11","guid":{"rendered":"https:\/\/chinaminiloader.com\/?post_type=product&#038;p=806"},"modified":"2026-04-26T12:27:12","modified_gmt":"2026-04-26T12:27:12","slug":"hydraulic-single-rail-freight-elevator-cargo-lift-platfo","status":"publish","type":"product","link":"https:\/\/chinaminiloader.com\/pt\/hydraulic-single-rail-freight-elevator-cargo-lift-platfo\/","title":{"rendered":"Elevador de carga hidr\u00e1ulico de carril \u00fanico Plataforma de eleva\u00e7\u00e3o de carga"},"content":{"rendered":"<p>O nosso monta-cargas hidr\u00e1ulico de carril \u00fanico proporciona uma solu\u00e7\u00e3o pr\u00e1tica para elevar mercadorias entre diferentes n\u00edveis em ambientes industriais e comerciais. O equipamento utiliza uma estrutura de a\u00e7o refor\u00e7ado, uma plataforma est\u00e1vel, guarda-corpos de prote\u00e7\u00e3o e um sistema de acionamento hidr\u00e1ulico para suportar o transporte vertical suave de materiais, ferramentas, caixas de cart\u00e3o, paletes e materiais de constru\u00e7\u00e3o. A sua estrutura compacta de carris-guia torna a instala\u00e7\u00e3o adequada para oficinas, armaz\u00e9ns, f\u00e1bricas, \u00e1reas de carga e projectos de renova\u00e7\u00e3o de edif\u00edcios. Concebido para ser dur\u00e1vel e f\u00e1cil de utilizar, este elevador de carga ajuda a reduzir o manuseamento manual, melhora a efici\u00eancia do fluxo de trabalho e aumenta a seguran\u00e7a no local. Est\u00e3o dispon\u00edveis op\u00e7\u00f5es personalizadas de tamanho da plataforma, altura de eleva\u00e7\u00e3o, capacidade de carga e controlo para compradores globais.<\/p>","protected":false},"excerpt":{"rendered":"<p>Este monocarril hidr\u00e1ulico para carga foi concebido para a transfer\u00eancia vertical de materiais entre pisos em f\u00e1bricas, armaz\u00e9ns, oficinas e \u00e1reas de constru\u00e7\u00e3o. Com uma plataforma de a\u00e7o soldado, guarda-corpos, coluna de guia e sistema de eleva\u00e7\u00e3o por corrente, suporta diariamente um carregamento de carga seguro, est\u00e1vel e eficiente.<\/p>","protected":false},"featured_media":809,"template":"","meta":{"_gspb_post_css":""},"product_brand":[],"product_cat":[19,21],"product_tag":[32,50,42],"class_list":{"0":"post-806","1":"product","2":"type-product","3":"status-publish","4":"has-post-thumbnail","6":"product_cat-freight-elevator","7":"product_cat-hydraulic-freight-elevator","8":"product_tag-cargo-lift-platform","9":"product_tag-hydraulic-freight-elevator","10":"product_tag-material-handling-equipment","12":"first","13":"instock","14":"shipping-taxable","15":"product-type-simple"},"_links":{"self":[{"href":"https:\/\/chinaminiloader.com\/pt\/wp-json\/wp\/v2\/product\/806","targetHints":{"allow":["GET"]}}],"collection":[{"href":"https:\/\/chinaminiloader.com\/pt\/wp-json\/wp\/v2\/product"}],"about":[{"href":"https:\/\/chinaminiloader.com\/pt\/wp-json\/wp\/v2\/types\/product"}],"wp:featuredmedia":[{"embeddable":true,"href":"https:\/\/chinaminiloader.com\/pt\/wp-json\/wp\/v2\/media\/809"}],"wp:attachment":[{"href":"https:\/\/chinaminiloader.com\/pt\/wp-json\/wp\/v2\/media?parent=806"}],"wp:term":[{"taxonomy":"product_brand","embeddable":true,"href":"https:\/\/chinaminiloader.com\/pt\/wp-json\/wp\/v2\/product_brand?post=806"},{"taxonomy":"product_cat","embeddable":true,"href":"https:\/\/chinaminiloader.com\/pt\/wp-json\/wp\/v2\/product_cat?post=806"},{"taxonomy":"product_tag","embeddable":true,"href":"https:\/\/chinaminiloader.com\/pt\/wp-json\/wp\/v2\/product_tag?post=806"}],"curies":[{"name":"wp","href":"https:\/\/api.w.org\/{rel}","templated":true}]}}