{"id":792,"date":"2026-04-26T12:17:44","date_gmt":"2026-04-26T12:17:44","guid":{"rendered":"https:\/\/chinaminiloader.com\/?post_type=product&#038;p=792"},"modified":"2026-04-26T12:17:44","modified_gmt":"2026-04-26T12:17:44","slug":"compact-4x4-all-wheel-drive-diesel-loader-for-job-sites","status":"publish","type":"product","link":"https:\/\/chinaminiloader.com\/pt\/compact-4x4-all-wheel-drive-diesel-loader-for-job-sites\/","title":{"rendered":"Carregador a diesel compacto 4\u00d74 com tra\u00e7\u00e3o integral para locais de trabalho"},"content":{"rendered":"<p>Constru\u00edda para tarefas exigentes de manuseamento de materiais, esta carregadora a diesel com tra\u00e7\u00e3o integral 4\u00d74 combina tamanho compacto com pot\u00eancia de carga fi\u00e1vel. O balde frontal \u00e9 adequado para areia, terra, cascalho, ra\u00e7\u00e3o, detritos de constru\u00e7\u00e3o e outros materiais soltos, enquanto os pneus robustos ajudam a manter a tra\u00e7\u00e3o em terrenos irregulares. Os bra\u00e7os de eleva\u00e7\u00e3o hidr\u00e1ulicos permitem um funcionamento eficiente do balde e a posi\u00e7\u00e3o de condu\u00e7\u00e3o sentada proporciona aos operadores uma visibilidade clara para a frente. A sua estrutura compacta torna-o pr\u00e1tico para quintas, oficinas, armaz\u00e9ns, estaleiros de constru\u00e7\u00e3o e p\u00e1tios de f\u00e1bricas onde \u00e9 dif\u00edcil utilizar m\u00e1quinas maiores. Para distribuidores e empreiteiros, oferece uma solu\u00e7\u00e3o vers\u00e1til e econ\u00f3mica para as necessidades di\u00e1rias de trabalho de carga em todo o mundo.<\/p>","protected":false},"excerpt":{"rendered":"<p>Esta p\u00e1 carregadora compacta a diesel com tra\u00e7\u00e3o integral 4\u00d74 foi concebida para um carregamento eficiente, escava\u00e7\u00e3o e transfer\u00eancia de material a curta dist\u00e2ncia. O seu balde frontal, pneus robustos, bra\u00e7os de eleva\u00e7\u00e3o hidr\u00e1ulicos e assento do operador suportam um desempenho est\u00e1vel em quintas, armaz\u00e9ns, estaleiros de constru\u00e7\u00e3o, f\u00e1bricas e estaleiros compactos.<\/p>","protected":false},"featured_media":793,"template":"","meta":{"_gspb_post_css":""},"product_brand":[],"product_cat":[15,18],"product_tag":[170,28,42],"class_list":{"0":"post-792","1":"product","2":"type-product","3":"status-publish","4":"has-post-thumbnail","6":"product_cat-mini-loader","7":"product_cat-electric-mini-loader","8":"product_tag-4x4-diesel-loader","9":"product_tag-compact-wheel-loader","10":"product_tag-material-handling-equipment","12":"first","13":"instock","14":"shipping-taxable","15":"product-type-simple"},"_links":{"self":[{"href":"https:\/\/chinaminiloader.com\/pt\/wp-json\/wp\/v2\/product\/792","targetHints":{"allow":["GET"]}}],"collection":[{"href":"https:\/\/chinaminiloader.com\/pt\/wp-json\/wp\/v2\/product"}],"about":[{"href":"https:\/\/chinaminiloader.com\/pt\/wp-json\/wp\/v2\/types\/product"}],"wp:featuredmedia":[{"embeddable":true,"href":"https:\/\/chinaminiloader.com\/pt\/wp-json\/wp\/v2\/media\/793"}],"wp:attachment":[{"href":"https:\/\/chinaminiloader.com\/pt\/wp-json\/wp\/v2\/media?parent=792"}],"wp:term":[{"taxonomy":"product_brand","embeddable":true,"href":"https:\/\/chinaminiloader.com\/pt\/wp-json\/wp\/v2\/product_brand?post=792"},{"taxonomy":"product_cat","embeddable":true,"href":"https:\/\/chinaminiloader.com\/pt\/wp-json\/wp\/v2\/product_cat?post=792"},{"taxonomy":"product_tag","embeddable":true,"href":"https:\/\/chinaminiloader.com\/pt\/wp-json\/wp\/v2\/product_tag?post=792"}],"curies":[{"name":"wp","href":"https:\/\/api.w.org\/{rel}","templated":true}]}}