{"id":785,"date":"2026-04-26T12:12:29","date_gmt":"2026-04-26T12:12:29","guid":{"rendered":"https:\/\/chinaminiloader.com\/?post_type=product&#038;p=785"},"modified":"2026-04-26T12:12:29","modified_gmt":"2026-04-26T12:12:29","slug":"electric-4wd-mini-loader-for-construction-site-handling","status":"publish","type":"product","link":"https:\/\/chinaminiloader.com\/pt\/electric-4wd-mini-loader-for-construction-site-handling\/","title":{"rendered":"Mini-carregador el\u00e9trico 4WD para manuseamento em estaleiros de constru\u00e7\u00e3o"},"content":{"rendered":"<p>Esta mini-carregadora el\u00e9ctrica com tra\u00e7\u00e3o \u00e0s quatro rodas foi concebida para utilizadores que necessitam de uma solu\u00e7\u00e3o de manuseamento de materiais compacta, limpa e manobr\u00e1vel. O seu balde frontal permite carregar, transportar e despejar materiais soltos, como terra, areia, cascalho, ra\u00e7\u00e3o e detritos de constru\u00e7\u00e3o. O design da carro\u00e7aria de pequenas dimens\u00f5es ajuda os operadores a trabalhar em estaleiros estreitos, oficinas, quintas, armaz\u00e9ns e estaleiros de constru\u00e7\u00e3o onde as carregadoras de maiores dimens\u00f5es s\u00e3o dif\u00edceis de utilizar. Pneus robustos, controlos simples e uma disposi\u00e7\u00e3o pr\u00e1tica dos assentos melhoram a opera\u00e7\u00e3o di\u00e1ria e o conforto de manuseamento. Para f\u00e1bricas, empreiteiros e distribuidores, oferece uma op\u00e7\u00e3o de carregador vers\u00e1til para trabalhos ligeiros em estaleiros, transporte de curta dist\u00e2ncia e fornecimento de equipamento personalizado de fabrico chin\u00eas.<\/p>","protected":false},"excerpt":{"rendered":"<p>Este carregador el\u00e9trico compacto com tra\u00e7\u00e3o \u00e0s quatro rodas foi concebido para o manuseamento flex\u00edvel de materiais em quintas, armaz\u00e9ns, f\u00e1bricas e estaleiros de constru\u00e7\u00e3o. Com um balde dianteiro, pneus robustos, controlos simples e um pequeno raio de viragem, ajuda a movimentar facilmente solo, areia, gravilha e materiais de forma eficiente em \u00e1reas estreitas do estaleiro.<\/p>","protected":false},"featured_media":790,"template":"","meta":{"_gspb_post_css":""},"product_brand":[],"product_cat":[15,17],"product_tag":[169,168,42],"class_list":{"0":"post-785","1":"product","2":"type-product","3":"status-publish","4":"has-post-thumbnail","6":"product_cat-mini-loader","7":"product_cat-diesel-mini-loader","8":"product_tag-compact-mini-loader","9":"product_tag-electric-4wd-loader","10":"product_tag-material-handling-equipment","12":"first","13":"instock","14":"shipping-taxable","15":"product-type-simple"},"_links":{"self":[{"href":"https:\/\/chinaminiloader.com\/pt\/wp-json\/wp\/v2\/product\/785","targetHints":{"allow":["GET"]}}],"collection":[{"href":"https:\/\/chinaminiloader.com\/pt\/wp-json\/wp\/v2\/product"}],"about":[{"href":"https:\/\/chinaminiloader.com\/pt\/wp-json\/wp\/v2\/types\/product"}],"wp:featuredmedia":[{"embeddable":true,"href":"https:\/\/chinaminiloader.com\/pt\/wp-json\/wp\/v2\/media\/790"}],"wp:attachment":[{"href":"https:\/\/chinaminiloader.com\/pt\/wp-json\/wp\/v2\/media?parent=785"}],"wp:term":[{"taxonomy":"product_brand","embeddable":true,"href":"https:\/\/chinaminiloader.com\/pt\/wp-json\/wp\/v2\/product_brand?post=785"},{"taxonomy":"product_cat","embeddable":true,"href":"https:\/\/chinaminiloader.com\/pt\/wp-json\/wp\/v2\/product_cat?post=785"},{"taxonomy":"product_tag","embeddable":true,"href":"https:\/\/chinaminiloader.com\/pt\/wp-json\/wp\/v2\/product_tag?post=785"}],"curies":[{"name":"wp","href":"https:\/\/api.w.org\/{rel}","templated":true}]}}