{"id":733,"date":"2026-04-26T10:44:45","date_gmt":"2026-04-26T10:44:45","guid":{"rendered":"https:\/\/chinaminiloader.com\/?post_type=product&#038;p=733"},"modified":"2026-04-26T10:44:45","modified_gmt":"2026-04-26T10:44:45","slug":"compact-electric-wheel-loader-with-bucket-and-forklift-arm","status":"publish","type":"product","link":"https:\/\/chinaminiloader.com\/pt\/compact-electric-wheel-loader-with-bucket-and-forklift-arm\/","title":{"rendered":"Carregadora de rodas el\u00e9ctrica compacta com balde e bra\u00e7o de empilhador"},"content":{"rendered":"<p>Esta nova carregadora de rodas el\u00e9ctrica de energia \u00e9 uma m\u00e1quina compacta de manuseamento de materiais para utilizadores que necessitam de um carregamento eficiente em espa\u00e7os limitados. A carro\u00e7aria ecol\u00f3gica, os pneus robustos, o bra\u00e7o de eleva\u00e7\u00e3o hidr\u00e1ulico, o balde frontal e o acess\u00f3rio tipo forquilha tornam-na pr\u00e1tica para movimentar terra, areia, ra\u00e7\u00f5es, paletes, materiais de constru\u00e7\u00e3o e bens de armaz\u00e9m. A sua conce\u00e7\u00e3o de energia el\u00e9ctrica ajuda a reduzir as emiss\u00f5es de gases de escape e apoia uma opera\u00e7\u00e3o mais limpa em quintas, f\u00e1bricas, estaleiros e \u00e1reas de trabalho interiores e exteriores. A posi\u00e7\u00e3o de condu\u00e7\u00e3o aberta d\u00e1 aos operadores uma visibilidade clara, enquanto a curta dist\u00e2ncia entre eixos permite uma viragem f\u00e1cil. \u00c9 adequada para distribuidores, empreiteiros, empresas de aluguer e compradores que necessitem de uma solu\u00e7\u00e3o vers\u00e1til para pequenas carregadoras.<\/p>","protected":false},"excerpt":{"rendered":"<p>Esta carregadora de rodas el\u00e9ctrica compacta de energia nova foi concebida para carregamento flex\u00edvel, eleva\u00e7\u00e3o, escava\u00e7\u00e3o e transporte de curta dist\u00e2ncia. Com uma lan\u00e7a hidr\u00e1ulica, balde frontal e op\u00e7\u00e3o de acess\u00f3rio tipo empilhador, adequa-se a quintas, armaz\u00e9ns, pequenos estaleiros de constru\u00e7\u00e3o, f\u00e1bricas, estaleiros e tarefas de manuseamento tamb\u00e9m.<\/p>","protected":false},"featured_media":728,"template":"","meta":{"_gspb_post_css":""},"product_brand":[],"product_cat":[15,17],"product_tag":[57,55,42],"class_list":{"0":"post-733","1":"product","2":"type-product","3":"status-publish","4":"has-post-thumbnail","6":"product_cat-mini-loader","7":"product_cat-diesel-mini-loader","8":"product_tag-compact-loader","9":"product_tag-electric-wheel-loader","10":"product_tag-material-handling-equipment","12":"first","13":"instock","14":"shipping-taxable","15":"product-type-simple"},"_links":{"self":[{"href":"https:\/\/chinaminiloader.com\/pt\/wp-json\/wp\/v2\/product\/733","targetHints":{"allow":["GET"]}}],"collection":[{"href":"https:\/\/chinaminiloader.com\/pt\/wp-json\/wp\/v2\/product"}],"about":[{"href":"https:\/\/chinaminiloader.com\/pt\/wp-json\/wp\/v2\/types\/product"}],"wp:featuredmedia":[{"embeddable":true,"href":"https:\/\/chinaminiloader.com\/pt\/wp-json\/wp\/v2\/media\/728"}],"wp:attachment":[{"href":"https:\/\/chinaminiloader.com\/pt\/wp-json\/wp\/v2\/media?parent=733"}],"wp:term":[{"taxonomy":"product_brand","embeddable":true,"href":"https:\/\/chinaminiloader.com\/pt\/wp-json\/wp\/v2\/product_brand?post=733"},{"taxonomy":"product_cat","embeddable":true,"href":"https:\/\/chinaminiloader.com\/pt\/wp-json\/wp\/v2\/product_cat?post=733"},{"taxonomy":"product_tag","embeddable":true,"href":"https:\/\/chinaminiloader.com\/pt\/wp-json\/wp\/v2\/product_tag?post=733"}],"curies":[{"name":"wp","href":"https:\/\/api.w.org\/{rel}","templated":true}]}}