{"id":717,"date":"2026-04-26T10:38:22","date_gmt":"2026-04-26T10:38:22","guid":{"rendered":"https:\/\/chinaminiloader.com\/?post_type=product&#038;p=717"},"modified":"2026-04-26T11:26:16","modified_gmt":"2026-04-26T11:26:16","slug":"customizable-hydraulic-freight-elevator-for-warehouse-cargo","status":"publish","type":"product","link":"https:\/\/chinaminiloader.com\/pt\/customizable-hydraulic-freight-elevator-for-warehouse-cargo\/","title":{"rendered":"Elevador de carga hidr\u00e1ulico personaliz\u00e1vel para cargas de armaz\u00e9m"},"content":{"rendered":"<p>O nosso monta-cargas hidr\u00e1ulico personaliz\u00e1vel proporciona uma solu\u00e7\u00e3o pr\u00e1tica de eleva\u00e7\u00e3o vertical para o manuseamento de materiais industriais. Constru\u00eddo com uma estrutura de a\u00e7o refor\u00e7ado, cilindro hidr\u00e1ulico, guia de corrente e plataforma protegida, ajuda a mover mercadorias entre pisos ou n\u00edveis de carga com um desempenho est\u00e1vel. O compartimento de carga aberto permite um carregamento conveniente por porta-paletes, carrinho ou manuseamento manual. Adequado para armaz\u00e9ns, f\u00e1bricas, oficinas, centros de log\u00edstica e locais de constru\u00e7\u00e3o, o elevador pode ser personalizado pelo tamanho da plataforma, altura de eleva\u00e7\u00e3o, capacidade de carga, cor e op\u00e7\u00f5es de controlo. Como uma f\u00e1brica chinesa, apoiamos a produ\u00e7\u00e3o OEM, pre\u00e7os competitivos e equipamento fi\u00e1vel para uma transfer\u00eancia de carga di\u00e1ria eficiente e segura em todo o mundo.<\/p>","protected":false},"excerpt":{"rendered":"<p>Este elevador de carga hidr\u00e1ulico personaliz\u00e1vel foi concebido para o transporte vertical de carga em f\u00e1bricas, armaz\u00e9ns, oficinas e \u00e1reas de constru\u00e7\u00e3o. O seu mastro de a\u00e7o refor\u00e7ado, a plataforma est\u00e1vel, as grades de prote\u00e7\u00e3o de seguran\u00e7a e o sistema de eleva\u00e7\u00e3o hidr\u00e1ulico permitem cargas e descargas r\u00e1pidas e um manuseamento de materiais mais seguro.<\/p>","protected":false},"featured_media":722,"template":"","meta":{"_gspb_post_css":""},"product_brand":[],"product_cat":[19,21],"product_tag":[50,42,162],"class_list":{"0":"post-717","1":"product","2":"type-product","3":"status-publish","4":"has-post-thumbnail","6":"product_cat-freight-elevator","7":"product_cat-hydraulic-freight-elevator","8":"product_tag-hydraulic-freight-elevator","9":"product_tag-material-handling-equipment","10":"product_tag-warehouse-cargo-lift","12":"first","13":"instock","14":"shipping-taxable","15":"product-type-simple"},"_links":{"self":[{"href":"https:\/\/chinaminiloader.com\/pt\/wp-json\/wp\/v2\/product\/717","targetHints":{"allow":["GET"]}}],"collection":[{"href":"https:\/\/chinaminiloader.com\/pt\/wp-json\/wp\/v2\/product"}],"about":[{"href":"https:\/\/chinaminiloader.com\/pt\/wp-json\/wp\/v2\/types\/product"}],"wp:featuredmedia":[{"embeddable":true,"href":"https:\/\/chinaminiloader.com\/pt\/wp-json\/wp\/v2\/media\/722"}],"wp:attachment":[{"href":"https:\/\/chinaminiloader.com\/pt\/wp-json\/wp\/v2\/media?parent=717"}],"wp:term":[{"taxonomy":"product_brand","embeddable":true,"href":"https:\/\/chinaminiloader.com\/pt\/wp-json\/wp\/v2\/product_brand?post=717"},{"taxonomy":"product_cat","embeddable":true,"href":"https:\/\/chinaminiloader.com\/pt\/wp-json\/wp\/v2\/product_cat?post=717"},{"taxonomy":"product_tag","embeddable":true,"href":"https:\/\/chinaminiloader.com\/pt\/wp-json\/wp\/v2\/product_tag?post=717"}],"curies":[{"name":"wp","href":"https:\/\/api.w.org\/{rel}","templated":true}]}}