{"id":708,"date":"2026-04-26T10:33:26","date_gmt":"2026-04-26T10:33:26","guid":{"rendered":"https:\/\/chinaminiloader.com\/?post_type=product&#038;p=708"},"modified":"2026-04-26T11:22:25","modified_gmt":"2026-04-26T11:22:25","slug":"floor-to-floor-goods-lift-for-warehouse-material-handling","status":"publish","type":"product","link":"https:\/\/chinaminiloader.com\/pt\/floor-to-floor-goods-lift-for-warehouse-material-handling\/","title":{"rendered":"Elevador de mercadorias do ch\u00e3o ao ch\u00e3o para manuseamento de materiais em armaz\u00e9ns"},"content":{"rendered":"<p>O nosso elevador de mercadorias do ch\u00e3o ao ch\u00e3o \u00e9 constru\u00eddo para a transfer\u00eancia de carga vertical eficiente em armaz\u00e9ns, f\u00e1bricas, oficinas e locais de constru\u00e7\u00e3o. O equipamento adopta uma estrutura de guia de a\u00e7o refor\u00e7ado, acionamento de guincho el\u00e9trico, plataforma de carga espa\u00e7osa, e guarda-corpos de prote\u00e7\u00e3o para mover materiais entre diferentes n\u00edveis sem problemas. Em compara\u00e7\u00e3o com o manuseamento manual, melhora a efici\u00eancia do carregamento, reduz a intensidade do trabalho e suporta uma opera\u00e7\u00e3o mais segura apenas de mercadorias. A plataforma pode ser instalada ao lado de paredes, mezaninos, ou \u00e1reas de produ\u00e7\u00e3o, com altura de eleva\u00e7\u00e3o personaliz\u00e1vel, tamanho da plataforma, capacidade de carga, tens\u00e3o e m\u00e9todo de controlo. Como fabricante chin\u00eas, fornecemos pre\u00e7os diretos da f\u00e1brica, suporte OEM e solu\u00e7\u00f5es pr\u00e1ticas para projectos de manuseamento de materiais industriais em todo o mundo.<\/p>","protected":false},"excerpt":{"rendered":"<p>Este elevador de mercadorias do ch\u00e3o ao ch\u00e3o movimenta a carga entre a oficina, o armaz\u00e9m, a mezzanine e os n\u00edveis de constru\u00e7\u00e3o. Tem uma estrutura de guia de a\u00e7o, guincho el\u00e9trico, plataforma antiderrapante e guarda-corpos para uma transfer\u00eancia vertical est\u00e1vel de material. O tamanho da plataforma, a altura de eleva\u00e7\u00e3o, a capacidade de carga e a pot\u00eancia podem ser personalizados.<\/p>","protected":false},"featured_media":710,"template":"","meta":{"_gspb_post_css":""},"product_brand":[],"product_cat":[19,20],"product_tag":[161,58,60],"class_list":{"0":"post-708","1":"product","2":"type-product","3":"status-publish","4":"has-post-thumbnail","6":"product_cat-freight-elevator","7":"product_cat-electric-freight-elevator","8":"product_tag-floor-to-floor-goods-lift","9":"product_tag-material-handling-lift","10":"product_tag-warehouse-freight-elevator","12":"first","13":"instock","14":"shipping-taxable","15":"product-type-simple"},"_links":{"self":[{"href":"https:\/\/chinaminiloader.com\/pt\/wp-json\/wp\/v2\/product\/708","targetHints":{"allow":["GET"]}}],"collection":[{"href":"https:\/\/chinaminiloader.com\/pt\/wp-json\/wp\/v2\/product"}],"about":[{"href":"https:\/\/chinaminiloader.com\/pt\/wp-json\/wp\/v2\/types\/product"}],"wp:featuredmedia":[{"embeddable":true,"href":"https:\/\/chinaminiloader.com\/pt\/wp-json\/wp\/v2\/media\/710"}],"wp:attachment":[{"href":"https:\/\/chinaminiloader.com\/pt\/wp-json\/wp\/v2\/media?parent=708"}],"wp:term":[{"taxonomy":"product_brand","embeddable":true,"href":"https:\/\/chinaminiloader.com\/pt\/wp-json\/wp\/v2\/product_brand?post=708"},{"taxonomy":"product_cat","embeddable":true,"href":"https:\/\/chinaminiloader.com\/pt\/wp-json\/wp\/v2\/product_cat?post=708"},{"taxonomy":"product_tag","embeddable":true,"href":"https:\/\/chinaminiloader.com\/pt\/wp-json\/wp\/v2\/product_tag?post=708"}],"curies":[{"name":"wp","href":"https:\/\/api.w.org\/{rel}","templated":true}]}}