{"id":687,"date":"2026-04-26T10:10:49","date_gmt":"2026-04-26T10:10:49","guid":{"rendered":"https:\/\/chinaminiloader.com\/?post_type=product&#038;p=687"},"modified":"2026-04-26T11:21:21","modified_gmt":"2026-04-26T11:21:21","slug":"small-rail-guided-cargo-lift-for-warehouse-material-handling","status":"publish","type":"product","link":"https:\/\/chinaminiloader.com\/pt\/small-rail-guided-cargo-lift-for-warehouse-material-handling\/","title":{"rendered":"Pequeno elevador de carga guiado por carris para manuseamento de materiais em armaz\u00e9ns"},"content":{"rendered":"<p>O nosso pequeno elevador guiado por carris proporciona uma solu\u00e7\u00e3o pr\u00e1tica de transporte vertical para oficinas, armaz\u00e9ns, f\u00e1bricas e \u00e1reas de constru\u00e7\u00e3o. Constru\u00eddo com uma estrutura de guia r\u00edgida em a\u00e7o e uma plataforma de carga fechada, ajuda a mover mercadorias entre pisos onde um elevador de carga de tamanho normal n\u00e3o \u00e9 necess\u00e1rio. O sistema de eleva\u00e7\u00e3o el\u00e9ctrica proporciona uma eleva\u00e7\u00e3o suave, enquanto o controlo remoto port\u00e1til melhora a comodidade de opera\u00e7\u00e3o a partir de uma posi\u00e7\u00e3o segura. A sua pegada compacta, design de plataforma aberta e estrutura personaliz\u00e1vel tornam-no adequado para caixas de cart\u00e3o, ferramentas, componentes e materiais industriais ligeiros. Como fornecedor de f\u00e1brica, podemos suportar requisitos personalizados de tamanho da plataforma, altura de eleva\u00e7\u00e3o, capacidade de carga, configura\u00e7\u00e3o de pot\u00eancia e acabamento da superf\u00edcie.<\/p>","protected":false},"excerpt":{"rendered":"<p>Este elevador de carga compacto guiado por carris foi concebido para o transporte vertical eficiente de materiais em f\u00e1bricas, armaz\u00e9ns e locais de trabalho. A plataforma de a\u00e7o, a estrutura de carris de guia, o guincho el\u00e9trico e o controlo remoto permitem uma eleva\u00e7\u00e3o est\u00e1vel, uma opera\u00e7\u00e3o simples e uma carga personaliz\u00e1vel para pequenos trabalhos de manuseamento de carga.<\/p>","protected":false},"featured_media":685,"template":"","meta":{"_gspb_post_css":""},"product_brand":[],"product_cat":[19,20],"product_tag":[44,58,157],"class_list":{"0":"post-687","1":"product","2":"type-product","3":"status-publish","4":"has-post-thumbnail","6":"product_cat-freight-elevator","7":"product_cat-electric-freight-elevator","8":"product_tag-construction-platform","9":"product_tag-material-handling-lift","10":"product_tag-rail-guided-cargo-lift","12":"first","13":"instock","14":"shipping-taxable","15":"product-type-simple"},"_links":{"self":[{"href":"https:\/\/chinaminiloader.com\/pt\/wp-json\/wp\/v2\/product\/687","targetHints":{"allow":["GET"]}}],"collection":[{"href":"https:\/\/chinaminiloader.com\/pt\/wp-json\/wp\/v2\/product"}],"about":[{"href":"https:\/\/chinaminiloader.com\/pt\/wp-json\/wp\/v2\/types\/product"}],"wp:featuredmedia":[{"embeddable":true,"href":"https:\/\/chinaminiloader.com\/pt\/wp-json\/wp\/v2\/media\/685"}],"wp:attachment":[{"href":"https:\/\/chinaminiloader.com\/pt\/wp-json\/wp\/v2\/media?parent=687"}],"wp:term":[{"taxonomy":"product_brand","embeddable":true,"href":"https:\/\/chinaminiloader.com\/pt\/wp-json\/wp\/v2\/product_brand?post=687"},{"taxonomy":"product_cat","embeddable":true,"href":"https:\/\/chinaminiloader.com\/pt\/wp-json\/wp\/v2\/product_cat?post=687"},{"taxonomy":"product_tag","embeddable":true,"href":"https:\/\/chinaminiloader.com\/pt\/wp-json\/wp\/v2\/product_tag?post=687"}],"curies":[{"name":"wp","href":"https:\/\/api.w.org\/{rel}","templated":true}]}}