{"id":648,"date":"2026-04-26T08:13:37","date_gmt":"2026-04-26T08:13:37","guid":{"rendered":"https:\/\/chinaminiloader.com\/?post_type=product&#038;p=648"},"modified":"2026-04-26T08:13:37","modified_gmt":"2026-04-26T08:13:37","slug":"remote-controlled-masonry-lifting-work-platform-lift","status":"publish","type":"product","link":"https:\/\/chinaminiloader.com\/pt\/remote-controlled-masonry-lifting-work-platform-lift\/","title":{"rendered":"Plataforma elevat\u00f3ria de trabalho de alvenaria com controlo remoto"},"content":{"rendered":"<p>A nossa plataforma de trabalho de eleva\u00e7\u00e3o de alvenaria com controlo remoto foi especialmente concebida para transportar tijolos, blocos de bet\u00e3o e materiais de constru\u00e7\u00e3o pesados para \u00e1reas de trabalho elevadas de forma segura e eficiente. Equipada com um sistema de eleva\u00e7\u00e3o de mastro duplo, a plataforma proporciona excelente estabilidade, forte capacidade de carga e movimento vertical suave. A opera\u00e7\u00e3o de controlo remoto sem fios reduz o trabalho manual e melhora a seguran\u00e7a no local de trabalho. \u00c9 amplamente utilizada na constru\u00e7\u00e3o de edif\u00edcios, projectos de alvenaria, carregamento de armaz\u00e9ns e manuseamento de materiais industriais. Com uma constru\u00e7\u00e3o em a\u00e7o dur\u00e1vel, f\u00e1cil mobilidade e tamanho de plataforma personaliz\u00e1vel, esta plataforma de eleva\u00e7\u00e3o \u00e9 a solu\u00e7\u00e3o ideal para as necessidades modernas de constru\u00e7\u00e3o e transporte de materiais.<\/p>","protected":false},"excerpt":{"rendered":"<p>Esta plataforma de eleva\u00e7\u00e3o de alvenaria com controlo remoto foi concebida para um manuseamento eficiente de tijolos, blocos e materiais de constru\u00e7\u00e3o em locais de trabalho elevados. Com eleva\u00e7\u00e3o de mastro duplo, estrutura est\u00e1vel e opera\u00e7\u00e3o remota f\u00e1cil, melhora a seguran\u00e7a, a efici\u00eancia do trabalho e a produtividade da constru\u00e7\u00e3o.<\/p>","protected":false},"featured_media":654,"template":"","meta":{"_gspb_post_css":""},"product_brand":[],"product_cat":[22,24],"product_tag":[40,91,153],"class_list":{"0":"post-648","1":"product","2":"type-product","3":"status-publish","4":"has-post-thumbnail","6":"product_cat-lift-platform","7":"product_cat-masonry-lifting-platform","8":"product_tag-masonry-lifting-platform","9":"product_tag-material-lifting-platform","10":"product_tag-remote-control-construction-lift","12":"first","13":"instock","14":"shipping-taxable","15":"product-type-simple"},"_links":{"self":[{"href":"https:\/\/chinaminiloader.com\/pt\/wp-json\/wp\/v2\/product\/648","targetHints":{"allow":["GET"]}}],"collection":[{"href":"https:\/\/chinaminiloader.com\/pt\/wp-json\/wp\/v2\/product"}],"about":[{"href":"https:\/\/chinaminiloader.com\/pt\/wp-json\/wp\/v2\/types\/product"}],"wp:featuredmedia":[{"embeddable":true,"href":"https:\/\/chinaminiloader.com\/pt\/wp-json\/wp\/v2\/media\/654"}],"wp:attachment":[{"href":"https:\/\/chinaminiloader.com\/pt\/wp-json\/wp\/v2\/media?parent=648"}],"wp:term":[{"taxonomy":"product_brand","embeddable":true,"href":"https:\/\/chinaminiloader.com\/pt\/wp-json\/wp\/v2\/product_brand?post=648"},{"taxonomy":"product_cat","embeddable":true,"href":"https:\/\/chinaminiloader.com\/pt\/wp-json\/wp\/v2\/product_cat?post=648"},{"taxonomy":"product_tag","embeddable":true,"href":"https:\/\/chinaminiloader.com\/pt\/wp-json\/wp\/v2\/product_tag?post=648"}],"curies":[{"name":"wp","href":"https:\/\/api.w.org\/{rel}","templated":true}]}}