{"id":634,"date":"2026-04-26T07:57:30","date_gmt":"2026-04-26T07:57:30","guid":{"rendered":"https:\/\/chinaminiloader.com\/?post_type=product&#038;p=634"},"modified":"2026-04-26T07:57:30","modified_gmt":"2026-04-26T07:57:30","slug":"mobile-double-mast-hydraulic-aerial-work-platform-lift","status":"publish","type":"product","link":"https:\/\/chinaminiloader.com\/pt\/mobile-double-mast-hydraulic-aerial-work-platform-lift\/","title":{"rendered":"Plataforma elevat\u00f3ria de trabalho a\u00e9reo hidr\u00e1ulica de duplo mastro m\u00f3vel"},"content":{"rendered":"<div class=\"flex max-w-full flex-col gap-4 grow\">\n<div class=\"min-h-8 text-message relative flex w-full flex-col items-end gap-2 text-start break-words whitespace-normal outline-none keyboard-focused:focus-ring [.text-message+&amp;]:mt-1\" dir=\"auto\" tabindex=\"0\" data-message-author-role=\"assistant\" data-message-id=\"a6d2993a-8e17-44f8-be0c-93e9b84bb4ab\" data-message-model-slug=\"gpt-5-3\" data-turn-start-message=\"true\">\n<div class=\"flex w-full flex-col gap-1 empty:hidden\">\n<div class=\"markdown prose dark:prose-invert w-full wrap-break-word light markdown-new-styling\">\n<ol data-start=\"0\" data-end=\"1416\" data-is-last-node=\"\" data-is-only-node=\"\">\n<li data-section-id=\"195fiqz\" data-start=\"714\" data-end=\"1416\" data-is-last-node=\"\"><span dir=\"auto\" style=\"vertical-align: inherit;\"><span dir=\"auto\" style=\"vertical-align: inherit;\">\u6211\u4eec\u7684\u79fb\u52a8\u5f0f\u53cc\u6845\u6db2\u538b\u9ad8\u7a7a\u4f5c\u4e1a\u5e73\u53f0\u4e13\u4e3a\u5efa\u7b51\u5de5\u5730\u3001\u4ed3\u5e93\u3001\u5de5\u5382\u548c\u7ef4\u62a4\u4f5c\u4e1a\u7b49\u9ad8\u96be\u5ea6\u8d77\u91cd\u4efb\u52a1\u800c\u8bbe\u8ba1\u3002\u5b83\u91c7\u7528\u575a\u56fa\u7684\u94a2\u7ed3\u6784\u548c\u53cc\u6845\u6746\u8bbe\u8ba1\uff0c\u786e\u4fdd\u4e86\u5353\u8d8a\u7684\u7a33\u5b9a\u6027\u548c\u66f4\u9ad8\u7684\u8d77\u91cd\u6548\u7387\u3002\u5bbd\u655e\u7684\u5de5\u4f5c\u5e73\u53f0\u53ef\u4f9b\u591a\u540d\u5de5\u4eba\u548c\u5de5\u5177\u540c\u65f6\u5728\u9ad8\u7a7a\u5b89\u5168\u4f5c\u4e1a\u3002\u914d\u5907\u8010\u7528\u7684\u8f6e\u5b50\u548c\u7a33\u5b9a\u652f\u817f\uff0c\u8be5\u5e73\u53f0\u79fb\u52a8\u4fbf\u6377\uff0c\u4f5c\u4e1a\u5b89\u5168\u53ef\u9760\u3002\u51ed\u501f\u5e73\u7a33\u7684\u6db2\u538b\u5347\u964d\u3001\u7b80\u6613\u7684\u64cd\u4f5c\u548c\u53ef\u9760\u7684\u5b89\u5168\u7cfb\u7edf\uff0c\u8be5\u5e73\u53f0\u662f\u9ad8\u7a7a\u5b89\u88c5\u3001\u7ef4\u4fee\u548c\u7269\u6599\u642c\u8fd0\u4f5c\u4e1a\u7684\u7406\u60f3\u4e4b\u9009\u3002<\/span><\/span><\/li>\n<\/ol>\n<\/div>\n<\/div>\n<\/div>\n<\/div>\n<div class=\"z-0 flex min-h-[46px] justify-start\"><\/div>\n<div class=\"pointer-events-none -mb-px h-px w-full opacity-0\" aria-hidden=\"true\" data-testid=\"bazaar-late-ads-slot-observer\"><\/div>\n","protected":false},"excerpt":{"rendered":"<p><span dir=\"auto\" style=\"vertical-align: inherit;\"><span dir=\"auto\" style=\"vertical-align: inherit;\">\u8fd9\u6b3e\u79fb\u52a8\u5f0f\u53cc\u6845\u6db2\u538b\u9ad8\u7a7a\u4f5c\u4e1a\u5e73\u53f0\u4e13\u4e3a\u5b89\u5168\u9ad8\u6548\u7684\u9ad8\u7a7a\u4f5c\u4e1a\u800c\u8bbe\u8ba1\u3002\u5b83\u9002\u7528\u4e8e\u4ed3\u5e93\u7ef4\u62a4\u3001\u5efa\u7b51\u65bd\u5de5\u3001\u5b89\u88c5\u4f5c\u4e1a\u548c\u5de5\u4e1a\u7528\u9014\uff0c\u5177\u6709\u5347\u964d\u7a33\u5b9a\u3001\u627f\u8f7d\u80fd\u529b\u5f3a\u3001\u79fb\u52a8\u65b9\u4fbf\u548c\u5b89\u5168\u9632\u62a4\u53ef\u9760\u7b49\u4f18\u70b9\u3002<\/span><\/span><\/p>","protected":false},"featured_media":640,"template":"","meta":{"_gspb_post_css":""},"product_brand":[],"product_cat":[22,24],"product_tag":[135,151,148],"class_list":{"0":"post-634","1":"product","2":"type-product","3":"status-publish","4":"has-post-thumbnail","6":"product_cat-lift-platform","7":"product_cat-masonry-lifting-platform","8":"product_tag-aerial-work-platform","9":"product_tag-double-mast-lift","10":"product_tag-hydraulic-lifting-platform","12":"first","13":"instock","14":"shipping-taxable","15":"product-type-simple"},"_links":{"self":[{"href":"https:\/\/chinaminiloader.com\/pt\/wp-json\/wp\/v2\/product\/634","targetHints":{"allow":["GET"]}}],"collection":[{"href":"https:\/\/chinaminiloader.com\/pt\/wp-json\/wp\/v2\/product"}],"about":[{"href":"https:\/\/chinaminiloader.com\/pt\/wp-json\/wp\/v2\/types\/product"}],"wp:featuredmedia":[{"embeddable":true,"href":"https:\/\/chinaminiloader.com\/pt\/wp-json\/wp\/v2\/media\/640"}],"wp:attachment":[{"href":"https:\/\/chinaminiloader.com\/pt\/wp-json\/wp\/v2\/media?parent=634"}],"wp:term":[{"taxonomy":"product_brand","embeddable":true,"href":"https:\/\/chinaminiloader.com\/pt\/wp-json\/wp\/v2\/product_brand?post=634"},{"taxonomy":"product_cat","embeddable":true,"href":"https:\/\/chinaminiloader.com\/pt\/wp-json\/wp\/v2\/product_cat?post=634"},{"taxonomy":"product_tag","embeddable":true,"href":"https:\/\/chinaminiloader.com\/pt\/wp-json\/wp\/v2\/product_tag?post=634"}],"curies":[{"name":"wp","href":"https:\/\/api.w.org\/{rel}","templated":true}]}}