{"id":63,"date":"2026-04-24T08:49:08","date_gmt":"2026-04-24T08:49:08","guid":{"rendered":"https:\/\/chinaminiloader.com\/?post_type=product&#038;p=63"},"modified":"2026-04-26T11:12:51","modified_gmt":"2026-04-26T11:12:51","slug":"high-quality-masonry-lifting-platform-for-efficient-material-handling","status":"publish","type":"product","link":"https:\/\/chinaminiloader.com\/pt\/high-quality-masonry-lifting-platform-for-efficient-material-handling\/","title":{"rendered":"Plataforma de eleva\u00e7\u00e3o de alvenaria de alta qualidade para um manuseamento eficiente de materiais"},"content":{"rendered":"<p>Esta plataforma de eleva\u00e7\u00e3o para alvenaria foi concebida para um elevado desempenho e seguran\u00e7a em aplica\u00e7\u00f5es de constru\u00e7\u00e3o e manuseamento de materiais. Concebida com estruturas de a\u00e7o robustas, permite elevar facilmente materiais pesados at\u00e9 \u00e0s alturas necess\u00e1rias. Perfeita para v\u00e1rias tarefas de constru\u00e7\u00e3o, proporciona uma plataforma est\u00e1vel e segura para garantir opera\u00e7\u00f5es suaves e produtivas nos locais de trabalho. Equipada com carater\u00edsticas avan\u00e7adas, como a f\u00e1cil mobilidade e o controlo ajust\u00e1vel da altura, esta plataforma aumenta a seguran\u00e7a dos trabalhadores e a produtividade no local de trabalho. Com um enfoque na durabilidade, \u00e9 uma excelente escolha para todas as necessidades de constru\u00e7\u00e3o, oferecendo um desempenho duradouro em ambientes exigentes.<\/p>","protected":false},"excerpt":{"rendered":"<p>As nossas plataformas elevat\u00f3rias para alvenaria s\u00e3o concebidas para melhorar a efici\u00eancia em ambientes de constru\u00e7\u00e3o. Estas plataformas para trabalhos pesados asseguram o manuseamento seguro de materiais, oferecendo uma solu\u00e7\u00e3o fi\u00e1vel para o transporte de materiais para altitudes elevadas. Concebidas para serem dur\u00e1veis e f\u00e1ceis de utilizar, s\u00e3o ideais para estaleiros de constru\u00e7\u00e3o.<\/p>","protected":false},"featured_media":742,"template":"","meta":{"_gspb_post_css":""},"product_brand":[],"product_cat":[22,24],"product_tag":[41,40,42],"class_list":{"0":"post-63","1":"product","2":"type-product","3":"status-publish","4":"has-post-thumbnail","6":"product_cat-lift-platform","7":"product_cat-masonry-lifting-platform","8":"product_tag-construction-elevator","9":"product_tag-masonry-lifting-platform","10":"product_tag-material-handling-equipment","12":"first","13":"instock","14":"shipping-taxable","15":"product-type-simple"},"_links":{"self":[{"href":"https:\/\/chinaminiloader.com\/pt\/wp-json\/wp\/v2\/product\/63","targetHints":{"allow":["GET"]}}],"collection":[{"href":"https:\/\/chinaminiloader.com\/pt\/wp-json\/wp\/v2\/product"}],"about":[{"href":"https:\/\/chinaminiloader.com\/pt\/wp-json\/wp\/v2\/types\/product"}],"wp:featuredmedia":[{"embeddable":true,"href":"https:\/\/chinaminiloader.com\/pt\/wp-json\/wp\/v2\/media\/742"}],"wp:attachment":[{"href":"https:\/\/chinaminiloader.com\/pt\/wp-json\/wp\/v2\/media?parent=63"}],"wp:term":[{"taxonomy":"product_brand","embeddable":true,"href":"https:\/\/chinaminiloader.com\/pt\/wp-json\/wp\/v2\/product_brand?post=63"},{"taxonomy":"product_cat","embeddable":true,"href":"https:\/\/chinaminiloader.com\/pt\/wp-json\/wp\/v2\/product_cat?post=63"},{"taxonomy":"product_tag","embeddable":true,"href":"https:\/\/chinaminiloader.com\/pt\/wp-json\/wp\/v2\/product_tag?post=63"}],"curies":[{"name":"wp","href":"https:\/\/api.w.org\/{rel}","templated":true}]}}