{"id":620,"date":"2026-04-26T07:32:21","date_gmt":"2026-04-26T07:32:21","guid":{"rendered":"https:\/\/chinaminiloader.com\/?post_type=product&#038;p=620"},"modified":"2026-04-26T10:50:57","modified_gmt":"2026-04-26T10:50:57","slug":"hydraulic-masonry-lifting-platform-for-construction-use","status":"publish","type":"product","link":"https:\/\/chinaminiloader.com\/pt\/hydraulic-masonry-lifting-platform-for-construction-use\/","title":{"rendered":"Plataforma elevat\u00f3ria de alvenaria hidr\u00e1ulica para utiliza\u00e7\u00e3o na constru\u00e7\u00e3o"},"content":{"rendered":"<p>A nossa plataforma elevat\u00f3ria de alvenaria hidr\u00e1ulica foi especialmente desenvolvida para locais de constru\u00e7\u00e3o que requerem uma eleva\u00e7\u00e3o segura e eficiente de tijolos, blocos de bet\u00e3o e materiais de constru\u00e7\u00e3o pesados. A estrutura de mastro duplo assegura uma forte estabilidade e um desempenho de eleva\u00e7\u00e3o equilibrado, enquanto o sistema de acionamento hidr\u00e1ulico proporciona um funcionamento suave e fi\u00e1vel. Equipado com uma plataforma de trabalho espa\u00e7osa, guarda-corpos de seguran\u00e7a e rodas m\u00f3veis para f\u00e1cil desloca\u00e7\u00e3o, este equipamento reduz significativamente a intensidade do trabalho e melhora a produtividade. \u00c9 ideal para trabalhos de alvenaria, carregamento de armaz\u00e9ns, manuten\u00e7\u00e3o de edif\u00edcios e v\u00e1rias aplica\u00e7\u00f5es de eleva\u00e7\u00e3o industrial. A constru\u00e7\u00e3o duradoura e o funcionamento simples fazem dele uma escolha de confian\u00e7a para empreiteiros de todo o mundo.<\/p>","protected":false},"excerpt":{"rendered":"<p>Esta plataforma de eleva\u00e7\u00e3o hidr\u00e1ulica para alvenaria foi concebida para o transporte vertical eficiente de tijolos, blocos e materiais de constru\u00e7\u00e3o. Com eleva\u00e7\u00e3o de mastro duplo, opera\u00e7\u00e3o est\u00e1vel, forte capacidade de carga e f\u00e1cil mobilidade, melhora a efici\u00eancia e a seguran\u00e7a do trabalho nos locais de constru\u00e7\u00e3o.<\/p>","protected":false},"featured_media":746,"template":"","meta":{"_gspb_post_css":""},"product_brand":[],"product_cat":[19,21],"product_tag":[70,148,149],"class_list":{"0":"post-620","1":"product","2":"type-product","3":"status-publish","4":"has-post-thumbnail","6":"product_cat-freight-elevator","7":"product_cat-hydraulic-freight-elevator","8":"product_tag-construction-material-lift","9":"product_tag-hydraulic-lifting-platform","10":"product_tag-masonry-lifting-equipment","12":"first","13":"instock","14":"shipping-taxable","15":"product-type-simple"},"_links":{"self":[{"href":"https:\/\/chinaminiloader.com\/pt\/wp-json\/wp\/v2\/product\/620","targetHints":{"allow":["GET"]}}],"collection":[{"href":"https:\/\/chinaminiloader.com\/pt\/wp-json\/wp\/v2\/product"}],"about":[{"href":"https:\/\/chinaminiloader.com\/pt\/wp-json\/wp\/v2\/types\/product"}],"wp:featuredmedia":[{"embeddable":true,"href":"https:\/\/chinaminiloader.com\/pt\/wp-json\/wp\/v2\/media\/746"}],"wp:attachment":[{"href":"https:\/\/chinaminiloader.com\/pt\/wp-json\/wp\/v2\/media?parent=620"}],"wp:term":[{"taxonomy":"product_brand","embeddable":true,"href":"https:\/\/chinaminiloader.com\/pt\/wp-json\/wp\/v2\/product_brand?post=620"},{"taxonomy":"product_cat","embeddable":true,"href":"https:\/\/chinaminiloader.com\/pt\/wp-json\/wp\/v2\/product_cat?post=620"},{"taxonomy":"product_tag","embeddable":true,"href":"https:\/\/chinaminiloader.com\/pt\/wp-json\/wp\/v2\/product_tag?post=620"}],"curies":[{"name":"wp","href":"https:\/\/api.w.org\/{rel}","templated":true}]}}