{"id":613,"date":"2026-04-26T07:03:22","date_gmt":"2026-04-26T07:03:22","guid":{"rendered":"https:\/\/chinaminiloader.com\/?post_type=product&#038;p=613"},"modified":"2026-04-26T07:03:23","modified_gmt":"2026-04-26T07:03:23","slug":"electric-tricycle-scissor-lift-platform-for-aerial-work-3","status":"publish","type":"product","link":"https:\/\/chinaminiloader.com\/pt\/electric-tricycle-scissor-lift-platform-for-aerial-work-3\/","title":{"rendered":"Plataforma elevat\u00f3ria de tesoura triciclo el\u00e9ctrica para trabalhos a\u00e9reos"},"content":{"rendered":"<p>A nossa plataforma elevat\u00f3ria el\u00e9ctrica tipo tesoura triciclo \u00e9 uma solu\u00e7\u00e3o fi\u00e1vel para tarefas de trabalho elevadas em estaleiros de constru\u00e7\u00e3o, armaz\u00e9ns, f\u00e1bricas e projectos de manuten\u00e7\u00e3o. Equipada com um potente sistema de eleva\u00e7\u00e3o hidr\u00e1ulico, oferece um movimento vertical suave e uma excelente estabilidade durante o funcionamento. O design m\u00f3vel em estilo triciclo garante um transporte c\u00f3modo e um posicionamento flex\u00edvel, enquanto a estrutura refor\u00e7ada da plataforma proporciona maior seguran\u00e7a e durabilidade. Com controlos f\u00e1ceis, forte capacidade de carga e alturas de eleva\u00e7\u00e3o personaliz\u00e1veis, esta plataforma \u00e9 ideal para aplica\u00e7\u00f5es de trabalho a\u00e9reo em interiores e exteriores. Ajuda a melhorar a produtividade, a reduzir os custos de m\u00e3o de obra e a garantir condi\u00e7\u00f5es de trabalho mais seguras.<\/p>","protected":false},"excerpt":{"rendered":"<p>Esta plataforma elevat\u00f3ria de tesoura triciclo el\u00e9ctrica foi concebida para um trabalho a\u00e9reo seguro e eficiente. Com eleva\u00e7\u00e3o hidr\u00e1ulica est\u00e1vel, forte capacidade de carga, f\u00e1cil movimenta\u00e7\u00e3o e constru\u00e7\u00e3o em a\u00e7o dur\u00e1vel, \u00e9 ideal para manuten\u00e7\u00e3o de armaz\u00e9ns, projectos de constru\u00e7\u00e3o, opera\u00e7\u00f5es de f\u00e1brica e trabalhos de instala\u00e7\u00e3o no exterior.<\/p>","protected":false},"featured_media":616,"template":"","meta":{"_gspb_post_css":""},"product_brand":[],"product_cat":[22,23],"product_tag":[147,146,145],"class_list":{"0":"post-613","1":"product","2":"type-product","3":"status-publish","4":"has-post-thumbnail","6":"product_cat-lift-platform","7":"product_cat-electric-tricycle-lift-truck","8":"product_tag-and-safe-aerial-work-use-for-warehouses-and-construction","9":"product_tag-easy-mobility","10":"product_tag-heavy-duty-electric-tricycle-scissor-lift-platform-with-stable-lifting","12":"first","13":"instock","14":"shipping-taxable","15":"product-type-simple"},"_links":{"self":[{"href":"https:\/\/chinaminiloader.com\/pt\/wp-json\/wp\/v2\/product\/613","targetHints":{"allow":["GET"]}}],"collection":[{"href":"https:\/\/chinaminiloader.com\/pt\/wp-json\/wp\/v2\/product"}],"about":[{"href":"https:\/\/chinaminiloader.com\/pt\/wp-json\/wp\/v2\/types\/product"}],"wp:featuredmedia":[{"embeddable":true,"href":"https:\/\/chinaminiloader.com\/pt\/wp-json\/wp\/v2\/media\/616"}],"wp:attachment":[{"href":"https:\/\/chinaminiloader.com\/pt\/wp-json\/wp\/v2\/media?parent=613"}],"wp:term":[{"taxonomy":"product_brand","embeddable":true,"href":"https:\/\/chinaminiloader.com\/pt\/wp-json\/wp\/v2\/product_brand?post=613"},{"taxonomy":"product_cat","embeddable":true,"href":"https:\/\/chinaminiloader.com\/pt\/wp-json\/wp\/v2\/product_cat?post=613"},{"taxonomy":"product_tag","embeddable":true,"href":"https:\/\/chinaminiloader.com\/pt\/wp-json\/wp\/v2\/product_tag?post=613"}],"curies":[{"name":"wp","href":"https:\/\/api.w.org\/{rel}","templated":true}]}}