{"id":57,"date":"2026-04-24T08:37:14","date_gmt":"2026-04-24T08:37:14","guid":{"rendered":"https:\/\/chinaminiloader.com\/?post_type=product&#038;p=57"},"modified":"2026-04-24T08:37:14","modified_gmt":"2026-04-24T08:37:14","slug":"electric-tricycle-scissor-lift-platform-for-aerial-work","status":"publish","type":"product","link":"https:\/\/chinaminiloader.com\/pt\/electric-tricycle-scissor-lift-platform-for-aerial-work\/","title":{"rendered":"Plataforma elevat\u00f3ria de tesoura triciclo el\u00e9ctrica para trabalhos a\u00e9reos"},"content":{"rendered":"<p>A nossa plataforma elevat\u00f3ria el\u00e9ctrica tipo tesoura triciclo \u00e9 uma solu\u00e7\u00e3o pr\u00e1tica para opera\u00e7\u00f5es de eleva\u00e7\u00e3o em armaz\u00e9ns, f\u00e1bricas, estaleiros de constru\u00e7\u00e3o e projectos de manuten\u00e7\u00e3o no exterior. Concebida com uma forte estrutura de a\u00e7o e um sistema de eleva\u00e7\u00e3o hidr\u00e1ulico est\u00e1vel, garante o transporte vertical seguro e fi\u00e1vel de trabalhadores e materiais. O sistema de acionamento el\u00e9trico proporciona uma mobilidade conveniente e uma opera\u00e7\u00e3o f\u00e1cil, enquanto o mecanismo de tesoura proporciona um desempenho de eleva\u00e7\u00e3o suave. Com excelente capacidade de carga, design compacto e baixos requisitos de manuten\u00e7\u00e3o, esta plataforma \u00e9 ideal para melhorar a efici\u00eancia do trabalho e reduzir os custos de m\u00e3o de obra em v\u00e1rias aplica\u00e7\u00f5es industriais.<\/p>","protected":false},"excerpt":{"rendered":"<p>Esta plataforma elevat\u00f3ria el\u00e9ctrica em tesoura triciclo foi concebida para trabalhos a\u00e9reos seguros e eficientes, carregamento de armaz\u00e9ns, manuten\u00e7\u00e3o e tarefas de constru\u00e7\u00e3o. Apresenta um desempenho de eleva\u00e7\u00e3o est\u00e1vel, uma forte capacidade de carga, mobilidade flex\u00edvel e uma constru\u00e7\u00e3o em a\u00e7o duradoura para uma utiliza\u00e7\u00e3o industrial a longo prazo.<\/p>","protected":false},"featured_media":62,"template":"","meta":{"_gspb_post_css":""},"product_brand":[],"product_cat":[23,22],"product_tag":[37,39,38],"class_list":{"0":"post-57","1":"product","2":"type-product","3":"status-publish","4":"has-post-thumbnail","6":"product_cat-electric-tricycle-lift-truck","7":"product_cat-lift-platform","8":"product_tag-electric-scissor-lift","9":"product_tag-mobile-aerial-work-platform","10":"product_tag-tricycle-lift-platform","12":"first","13":"instock","14":"shipping-taxable","15":"product-type-simple"},"_links":{"self":[{"href":"https:\/\/chinaminiloader.com\/pt\/wp-json\/wp\/v2\/product\/57","targetHints":{"allow":["GET"]}}],"collection":[{"href":"https:\/\/chinaminiloader.com\/pt\/wp-json\/wp\/v2\/product"}],"about":[{"href":"https:\/\/chinaminiloader.com\/pt\/wp-json\/wp\/v2\/types\/product"}],"wp:featuredmedia":[{"embeddable":true,"href":"https:\/\/chinaminiloader.com\/pt\/wp-json\/wp\/v2\/media\/62"}],"wp:attachment":[{"href":"https:\/\/chinaminiloader.com\/pt\/wp-json\/wp\/v2\/media?parent=57"}],"wp:term":[{"taxonomy":"product_brand","embeddable":true,"href":"https:\/\/chinaminiloader.com\/pt\/wp-json\/wp\/v2\/product_brand?post=57"},{"taxonomy":"product_cat","embeddable":true,"href":"https:\/\/chinaminiloader.com\/pt\/wp-json\/wp\/v2\/product_cat?post=57"},{"taxonomy":"product_tag","embeddable":true,"href":"https:\/\/chinaminiloader.com\/pt\/wp-json\/wp\/v2\/product_tag?post=57"}],"curies":[{"name":"wp","href":"https:\/\/api.w.org\/{rel}","templated":true}]}}