{"id":557,"date":"2026-04-26T02:03:14","date_gmt":"2026-04-26T02:03:14","guid":{"rendered":"https:\/\/chinaminiloader.com\/?post_type=product&#038;p=557"},"modified":"2026-04-26T02:03:14","modified_gmt":"2026-04-26T02:03:14","slug":"mobile-masonry-lifting-platform-1t-electric-hydraulic-lift","status":"publish","type":"product","link":"https:\/\/chinaminiloader.com\/pt\/mobile-masonry-lifting-platform-1t-electric-hydraulic-lift\/","title":{"rendered":"Plataforma elevat\u00f3ria de alvenaria m\u00f3vel, Elevador hidr\u00e1ulico el\u00e9trico 1T"},"content":{"rendered":"<p>A nossa plataforma m\u00f3vel de eleva\u00e7\u00e3o de alvenaria foi concebida para um manuseamento eficiente de tijolos, blocos e materiais de constru\u00e7\u00e3o. A unidade combina uma carga nominal de 1T, acionamento el\u00e9trico de 220V e sistema de eleva\u00e7\u00e3o hidr\u00e1ulico para elevar os materiais suavemente a alturas de trabalho de 4m, 6m ou 8m. A largura da plataforma de 1,35 m, o comprimento da plataforma de 4 m e o comprimento de armazenamento de 1,8 a 3 m permitem uma utiliza\u00e7\u00e3o flex\u00edvel no local. As veda\u00e7\u00f5es de prote\u00e7\u00e3o, a rede de seguran\u00e7a, a plataforma de a\u00e7o espesso, a caixa de controlo, o funcionamento do joystick, as rodas motrizes e as pernas de apoio anti-capotamento ajudam a melhorar a estabilidade, o controlo do operador e a seguran\u00e7a no local de trabalho. \u00c9 adequado para equipas de alvenaria, empreiteiros de constru\u00e7\u00e3o e frotas de aluguer que necessitem de equipamento de acesso vertical m\u00f3vel para projectos di\u00e1rios no local.<\/p>","protected":false},"excerpt":{"rendered":"<p>Esta plataforma m\u00f3vel de eleva\u00e7\u00e3o de alvenaria foi concebida para o manuseamento de blocos, tijolos e materiais em locais de trabalho movimentados. Com uma capacidade de carga de 1T, elevador hidr\u00e1ulico el\u00e9trico de 220V, op\u00e7\u00f5es de altura de 4\/6\/8m, veda\u00e7\u00f5es de prote\u00e7\u00e3o, pernas de apoio anti-capotamento e uma plataforma de trabalho em a\u00e7o de 4m, melhora o transporte vertical seguro no local.<\/p>","protected":false},"featured_media":550,"template":"","meta":{"_gspb_post_css":""},"product_brand":[],"product_cat":[22,24],"product_tag":[138,40,137],"class_list":{"0":"post-557","1":"product","2":"type-product","3":"status-publish","4":"has-post-thumbnail","6":"product_cat-lift-platform","7":"product_cat-masonry-lifting-platform","8":"product_tag-hydraulic-material-handling","9":"product_tag-masonry-lifting-platform","10":"product_tag-mobile-construction-lift","12":"first","13":"instock","14":"shipping-taxable","15":"product-type-simple"},"_links":{"self":[{"href":"https:\/\/chinaminiloader.com\/pt\/wp-json\/wp\/v2\/product\/557","targetHints":{"allow":["GET"]}}],"collection":[{"href":"https:\/\/chinaminiloader.com\/pt\/wp-json\/wp\/v2\/product"}],"about":[{"href":"https:\/\/chinaminiloader.com\/pt\/wp-json\/wp\/v2\/types\/product"}],"wp:featuredmedia":[{"embeddable":true,"href":"https:\/\/chinaminiloader.com\/pt\/wp-json\/wp\/v2\/media\/550"}],"wp:attachment":[{"href":"https:\/\/chinaminiloader.com\/pt\/wp-json\/wp\/v2\/media?parent=557"}],"wp:term":[{"taxonomy":"product_brand","embeddable":true,"href":"https:\/\/chinaminiloader.com\/pt\/wp-json\/wp\/v2\/product_brand?post=557"},{"taxonomy":"product_cat","embeddable":true,"href":"https:\/\/chinaminiloader.com\/pt\/wp-json\/wp\/v2\/product_cat?post=557"},{"taxonomy":"product_tag","embeddable":true,"href":"https:\/\/chinaminiloader.com\/pt\/wp-json\/wp\/v2\/product_tag?post=557"}],"curies":[{"name":"wp","href":"https:\/\/api.w.org\/{rel}","templated":true}]}}