{"id":52,"date":"2026-04-24T07:59:36","date_gmt":"2026-04-24T07:59:36","guid":{"rendered":"https:\/\/chinaminiloader.com\/?post_type=product&#038;p=52"},"modified":"2026-04-24T07:59:36","modified_gmt":"2026-04-24T07:59:36","slug":"hydraulic-electric-freight-elevator-cargo-lift-platform","status":"publish","type":"product","link":"https:\/\/chinaminiloader.com\/pt\/hydraulic-electric-freight-elevator-cargo-lift-platform\/","title":{"rendered":"Elevador de carga el\u00e9trico hidr\u00e1ulico Plataforma elevat\u00f3ria de carga"},"content":{"rendered":"<p>O nosso elevador de carga el\u00e9trico hidr\u00e1ulico \u00e9 uma solu\u00e7\u00e3o fi\u00e1vel para elevar mercadorias entre diferentes n\u00edveis de piso em armaz\u00e9ns, oficinas, f\u00e1bricas e locais de constru\u00e7\u00e3o. Possui uma estrutura de a\u00e7o dur\u00e1vel, forte sistema de acionamento hidr\u00e1ulico, e dispositivos de prote\u00e7\u00e3o de seguran\u00e7a para garantir uma opera\u00e7\u00e3o est\u00e1vel e segura. O tamanho da plataforma, altura de eleva\u00e7\u00e3o e capacidade de carga podem ser personalizados de acordo com as necessidades do cliente. F\u00e1cil de instalar e manter, este elevador de carga melhora a efici\u00eancia do trabalho e reduz os custos de m\u00e3o de obra. \u00c9 ideal para aplica\u00e7\u00f5es de manuseamento de materiais pesados e transporte industrial, onde a eleva\u00e7\u00e3o vertical segura e eficiente \u00e9 essencial.<\/p>","protected":false},"excerpt":{"rendered":"<p>Este monta-cargas el\u00e9trico hidr\u00e1ulico foi concebido para um transporte de carga vertical seguro e eficiente em armaz\u00e9ns, f\u00e1bricas e estaleiros de constru\u00e7\u00e3o. Constru\u00eddo com uma forte estrutura de a\u00e7o, sistema de eleva\u00e7\u00e3o est\u00e1vel e tamanho de plataforma personaliz\u00e1vel, garante um manuseamento fi\u00e1vel de cargas pesadas.<\/p>","protected":false},"featured_media":55,"template":"","meta":{"_gspb_post_css":""},"product_brand":[],"product_cat":[19,20],"product_tag":[32,31,33],"class_list":{"0":"post-52","1":"product","2":"type-product","3":"status-publish","4":"has-post-thumbnail","6":"product_cat-freight-elevator","7":"product_cat-electric-freight-elevator","8":"product_tag-cargo-lift-platform","9":"product_tag-freight-elevator","10":"product_tag-hydraulic-goods-lift","12":"first","13":"instock","14":"shipping-taxable","15":"product-type-simple"},"_links":{"self":[{"href":"https:\/\/chinaminiloader.com\/pt\/wp-json\/wp\/v2\/product\/52","targetHints":{"allow":["GET"]}}],"collection":[{"href":"https:\/\/chinaminiloader.com\/pt\/wp-json\/wp\/v2\/product"}],"about":[{"href":"https:\/\/chinaminiloader.com\/pt\/wp-json\/wp\/v2\/types\/product"}],"wp:featuredmedia":[{"embeddable":true,"href":"https:\/\/chinaminiloader.com\/pt\/wp-json\/wp\/v2\/media\/55"}],"wp:attachment":[{"href":"https:\/\/chinaminiloader.com\/pt\/wp-json\/wp\/v2\/media?parent=52"}],"wp:term":[{"taxonomy":"product_brand","embeddable":true,"href":"https:\/\/chinaminiloader.com\/pt\/wp-json\/wp\/v2\/product_brand?post=52"},{"taxonomy":"product_cat","embeddable":true,"href":"https:\/\/chinaminiloader.com\/pt\/wp-json\/wp\/v2\/product_cat?post=52"},{"taxonomy":"product_tag","embeddable":true,"href":"https:\/\/chinaminiloader.com\/pt\/wp-json\/wp\/v2\/product_tag?post=52"}],"curies":[{"name":"wp","href":"https:\/\/api.w.org\/{rel}","templated":true}]}}