{"id":497,"date":"2026-04-25T12:07:26","date_gmt":"2026-04-25T12:07:26","guid":{"rendered":"https:\/\/chinaminiloader.com\/?post_type=product&#038;p=497"},"modified":"2026-04-25T12:07:26","modified_gmt":"2026-04-25T12:07:26","slug":"mobile-scissor-lift-platform-electric-hydraulic-aerial-lift","status":"publish","type":"product","link":"https:\/\/chinaminiloader.com\/pt\/mobile-scissor-lift-platform-electric-hydraulic-aerial-lift\/","title":{"rendered":"Plataforma elevat\u00f3ria de tesoura m\u00f3vel Elevador a\u00e9reo el\u00e9trico hidr\u00e1ulico"},"content":{"rendered":"<p>A plataforma elevat\u00f3ria de tesoura m\u00f3vel \u00e9 uma solu\u00e7\u00e3o de trabalho a\u00e9reo vers\u00e1til, concebida para opera\u00e7\u00f5es de eleva\u00e7\u00e3o seguras e eficientes. Equipada com um mecanismo de tesoura dur\u00e1vel e acionamento hidr\u00e1ulico el\u00e9trico, proporciona uma eleva\u00e7\u00e3o est\u00e1vel para v\u00e1rias aplica\u00e7\u00f5es industriais. O seu design compacto permite uma f\u00e1cil manobrabilidade, enquanto a plataforma refor\u00e7ada e os guarda-corpos garantem a seguran\u00e7a do operador. Adequado para estaleiros de constru\u00e7\u00e3o, armaz\u00e9ns e manuten\u00e7\u00e3o de instala\u00e7\u00f5es, este elevador suporta cargas pesadas e um desempenho consistente. O sistema foi concebido para uma manuten\u00e7\u00e3o reduzida, elevada durabilidade e opera\u00e7\u00e3o f\u00e1cil de utilizar, o que o torna a escolha ideal para empresas que necessitam de equipamento de acesso vertical fi\u00e1vel.<\/p>","protected":false},"excerpt":{"rendered":"<p>Esta plataforma elevat\u00f3ria de tesoura m\u00f3vel apresenta uma estrutura de a\u00e7o robusta e um sistema hidr\u00e1ulico el\u00e9trico para uma eleva\u00e7\u00e3o vertical est\u00e1vel e eficiente. Concebida para tarefas de constru\u00e7\u00e3o, armaz\u00e9m e manuten\u00e7\u00e3o, garante uma opera\u00e7\u00e3o segura com guarda-corpos, controlos f\u00e1ceis e mobilidade fi\u00e1vel para aplica\u00e7\u00f5es interiores e exteriores.<\/p>","protected":false},"featured_media":502,"template":"","meta":{"_gspb_post_css":""},"product_brand":[],"product_cat":[22,23],"product_tag":[126,125,84],"class_list":{"0":"post-497","1":"product","2":"type-product","3":"status-publish","4":"has-post-thumbnail","6":"product_cat-lift-platform","7":"product_cat-electric-tricycle-lift-truck","8":"product_tag-hydraulic-lifting-equipment","9":"product_tag-mobile-aerial-work-lift","10":"product_tag-scissor-lift-platform","12":"first","13":"instock","14":"shipping-taxable","15":"product-type-simple"},"_links":{"self":[{"href":"https:\/\/chinaminiloader.com\/pt\/wp-json\/wp\/v2\/product\/497","targetHints":{"allow":["GET"]}}],"collection":[{"href":"https:\/\/chinaminiloader.com\/pt\/wp-json\/wp\/v2\/product"}],"about":[{"href":"https:\/\/chinaminiloader.com\/pt\/wp-json\/wp\/v2\/types\/product"}],"wp:featuredmedia":[{"embeddable":true,"href":"https:\/\/chinaminiloader.com\/pt\/wp-json\/wp\/v2\/media\/502"}],"wp:attachment":[{"href":"https:\/\/chinaminiloader.com\/pt\/wp-json\/wp\/v2\/media?parent=497"}],"wp:term":[{"taxonomy":"product_brand","embeddable":true,"href":"https:\/\/chinaminiloader.com\/pt\/wp-json\/wp\/v2\/product_brand?post=497"},{"taxonomy":"product_cat","embeddable":true,"href":"https:\/\/chinaminiloader.com\/pt\/wp-json\/wp\/v2\/product_cat?post=497"},{"taxonomy":"product_tag","embeddable":true,"href":"https:\/\/chinaminiloader.com\/pt\/wp-json\/wp\/v2\/product_tag?post=497"}],"curies":[{"name":"wp","href":"https:\/\/api.w.org\/{rel}","templated":true}]}}