{"id":491,"date":"2026-04-25T12:00:47","date_gmt":"2026-04-25T12:00:47","guid":{"rendered":"https:\/\/chinaminiloader.com\/?post_type=product&#038;p=491"},"modified":"2026-04-25T12:00:47","modified_gmt":"2026-04-25T12:00:47","slug":"hydraulic-dual-rail-freight-elevator-for-industrial-loads","status":"publish","type":"product","link":"https:\/\/chinaminiloader.com\/pt\/hydraulic-dual-rail-freight-elevator-for-industrial-loads\/","title":{"rendered":"Elevador de carga hidr\u00e1ulico de carril duplo para cargas industriais"},"content":{"rendered":"<p>Concebido para o manuseamento de materiais industriais, este monta-cargas hidr\u00e1ulico de carril duplo proporciona uma eleva\u00e7\u00e3o vertical est\u00e1vel de mercadorias, equipamento e paletes entre pisos. A sua estrutura de guia dupla melhora o equil\u00edbrio da plataforma, enquanto a estrutura de a\u00e7o para trabalhos pesados e a caixa de rede de seguran\u00e7a ajudam a proteger os operadores e a carga durante a utiliza\u00e7\u00e3o. O sistema pode ser personalizado pelo tamanho da plataforma, altura de eleva\u00e7\u00e3o, cor, estilo da porta e capacidade nominal para corresponder a diferentes locais de instala\u00e7\u00e3o. Adequado para armaz\u00e9ns, f\u00e1bricas, oficinas, centros de log\u00edstica e \u00e1reas de carga em mezanino, oferece uma solu\u00e7\u00e3o pr\u00e1tica para melhorar a efici\u00eancia da transfer\u00eancia de carga, reduzir o manuseamento manual e apoiar fluxos de trabalho de produ\u00e7\u00e3o di\u00e1rios mais seguros em ambientes de trabalho compactos ou de carga elevada.<\/p>","protected":false},"excerpt":{"rendered":"<p>Elevador de carga hidr\u00e1ulico de carril duplo para eleva\u00e7\u00e3o vertical est\u00e1vel de carga em f\u00e1bricas, armaz\u00e9ns, oficinas e mezzanines. Constru\u00eddo com estrutura de a\u00e7o refor\u00e7ado, plataforma antiderrapante, port\u00f5es de rede de seguran\u00e7a e tamanho, altura, cor e capacidade de carga personaliz\u00e1veis para um manuseamento eficiente do material.<\/p>","protected":false},"featured_media":495,"template":"","meta":{"_gspb_post_css":""},"product_brand":[],"product_cat":[19,21],"product_tag":[123,50,124],"class_list":{"0":"post-491","1":"product","2":"type-product","3":"status-publish","4":"has-post-thumbnail","6":"product_cat-freight-elevator","7":"product_cat-hydraulic-freight-elevator","8":"product_tag-dual-rail-cargo-lift","9":"product_tag-hydraulic-freight-elevator","10":"product_tag-industrial-material-handling","12":"first","13":"instock","14":"shipping-taxable","15":"product-type-simple"},"_links":{"self":[{"href":"https:\/\/chinaminiloader.com\/pt\/wp-json\/wp\/v2\/product\/491","targetHints":{"allow":["GET"]}}],"collection":[{"href":"https:\/\/chinaminiloader.com\/pt\/wp-json\/wp\/v2\/product"}],"about":[{"href":"https:\/\/chinaminiloader.com\/pt\/wp-json\/wp\/v2\/types\/product"}],"wp:featuredmedia":[{"embeddable":true,"href":"https:\/\/chinaminiloader.com\/pt\/wp-json\/wp\/v2\/media\/495"}],"wp:attachment":[{"href":"https:\/\/chinaminiloader.com\/pt\/wp-json\/wp\/v2\/media?parent=491"}],"wp:term":[{"taxonomy":"product_brand","embeddable":true,"href":"https:\/\/chinaminiloader.com\/pt\/wp-json\/wp\/v2\/product_brand?post=491"},{"taxonomy":"product_cat","embeddable":true,"href":"https:\/\/chinaminiloader.com\/pt\/wp-json\/wp\/v2\/product_cat?post=491"},{"taxonomy":"product_tag","embeddable":true,"href":"https:\/\/chinaminiloader.com\/pt\/wp-json\/wp\/v2\/product_tag?post=491"}],"curies":[{"name":"wp","href":"https:\/\/api.w.org\/{rel}","templated":true}]}}