{"id":464,"date":"2026-04-25T11:17:02","date_gmt":"2026-04-25T11:17:02","guid":{"rendered":"https:\/\/chinaminiloader.com\/?post_type=product&#038;p=464"},"modified":"2026-04-25T11:17:02","modified_gmt":"2026-04-25T11:17:02","slug":"mobile-masonry-hoist-for-blocks-construction-materials-58-characters","status":"publish","type":"product","link":"https:\/\/chinaminiloader.com\/pt\/mobile-masonry-hoist-for-blocks-construction-materials-58-characters\/","title":{"rendered":"Guincho de alvenaria m\u00f3vel para blocos e materiais de constru\u00e7\u00e3o 58 caracteres"},"content":{"rendered":"<p>Concebido para o manuseamento de materiais de alvenaria e de constru\u00e7\u00e3o, este guincho de alvenaria m\u00f3vel ajuda a mover tijolos, blocos, paletes e ferramentas para \u00e1reas de trabalho elevadas com menos transporte manual. O seu sistema de eleva\u00e7\u00e3o de mastro duplo, a estrutura de a\u00e7o refor\u00e7ada, a plataforma espa\u00e7osa, os guarda-corpos de seguran\u00e7a, os estabilizadores e a base reboc\u00e1vel permitem uma utiliza\u00e7\u00e3o eficiente em locais de trabalho vari\u00e1veis. A disposi\u00e7\u00e3o da plataforma permite aos trabalhadores carregar e descarregar materiais de ambos os lados, melhorando o fluxo de trabalho para fachadas de edif\u00edcios, manuten\u00e7\u00e3o, renova\u00e7\u00e3o e tarefas de transfer\u00eancia de armaz\u00e9m. Como f\u00e1brica chinesa, podemos apoiar a personaliza\u00e7\u00e3o OEM, op\u00e7\u00f5es de configura\u00e7\u00e3o pr\u00e1ticas e produ\u00e7\u00e3o em lote para revendedores, empreiteiros, empresas de aluguer, equipas de engenharia e projectos globais em todo o mundo.<\/p>","protected":false},"excerpt":{"rendered":"<p>Este guincho de alvenaria m\u00f3vel foi concebido para elevar tijolos, blocos, paletes e materiais do local de trabalho. A estrutura de eleva\u00e7\u00e3o de mastro duplo, a grande plataforma de trabalho, o sistema de guarda-corpos, os estabilizadores e a base do reboque suportam uma transfer\u00eancia de material est\u00e1vel e eficiente para locais de projectos de constru\u00e7\u00e3o, alvenaria e manuten\u00e7\u00e3o.<br data-start=\"725\" data-end=\"728\" \/><em data-start=\"728\" data-end=\"744\">300 caracteres<\/em><\/p>","protected":false},"featured_media":470,"template":"","meta":{"_gspb_post_css":""},"product_brand":[],"product_cat":[22,24],"product_tag":[119,95,74],"class_list":{"0":"post-464","1":"product","2":"type-product","3":"status-publish","4":"has-post-thumbnail","6":"product_cat-lift-platform","7":"product_cat-masonry-lifting-platform","8":"product_tag-construction-lift","9":"product_tag-masonry-hoist","10":"product_tag-material-handling-platform","12":"first","13":"instock","14":"shipping-taxable","15":"product-type-simple"},"_links":{"self":[{"href":"https:\/\/chinaminiloader.com\/pt\/wp-json\/wp\/v2\/product\/464","targetHints":{"allow":["GET"]}}],"collection":[{"href":"https:\/\/chinaminiloader.com\/pt\/wp-json\/wp\/v2\/product"}],"about":[{"href":"https:\/\/chinaminiloader.com\/pt\/wp-json\/wp\/v2\/types\/product"}],"wp:featuredmedia":[{"embeddable":true,"href":"https:\/\/chinaminiloader.com\/pt\/wp-json\/wp\/v2\/media\/470"}],"wp:attachment":[{"href":"https:\/\/chinaminiloader.com\/pt\/wp-json\/wp\/v2\/media?parent=464"}],"wp:term":[{"taxonomy":"product_brand","embeddable":true,"href":"https:\/\/chinaminiloader.com\/pt\/wp-json\/wp\/v2\/product_brand?post=464"},{"taxonomy":"product_cat","embeddable":true,"href":"https:\/\/chinaminiloader.com\/pt\/wp-json\/wp\/v2\/product_cat?post=464"},{"taxonomy":"product_tag","embeddable":true,"href":"https:\/\/chinaminiloader.com\/pt\/wp-json\/wp\/v2\/product_tag?post=464"}],"curies":[{"name":"wp","href":"https:\/\/api.w.org\/{rel}","templated":true}]}}