{"id":457,"date":"2026-04-25T11:11:08","date_gmt":"2026-04-25T11:11:08","guid":{"rendered":"https:\/\/chinaminiloader.com\/?post_type=product&#038;p=457"},"modified":"2026-04-25T11:11:08","modified_gmt":"2026-04-25T11:11:08","slug":"electric-scaffolding-lift-platform-for-construction-work","status":"publish","type":"product","link":"https:\/\/chinaminiloader.com\/pt\/electric-scaffolding-lift-platform-for-construction-work\/","title":{"rendered":"Plataforma elevat\u00f3ria de andaimes el\u00e9ctricos para trabalhos de constru\u00e7\u00e3o"},"content":{"rendered":"<p>Concebida para projectos de constru\u00e7\u00e3o, decora\u00e7\u00e3o e manuten\u00e7\u00e3o, esta plataforma elevat\u00f3ria de andaimes el\u00e9ctricos oferece uma solu\u00e7\u00e3o pr\u00e1tica de acesso vertical para trabalhadores e materiais leves. A estrutura apresenta uma forte estrutura de a\u00e7o, plataforma de trabalho antiderrapante, guarda-corpos de prote\u00e7\u00e3o, sistema de eleva\u00e7\u00e3o por cabo, rod\u00edzios m\u00f3veis e estabilizadores ajust\u00e1veis para uma maior estabilidade no local. O seu design modular compacto ajuda as f\u00e1bricas, os empreiteiros e as empresas de aluguer a deslocar, posicionar e operar a plataforma de forma eficiente. Adequada para trabalhos em fachadas, instala\u00e7\u00e3o de paredes, inspe\u00e7\u00e3o de equipamento e manuten\u00e7\u00e3o de oficinas, suporta opera\u00e7\u00f5es elevadas mais seguras, reduzindo a escalada manual e o reposicionamento. Tamb\u00e9m podem ser fornecidos altura, tamanho da plataforma, capacidade de carga e configura\u00e7\u00e3o de pot\u00eancia personalizados.<\/p>","protected":false},"excerpt":{"rendered":"<p>Esta plataforma elevat\u00f3ria de andaimes el\u00e9ctricos utiliza uma estrutura de a\u00e7o soldado, sistema de eleva\u00e7\u00e3o por cabo, plataforma de trabalho antiderrapante, guarda-corpos, rod\u00edzios e estabilizadores ajust\u00e1veis. Proporciona um acesso vertical est\u00e1vel para a constru\u00e7\u00e3o de fachadas, instala\u00e7\u00e3o de equipamento, inspe\u00e7\u00e3o, repara\u00e7\u00e3o e manuten\u00e7\u00e3o em estaleiros de constru\u00e7\u00e3o diariamente.<\/p>","protected":false},"featured_media":463,"template":"","meta":{"_gspb_post_css":""},"product_brand":[],"product_cat":[22,23],"product_tag":[118,117,96],"class_list":{"0":"post-457","1":"product","2":"type-product","3":"status-publish","4":"has-post-thumbnail","6":"product_cat-lift-platform","7":"product_cat-electric-tricycle-lift-truck","8":"product_tag-construction-lift-platform","9":"product_tag-electric-scaffolding","10":"product_tag-mobile-work-platform","12":"first","13":"instock","14":"shipping-taxable","15":"product-type-simple"},"_links":{"self":[{"href":"https:\/\/chinaminiloader.com\/pt\/wp-json\/wp\/v2\/product\/457","targetHints":{"allow":["GET"]}}],"collection":[{"href":"https:\/\/chinaminiloader.com\/pt\/wp-json\/wp\/v2\/product"}],"about":[{"href":"https:\/\/chinaminiloader.com\/pt\/wp-json\/wp\/v2\/types\/product"}],"wp:featuredmedia":[{"embeddable":true,"href":"https:\/\/chinaminiloader.com\/pt\/wp-json\/wp\/v2\/media\/463"}],"wp:attachment":[{"href":"https:\/\/chinaminiloader.com\/pt\/wp-json\/wp\/v2\/media?parent=457"}],"wp:term":[{"taxonomy":"product_brand","embeddable":true,"href":"https:\/\/chinaminiloader.com\/pt\/wp-json\/wp\/v2\/product_brand?post=457"},{"taxonomy":"product_cat","embeddable":true,"href":"https:\/\/chinaminiloader.com\/pt\/wp-json\/wp\/v2\/product_cat?post=457"},{"taxonomy":"product_tag","embeddable":true,"href":"https:\/\/chinaminiloader.com\/pt\/wp-json\/wp\/v2\/product_tag?post=457"}],"curies":[{"name":"wp","href":"https:\/\/api.w.org\/{rel}","templated":true}]}}