{"id":444,"date":"2026-04-25T10:53:31","date_gmt":"2026-04-25T10:53:31","guid":{"rendered":"https:\/\/chinaminiloader.com\/?post_type=product&#038;p=444"},"modified":"2026-04-25T10:53:31","modified_gmt":"2026-04-25T10:53:31","slug":"16hp-4wd-remote-control-crawler-lawn-mower-machine","status":"publish","type":"product","link":"https:\/\/chinaminiloader.com\/pt\/16hp-4wd-remote-control-crawler-lawn-mower-machine\/","title":{"rendered":"M\u00e1quina de cortar relva de rastos com controlo remoto 16HP 4WD"},"content":{"rendered":"<p>O cortador de relva de rastos com controlo remoto 16HP 4WD \u00e9 uma m\u00e1quina de corte de relva de elevado desempenho, concebida para terrenos complexos e tarefas de corte pesadas. \u00c9 amplamente utilizado em pomares, quintas, parques, jardins, bermas de estradas e zonas de encostas. Com uma potente tra\u00e7\u00e3o \u00e0s quatro rodas e um design de lagartas, a m\u00e1quina oferece uma excelente ader\u00eancia, estabilidade e capacidade de subida em terrenos irregulares e encostas \u00edngremes. A opera\u00e7\u00e3o por controlo remoto aumenta a seguran\u00e7a do utilizador e reduz a intensidade do trabalho. O seu motor potente, a estrutura dur\u00e1vel e a elevada efici\u00eancia de corte fazem dela a solu\u00e7\u00e3o ideal para trabalhos profissionais de manuten\u00e7\u00e3o paisag\u00edstica e agr\u00edcola.<\/p>","protected":false},"excerpt":{"rendered":"<p>Este cortador de relva de rastos com controlo remoto de 16HP 4WD foi concebido para o corte eficiente de relva em quintas, pomares, parques, jardins e encostas \u00edngremes. Equipado com uma forte capacidade de subida, rastos de borracha dur\u00e1veis e opera\u00e7\u00e3o remota est\u00e1vel, melhora a seguran\u00e7a e a produtividade do corte.<\/p>","protected":false},"featured_media":447,"template":"","meta":{"_gspb_post_css":""},"product_brand":[],"product_cat":[15],"product_tag":[109,66,65],"class_list":{"0":"post-444","1":"product","2":"type-product","3":"status-publish","4":"has-post-thumbnail","6":"product_cat-mini-loader","7":"product_tag-4wd-slope-mower","8":"product_tag-crawler-grass-cutter","9":"product_tag-remote-lawn-mower","11":"first","12":"instock","13":"shipping-taxable","14":"product-type-simple"},"_links":{"self":[{"href":"https:\/\/chinaminiloader.com\/pt\/wp-json\/wp\/v2\/product\/444","targetHints":{"allow":["GET"]}}],"collection":[{"href":"https:\/\/chinaminiloader.com\/pt\/wp-json\/wp\/v2\/product"}],"about":[{"href":"https:\/\/chinaminiloader.com\/pt\/wp-json\/wp\/v2\/types\/product"}],"wp:featuredmedia":[{"embeddable":true,"href":"https:\/\/chinaminiloader.com\/pt\/wp-json\/wp\/v2\/media\/447"}],"wp:attachment":[{"href":"https:\/\/chinaminiloader.com\/pt\/wp-json\/wp\/v2\/media?parent=444"}],"wp:term":[{"taxonomy":"product_brand","embeddable":true,"href":"https:\/\/chinaminiloader.com\/pt\/wp-json\/wp\/v2\/product_brand?post=444"},{"taxonomy":"product_cat","embeddable":true,"href":"https:\/\/chinaminiloader.com\/pt\/wp-json\/wp\/v2\/product_cat?post=444"},{"taxonomy":"product_tag","embeddable":true,"href":"https:\/\/chinaminiloader.com\/pt\/wp-json\/wp\/v2\/product_tag?post=444"}],"curies":[{"name":"wp","href":"https:\/\/api.w.org\/{rel}","templated":true}]}}