{"id":440,"date":"2026-04-25T11:00:05","date_gmt":"2026-04-25T11:00:05","guid":{"rendered":"https:\/\/chinaminiloader.com\/?post_type=product&#038;p=440"},"modified":"2026-04-25T11:00:05","modified_gmt":"2026-04-25T11:00:05","slug":"hydraulic-freight-elevator-for-material-handling-lifting","status":"publish","type":"product","link":"https:\/\/chinaminiloader.com\/pt\/hydraulic-freight-elevator-for-material-handling-lifting\/","title":{"rendered":"Elevador de carga hidr\u00e1ulico para eleva\u00e7\u00e3o de materiais"},"content":{"rendered":"<p>O nosso elevador de carga hidr\u00e1ulico foi concebido para um manuseamento vertical fi\u00e1vel de materiais em f\u00e1bricas, armaz\u00e9ns, oficinas e ambientes de constru\u00e7\u00e3o. Uma estrutura de a\u00e7o espessa, corrente de placa refor\u00e7ada e design de seguran\u00e7a anti-queda ajudam a manter a eleva\u00e7\u00e3o est\u00e1vel durante a opera\u00e7\u00e3o di\u00e1ria. A estrutura da plataforma suporta o carregamento de carga, manuseamento de alvenaria, transfer\u00eancia de equipamento e requisitos de produ\u00e7\u00e3o personalizados. A altura, o tamanho da plataforma, a cor, a configura\u00e7\u00e3o do motor e as op\u00e7\u00f5es de controlo podem ser ajustadas de acordo com as necessidades do projeto. Com eleva\u00e7\u00e3o hidr\u00e1ulica suave, forte desempenho de suporte de carga e adaptabilidade interna ou externa, este elevador de carga oferece uma solu\u00e7\u00e3o pr\u00e1tica para mover mercadorias entre andares, melhorando a efici\u00eancia e reduzindo a press\u00e3o de manuseio manual no local.<\/p>","protected":false},"excerpt":{"rendered":"<p>Constru\u00eddo com a\u00e7o espessado, transmiss\u00e3o por corrente refor\u00e7ada e prote\u00e7\u00e3o anti-queda, este elevador de carga hidr\u00e1ulico proporciona uma eleva\u00e7\u00e3o vertical est\u00e1vel para f\u00e1bricas, armaz\u00e9ns e locais. A plataforma pode ser personalizada para diferentes alturas e cargas, suportando uma utiliza\u00e7\u00e3o suave do manuseamento de materiais no interior\/exterior.<\/p>","protected":false},"featured_media":456,"template":"","meta":{"_gspb_post_css":""},"product_brand":[],"product_cat":[19,21],"product_tag":[51,50,58],"class_list":{"0":"post-440","1":"product","2":"type-product","3":"status-publish","4":"has-post-thumbnail","6":"product_cat-freight-elevator","7":"product_cat-hydraulic-freight-elevator","8":"product_tag-cargo-lifting-platform","9":"product_tag-hydraulic-freight-elevator","10":"product_tag-material-handling-lift","12":"first","13":"instock","14":"shipping-taxable","15":"product-type-simple"},"_links":{"self":[{"href":"https:\/\/chinaminiloader.com\/pt\/wp-json\/wp\/v2\/product\/440","targetHints":{"allow":["GET"]}}],"collection":[{"href":"https:\/\/chinaminiloader.com\/pt\/wp-json\/wp\/v2\/product"}],"about":[{"href":"https:\/\/chinaminiloader.com\/pt\/wp-json\/wp\/v2\/types\/product"}],"wp:featuredmedia":[{"embeddable":true,"href":"https:\/\/chinaminiloader.com\/pt\/wp-json\/wp\/v2\/media\/456"}],"wp:attachment":[{"href":"https:\/\/chinaminiloader.com\/pt\/wp-json\/wp\/v2\/media?parent=440"}],"wp:term":[{"taxonomy":"product_brand","embeddable":true,"href":"https:\/\/chinaminiloader.com\/pt\/wp-json\/wp\/v2\/product_brand?post=440"},{"taxonomy":"product_cat","embeddable":true,"href":"https:\/\/chinaminiloader.com\/pt\/wp-json\/wp\/v2\/product_cat?post=440"},{"taxonomy":"product_tag","embeddable":true,"href":"https:\/\/chinaminiloader.com\/pt\/wp-json\/wp\/v2\/product_tag?post=440"}],"curies":[{"name":"wp","href":"https:\/\/api.w.org\/{rel}","templated":true}]}}