{"id":426,"date":"2026-04-25T10:48:32","date_gmt":"2026-04-25T10:48:32","guid":{"rendered":"https:\/\/chinaminiloader.com\/?post_type=product&#038;p=426"},"modified":"2026-04-25T10:48:32","modified_gmt":"2026-04-25T10:48:32","slug":"electric-freight-elevator-lift-platform-for-warehouse-use","status":"publish","type":"product","link":"https:\/\/chinaminiloader.com\/pt\/electric-freight-elevator-lift-platform-for-warehouse-use\/","title":{"rendered":"Elevador el\u00e9trico de carga Plataforma elevat\u00f3ria para utiliza\u00e7\u00e3o em armaz\u00e9ns"},"content":{"rendered":"<p>A nossa estrutura de eleva\u00e7\u00e3o de elevador el\u00e9trico de carga fornece uma solu\u00e7\u00e3o pr\u00e1tica de transporte vertical para oficinas, armaz\u00e9ns, f\u00e1bricas e projectos de constru\u00e7\u00e3o. Constru\u00eddo com uma estrutura de a\u00e7o r\u00edgida, plataforma de carga protegida, motor el\u00e9trico, cabo de a\u00e7o e prote\u00e7\u00e3o anti-queda, ajuda a mover materiais entre pisos com maior efici\u00eancia e estabilidade. O design compacto da estrutura permite a instala\u00e7\u00e3o em espa\u00e7os limitados, enquanto o tamanho da plataforma personaliz\u00e1vel, a altura de eleva\u00e7\u00e3o, a capacidade de carga e as op\u00e7\u00f5es de controlo permitem que a unidade corresponda a diferentes requisitos do local. Adequado para caixas de cart\u00e3o, ferramentas, componentes e produtos embalados, este elevador de manuseamento de materiais foi concebido para um funcionamento di\u00e1rio fi\u00e1vel e para reduzir a carga de trabalho de manuseamento manual em seguran\u00e7a no local.<\/p>","protected":false},"excerpt":{"rendered":"<p>Esta estrutura de eleva\u00e7\u00e3o de elevador de carga el\u00e9trico foi concebida para o transporte vertical de mercadorias em f\u00e1bricas, armaz\u00e9ns e estaleiros de constru\u00e7\u00e3o. Possui um mastro de a\u00e7o refor\u00e7ado, plataforma protegida, cabo de a\u00e7o espesso, para-quedas e acionamento el\u00e9trico compacto para um manuseamento est\u00e1vel e eficiente de materiais todos os dias.<\/p>","protected":false},"featured_media":439,"template":"","meta":{"_gspb_post_css":""},"product_brand":[],"product_cat":[19,20],"product_tag":[44,89,58],"class_list":{"0":"post-426","1":"product","2":"type-product","3":"status-publish","4":"has-post-thumbnail","6":"product_cat-freight-elevator","7":"product_cat-electric-freight-elevator","8":"product_tag-construction-platform","9":"product_tag-electric-freight-elevator","10":"product_tag-material-handling-lift","12":"first","13":"instock","14":"shipping-taxable","15":"product-type-simple"},"_links":{"self":[{"href":"https:\/\/chinaminiloader.com\/pt\/wp-json\/wp\/v2\/product\/426","targetHints":{"allow":["GET"]}}],"collection":[{"href":"https:\/\/chinaminiloader.com\/pt\/wp-json\/wp\/v2\/product"}],"about":[{"href":"https:\/\/chinaminiloader.com\/pt\/wp-json\/wp\/v2\/types\/product"}],"wp:featuredmedia":[{"embeddable":true,"href":"https:\/\/chinaminiloader.com\/pt\/wp-json\/wp\/v2\/media\/439"}],"wp:attachment":[{"href":"https:\/\/chinaminiloader.com\/pt\/wp-json\/wp\/v2\/media?parent=426"}],"wp:term":[{"taxonomy":"product_brand","embeddable":true,"href":"https:\/\/chinaminiloader.com\/pt\/wp-json\/wp\/v2\/product_brand?post=426"},{"taxonomy":"product_cat","embeddable":true,"href":"https:\/\/chinaminiloader.com\/pt\/wp-json\/wp\/v2\/product_cat?post=426"},{"taxonomy":"product_tag","embeddable":true,"href":"https:\/\/chinaminiloader.com\/pt\/wp-json\/wp\/v2\/product_tag?post=426"}],"curies":[{"name":"wp","href":"https:\/\/api.w.org\/{rel}","templated":true}]}}