{"id":416,"date":"2026-04-25T09:51:02","date_gmt":"2026-04-25T09:51:02","guid":{"rendered":"https:\/\/chinaminiloader.com\/?post_type=product&#038;p=416"},"modified":"2026-04-25T09:51:02","modified_gmt":"2026-04-25T09:51:02","slug":"4wd-compact-loader-with-hydraulic-fork-grapple-attachment","status":"publish","type":"product","link":"https:\/\/chinaminiloader.com\/pt\/4wd-compact-loader-with-hydraulic-fork-grapple-attachment\/","title":{"rendered":"Carregadora compacta 4WD com acess\u00f3rio de garra de forquilha hidr\u00e1ulica"},"content":{"rendered":"<div class=\"relative basis-auto flex-col -mb-(--composer-overlap-px) pb-(--composer-overlap-px) [--composer-overlap-px:28px] grow flex\">\n<div class=\"flex flex-col text-sm\">\n<div class=\"\" data-turn-id-container=\"request-WEB:e65363ac-c9fe-4c6f-9acf-1fc44451e6b5-18\" data-is-intersecting=\"true\">\n<section class=\"text-token-text-primary w-full focus:outline-none [--shadow-height:45px] has-data-writing-block:pointer-events-none has-data-writing-block:-mt-(--shadow-height) has-data-writing-block:pt-(--shadow-height) [&amp;:has([data-writing-block])&gt;*]:pointer-events-auto R6Vx5W_threadScrollVars scroll-mb-[calc(var(--scroll-root-safe-area-inset-bottom,0px)+var(--thread-response-height))] scroll-mt-[calc(var(--header-height)+min(200px,max(70px,20svh)))]\" dir=\"auto\" data-turn-id=\"request-WEB:e65363ac-c9fe-4c6f-9acf-1fc44451e6b5-18\" data-testid=\"conversation-turn-2\" data-scroll-anchor=\"false\" data-turn=\"assistant\">\n<div class=\"text-base my-auto mx-auto pb-10 [--thread-content-margin:var(--thread-content-margin-xs,calc(var(--spacing)*4))] @w-sm\/main:[--thread-content-margin:var(--thread-content-margin-sm,calc(var(--spacing)*6))] @w-lg\/main:[--thread-content-margin:var(--thread-content-margin-lg,calc(var(--spacing)*16))] px-(--thread-content-margin)\">\n<div class=\"[--thread-content-max-width:40rem] @w-lg\/main:[--thread-content-max-width:48rem] mx-auto max-w-(--thread-content-max-width) flex-1 group\/turn-messages focus-visible:outline-hidden relative flex w-full min-w-0 flex-col agent-turn\">\n<div class=\"flex max-w-full flex-col gap-4 grow\">\n<div class=\"min-h-8 text-message relative flex w-full flex-col items-end gap-2 text-start break-words whitespace-normal outline-none keyboard-focused:focus-ring [.text-message+&amp;]:mt-1\" dir=\"auto\" tabindex=\"0\" data-message-author-role=\"assistant\" data-message-id=\"2da1f92c-e0a1-4909-9f33-25076b6e9fd4\" data-message-model-slug=\"gpt-5-5-thinking\" data-turn-start-message=\"true\">\n<div class=\"flex w-full flex-col gap-1 empty:hidden\">\n<div class=\"markdown prose dark:prose-invert w-full wrap-break-word light markdown-new-styling\">\n<div class=\"TyagGW_tableContainer\">\n<div class=\"group TyagGW_tableWrapper flex flex-col-reverse w-fit\" tabindex=\"-1\">\n<div class=\"relative basis-auto flex-col -mb-(--composer-overlap-px) pb-(--composer-overlap-px) [--composer-overlap-px:28px] grow flex\">\n<div class=\"flex flex-col text-sm\">\n<div class=\"\" data-turn-id-container=\"request-WEB:e65363ac-c9fe-4c6f-9acf-1fc44451e6b5-18\" data-is-intersecting=\"true\">\n<section class=\"text-token-text-primary w-full focus:outline-none [--shadow-height:45px] has-data-writing-block:pointer-events-none has-data-writing-block:-mt-(--shadow-height) has-data-writing-block:pt-(--shadow-height) [&amp;:has([data-writing-block])&gt;*]:pointer-events-auto R6Vx5W_threadScrollVars scroll-mb-[calc(var(--scroll-root-safe-area-inset-bottom,0px)+var(--thread-response-height))] scroll-mt-[calc(var(--header-height)+min(200px,max(70px,20svh)))]\" dir=\"auto\" data-turn-id=\"request-WEB:e65363ac-c9fe-4c6f-9acf-1fc44451e6b5-18\" data-testid=\"conversation-turn-2\" data-scroll-anchor=\"false\" data-turn=\"assistant\">\n<div class=\"text-base my-auto mx-auto pb-10 [--thread-content-margin:var(--thread-content-margin-xs,calc(var(--spacing)*4))] @w-sm\/main:[--thread-content-margin:var(--thread-content-margin-sm,calc(var(--spacing)*6))] @w-lg\/main:[--thread-content-margin:var(--thread-content-margin-lg,calc(var(--spacing)*16))] px-(--thread-content-margin)\">\n<div class=\"[--thread-content-max-width:40rem] @w-lg\/main:[--thread-content-max-width:48rem] mx-auto max-w-(--thread-content-max-width) flex-1 group\/turn-messages focus-visible:outline-hidden relative flex w-full min-w-0 flex-col agent-turn\">\n<div class=\"flex max-w-full flex-col gap-4 grow\">\n<div class=\"min-h-8 text-message relative flex w-full flex-col items-end gap-2 text-start break-words whitespace-normal outline-none keyboard-focused:focus-ring [.text-message+&amp;]:mt-1\" dir=\"auto\" tabindex=\"0\" data-message-author-role=\"assistant\" data-message-id=\"2da1f92c-e0a1-4909-9f33-25076b6e9fd4\" data-message-model-slug=\"gpt-5-5-thinking\" data-turn-start-message=\"true\">\n<div class=\"flex w-full flex-col gap-1 empty:hidden\">\n<div class=\"markdown prose dark:prose-invert w-full wrap-break-word light markdown-new-styling\">\n<div class=\"TyagGW_tableContainer\">\n<div class=\"group TyagGW_tableWrapper flex flex-col-reverse w-fit\" tabindex=\"-1\">\n<table class=\"w-fit min-w-(--thread-content-width)\" data-start=\"121\" data-end=\"1630\" data-is-last-node=\"\" data-is-only-node=\"\">\n<tbody data-start=\"150\" data-end=\"1630\" data-is-last-node=\"\">\n<tr data-start=\"864\" data-end=\"1630\" data-is-last-node=\"\">\n<td data-col-size=\"xl\" data-start=\"894\" data-end=\"1630\" data-is-last-node=\"\">This 4WD compact loader is a practical solution for factories, farms, warehouses, landscaping projects, and small construction sites that need flexible lifting and transport. The machine features a compact body, four wheel drive traction, operator seat, hydraulic boom, and front fork grapple for grabbing, carrying, stacking, and loading loose or packaged materials. Its small turning radius helps operators work in tight yards, aisles, and indoor-outdoor areas. With interchangeable attachment potential, simple controls, and durable steel construction, it improves daily handling efficiency while reducing manual labor. OEM color, branding, and configuration options can be customized for distributors or project buyers globally.<\/td>\n<\/tr>\n<\/tbody>\n<\/table>\n<\/div>\n<\/div>\n<\/div>\n<\/div>\n<\/div>\n<\/div>\n<div class=\"z-0 flex min-h-[46px] justify-start\"><\/div>\n<div class=\"mt-3 w-full empty:hidden\">\n<div class=\"text-center\"><\/div>\n<\/div>\n<\/div>\n<\/div>\n<\/section>\n<\/div>\n<div class=\"pointer-events-none -mt-px h-px translate-y-[calc(var(--scroll-root-safe-area-inset-bottom)-14*var(--spacing))]\" aria-hidden=\"true\"><\/div>\n<div class=\"pointer-events-none translate-y-(--scroll-root-safe-area-inset-bottom) R6Vx5W_threadScrollVars min-h-(--gutter-remaining-height,0px) group-data-stream-active\/scroll-root:h-[calc(var(--thread-response-height)-16*var(--spacing))]\"><\/div>\n<\/div>\n<\/div>\n<div id=\"thread-bottom-container\" class=\"sticky bottom-0 z-10 group\/thread-bottom-container relative isolate w-full basis-auto has-data-has-thread-error:pt-2 has-data-has-thread-error:[box-shadow:var(--sharp-edge-bottom-shadow)] md:border-transparent md:pt-0 dark:border-white\/20 md:dark:border-transparent print:hidden content-fade single-line flex flex-col\">\n<div class=\"relative mx-auto h-0\">\n<div class=\"flex h-0 items-end justify-center motion-safe:transition-all motion-safe:delay-300 motion-safe:duration-300 group-[:not([data-scroll-from-end])]\/scroll-root:scale-50 group-[:not([data-scroll-from-end])]\/scroll-root:translate-y-2 group-[:not([data-scroll-from-end])]\/scroll-root:opacity-0 group-[:not([data-scroll-from-end])]\/scroll-root:pointer-events-none group-[:not([data-scroll-from-end])]\/scroll-root:duration-100 group-[:not([data-scroll-from-end])]\/scroll-root:delay-0 absolute start-1\/2 z-10 -translate-x-1\/2 bottom-[calc(100%+6*var(--spacing)+var(--thread-scroll-to-bottom-banner-offset,0px))]\"><\/div>\n<\/div>\n<div id=\"thread-bottom\">\n<div>\n<div class=\"text-base mx-auto [--thread-content-margin:var(--thread-content-margin-xs,calc(var(--spacing)*4))] @w-sm\/main:[--thread-content-margin:var(--thread-content-margin-sm,calc(var(--spacing)*6))] @w-lg\/main:[--thread-content-margin:var(--thread-content-margin-lg,calc(var(--spacing)*16))] px-(--thread-content-margin)\">\n<div>\n<div class=\"[--thread-content-max-width:40rem] @w-lg\/main:[--thread-content-max-width:48rem] mx-auto max-w-(--thread-content-max-width) flex-1 mb-[var(--thread-component-gap,1rem)]\">\n<div class=\"flex justify-center empty:hidden\"><\/div>\n<div class=\"pointer-events-auto relative z-1 flex h-(--composer-container-height,100%) max-w-full flex-(--composer-container-flex,1) flex-col\">\n<div class=\"absolute start-0 end-0 bottom-full z-20\"><\/div>\n<form class=\"group\/composer w-full\" data-expanded=\"\" data-type=\"unified-composer\">\n<div class=\"hidden\"><input id=\"upload-files\" tabindex=\"-1\" multiple=\"multiple\" type=\"file\" \/><\/div>\n<div class=\"\">\n<div class=\"bg-token-bg-primary dark:bg-token-bg-elevated-primary dark-oled:bg-token-bg-primary corner-superellipse\/1.1 cursor-text overflow-clip bg-clip-padding p-2.5 contain-inline-size motion-safe:transition-colors motion-safe:duration-200 motion-safe:ease-in-out grid grid-cols-[auto_1fr_auto] [grid-template-areas:'header_header_header'_'leading_primary_trailing'_'._footer_.'] group-data-expanded\/composer:[grid-template-areas:'header_header_header'_'primary_primary_primary'_'leading_footer_trailing'] shadow-short-composer\" data-composer-surface=\"true\">\n<div class=\"[grid-area:leading]\"><\/div>\n<div class=\"-my-2.5 flex min-h-14 items-center overflow-x-hidden px-1.5 [grid-area:primary] group-data-expanded\/composer:mb-0 group-data-expanded\/composer:px-2.5\">\n<div class=\"wcDTda_prosemirror-parent text-token-text-primary max-h-[max(30svh,5rem)] max-h-52 min-h-[var(--deep-research-composer-extra-height,unset)] flex-1 overflow-auto [scrollbar-width:thin] default-browser vertical-scroll-fade-mask\"><textarea class=\"wcDTda_fallbackTextarea\" name=\"prompt-textarea\" placeholder=\"Ask anything\" aria-label=\"Chat with ChatGPT\" data-virtualkeyboard=\"true\"><\/textarea><\/p>\n<div id=\"prompt-textarea\" class=\"ProseMirror\" role=\"textbox\" contenteditable=\"true\" translate=\"no\" data-virtualkeyboard=\"true\" aria-multiline=\"true\" aria-label=\"Chat with ChatGPT\"><\/div>\n<\/div>\n<\/div>\n<div class=\"-m-1 max-w-full overflow-x-auto p-1 [grid-area:footer] [scrollbar-width:none]\" data-testid=\"composer-footer-actions\">\n<div class=\"flex min-w-fit items-center cant-hover:px-1.5 cant-hover:gap-1.5\">\n<div>\n<div class=\"__composer-pill-composite group relative\" data-tone=\"accent\"><button class=\"__composer-pill-remove\" type=\"button\" aria-label=\"Extended, click to remove\"><\/button><\/p>\n<div class=\"__composer-pill-icon\"><\/div>\n<\/div>\n<\/div>\n<\/div>\n<\/div>\n<div class=\"flex items-center gap-2 [grid-area:trailing]\">\n<div class=\"ms-auto flex items-center gap-1.5\">\n<div id=\"_r_1rr_\" class=\"overflow-visible bg-transparent inset-s-[anchor(center)] inset-e-auto top-[calc(anchor(bottom)+var(--spacing))] bottom-auto h-fit -translate-x-1\/2 [position-try-fallbacks:flip-block] z-50\" role=\"tooltip\" hidden=\"\"><\/div>\n<p><button class=\"composer-btn h-9 min-h-9 w-9 min-w-9\" type=\"button\" aria-label=\"Start dictation\" aria-describedby=\"_r_1rr_\"><\/button><\/p>\n<div>\n<div class=\"inline-flex\">\n<div><\/div>\n<\/div>\n<\/div>\n<\/div>\n<\/div>\n<\/div>\n<\/div>\n<\/form>\n<\/div>\n<\/div>\n<\/div>\n<\/div>\n<\/div>\n<\/div>\n<\/div>\n<\/div>\n<\/div>\n<\/div>\n<\/div>\n<\/div>\n<\/div>\n<div class=\"z-0 flex min-h-[46px] justify-start\"><\/div>\n<div class=\"mt-3 w-full empty:hidden\">\n<div class=\"text-center\"><\/div>\n<\/div>\n<\/div>\n<\/div>\n<\/section>\n<\/div>\n<div class=\"pointer-events-none -mt-px h-px translate-y-[calc(var(--scroll-root-safe-area-inset-bottom)-14*var(--spacing))]\" aria-hidden=\"true\"><\/div>\n<div class=\"pointer-events-none translate-y-(--scroll-root-safe-area-inset-bottom) R6Vx5W_threadScrollVars min-h-(--gutter-remaining-height,0px) group-data-stream-active\/scroll-root:h-[calc(var(--thread-response-height)-16*var(--spacing))]\"><\/div>\n<\/div>\n<\/div>\n<div id=\"thread-bottom-container\" class=\"sticky bottom-0 z-10 group\/thread-bottom-container relative isolate w-full basis-auto has-data-has-thread-error:pt-2 has-data-has-thread-error:[box-shadow:var(--sharp-edge-bottom-shadow)] md:border-transparent md:pt-0 dark:border-white\/20 md:dark:border-transparent print:hidden content-fade single-line flex flex-col\">\n<div class=\"relative mx-auto h-0\">\n<div class=\"flex h-0 items-end justify-center motion-safe:transition-all motion-safe:delay-300 motion-safe:duration-300 group-[:not([data-scroll-from-end])]\/scroll-root:scale-50 group-[:not([data-scroll-from-end])]\/scroll-root:translate-y-2 group-[:not([data-scroll-from-end])]\/scroll-root:opacity-0 group-[:not([data-scroll-from-end])]\/scroll-root:pointer-events-none group-[:not([data-scroll-from-end])]\/scroll-root:duration-100 group-[:not([data-scroll-from-end])]\/scroll-root:delay-0 absolute start-1\/2 z-10 -translate-x-1\/2 bottom-[calc(100%+6*var(--spacing)+var(--thread-scroll-to-bottom-banner-offset,0px))]\"><\/div>\n<\/div>\n<div id=\"thread-bottom\">\n<div>\n<div class=\"text-base mx-auto [--thread-content-margin:var(--thread-content-margin-xs,calc(var(--spacing)*4))] @w-sm\/main:[--thread-content-margin:var(--thread-content-margin-sm,calc(var(--spacing)*6))] @w-lg\/main:[--thread-content-margin:var(--thread-content-margin-lg,calc(var(--spacing)*16))] px-(--thread-content-margin)\">\n<div>\n<div class=\"[--thread-content-max-width:40rem] @w-lg\/main:[--thread-content-max-width:48rem] mx-auto max-w-(--thread-content-max-width) flex-1 mb-[var(--thread-component-gap,1rem)]\">\n<div class=\"flex justify-center empty:hidden\"><\/div>\n<div class=\"pointer-events-auto relative z-1 flex h-(--composer-container-height,100%) max-w-full flex-(--composer-container-flex,1) flex-col\">\n<div class=\"absolute start-0 end-0 bottom-full z-20\"><\/div>\n<form class=\"group\/composer w-full\" data-expanded=\"\" data-type=\"unified-composer\">\n<div class=\"hidden\"><input id=\"upload-files\" tabindex=\"-1\" multiple=\"multiple\" type=\"file\" \/><\/div>\n<div class=\"\">\n<div class=\"bg-token-bg-primary dark:bg-token-bg-elevated-primary dark-oled:bg-token-bg-primary corner-superellipse\/1.1 cursor-text overflow-clip bg-clip-padding p-2.5 contain-inline-size motion-safe:transition-colors motion-safe:duration-200 motion-safe:ease-in-out grid grid-cols-[auto_1fr_auto] [grid-template-areas:'header_header_header'_'leading_primary_trailing'_'._footer_.'] group-data-expanded\/composer:[grid-template-areas:'header_header_header'_'primary_primary_primary'_'leading_footer_trailing'] shadow-short-composer\" data-composer-surface=\"true\">\n<div class=\"[grid-area:leading]\"><\/div>\n<div class=\"-my-2.5 flex min-h-14 items-center overflow-x-hidden px-1.5 [grid-area:primary] group-data-expanded\/composer:mb-0 group-data-expanded\/composer:px-2.5\">\n<div class=\"wcDTda_prosemirror-parent text-token-text-primary max-h-[max(30svh,5rem)] max-h-52 min-h-[var(--deep-research-composer-extra-height,unset)] flex-1 overflow-auto [scrollbar-width:thin] default-browser vertical-scroll-fade-mask\"><textarea class=\"wcDTda_fallbackTextarea\" name=\"prompt-textarea\" placeholder=\"Ask anything\" aria-label=\"Chat with ChatGPT\" data-virtualkeyboard=\"true\"><\/textarea><\/p>\n<div id=\"prompt-textarea\" class=\"ProseMirror\" role=\"textbox\" contenteditable=\"true\" translate=\"no\" data-virtualkeyboard=\"true\" aria-multiline=\"true\" aria-label=\"Chat with ChatGPT\"><\/div>\n<\/div>\n<\/div>\n<div class=\"-m-1 max-w-full overflow-x-auto p-1 [grid-area:footer] [scrollbar-width:none]\" data-testid=\"composer-footer-actions\">\n<div class=\"flex min-w-fit items-center cant-hover:px-1.5 cant-hover:gap-1.5\">\n<div>\n<div class=\"__composer-pill-composite group relative\" data-tone=\"accent\"><button class=\"__composer-pill-remove\" type=\"button\" aria-label=\"Extended, click to remove\"><\/button><\/p>\n<div class=\"__composer-pill-icon\"><\/div>\n<\/div>\n<\/div>\n<\/div>\n<\/div>\n<div class=\"flex items-center gap-2 [grid-area:trailing]\">\n<div class=\"ms-auto flex items-center gap-1.5\">\n<div id=\"_r_1rr_\" class=\"overflow-visible bg-transparent inset-s-[anchor(center)] inset-e-auto top-[calc(anchor(bottom)+var(--spacing))] bottom-auto h-fit -translate-x-1\/2 [position-try-fallbacks:flip-block] z-50\" role=\"tooltip\" hidden=\"\"><\/div>\n<p><button class=\"composer-btn h-9 min-h-9 w-9 min-w-9\" type=\"button\" aria-label=\"Start dictation\" aria-describedby=\"_r_1rr_\"><\/button><\/p>\n<div>\n<div class=\"inline-flex\">\n<div><\/div>\n<\/div>\n<\/div>\n<\/div>\n<\/div>\n<\/div>\n<\/div>\n<\/form>\n<\/div>\n<\/div>\n<\/div>\n<\/div>\n<\/div>\n<\/div>\n<\/div>\n","protected":false},"excerpt":{"rendered":"<p>Este carregador compacto 4WD foi concebido para um manuseamento di\u00e1rio eficiente de materiais em quintas, armaz\u00e9ns, estaleiros e estaleiros de constru\u00e7\u00e3o. Equipado com um bra\u00e7o de eleva\u00e7\u00e3o hidr\u00e1ulico e uma pin\u00e7a de garfo, ajuda a mover paletes, feno, terra, res\u00edduos e mercadorias em \u00e1reas de trabalho estreitas com tra\u00e7\u00e3o est\u00e1vel e opera\u00e7\u00e3o simples.<\/p>","protected":false},"featured_media":418,"template":"","meta":{"_gspb_post_css":""},"product_brand":[],"product_cat":[15,18],"product_tag":[110,111,42],"class_list":{"0":"post-416","1":"product","2":"type-product","3":"status-publish","4":"has-post-thumbnail","6":"product_cat-mini-loader","7":"product_cat-electric-mini-loader","8":"product_tag-4wd-compact-loader","9":"product_tag-hydraulic-fork-grapple","10":"product_tag-material-handling-equipment","12":"first","13":"instock","14":"shipping-taxable","15":"product-type-simple"},"_links":{"self":[{"href":"https:\/\/chinaminiloader.com\/pt\/wp-json\/wp\/v2\/product\/416","targetHints":{"allow":["GET"]}}],"collection":[{"href":"https:\/\/chinaminiloader.com\/pt\/wp-json\/wp\/v2\/product"}],"about":[{"href":"https:\/\/chinaminiloader.com\/pt\/wp-json\/wp\/v2\/types\/product"}],"wp:featuredmedia":[{"embeddable":true,"href":"https:\/\/chinaminiloader.com\/pt\/wp-json\/wp\/v2\/media\/418"}],"wp:attachment":[{"href":"https:\/\/chinaminiloader.com\/pt\/wp-json\/wp\/v2\/media?parent=416"}],"wp:term":[{"taxonomy":"product_brand","embeddable":true,"href":"https:\/\/chinaminiloader.com\/pt\/wp-json\/wp\/v2\/product_brand?post=416"},{"taxonomy":"product_cat","embeddable":true,"href":"https:\/\/chinaminiloader.com\/pt\/wp-json\/wp\/v2\/product_cat?post=416"},{"taxonomy":"product_tag","embeddable":true,"href":"https:\/\/chinaminiloader.com\/pt\/wp-json\/wp\/v2\/product_tag?post=416"}],"curies":[{"name":"wp","href":"https:\/\/api.w.org\/{rel}","templated":true}]}}