{"id":375,"date":"2026-04-25T08:50:35","date_gmt":"2026-04-25T08:50:35","guid":{"rendered":"https:\/\/chinaminiloader.com\/?post_type=product&#038;p=375"},"modified":"2026-04-25T08:51:03","modified_gmt":"2026-04-25T08:51:03","slug":"custom-hydraulic-freight-elevator-for-warehouse-loading","status":"publish","type":"product","link":"https:\/\/chinaminiloader.com\/pt\/custom-hydraulic-freight-elevator-for-warehouse-loading\/","title":{"rendered":"Elevador de carga hidr\u00e1ulico personalizado para carregamento em armaz\u00e9m"},"content":{"rendered":"<p>Concebido para f\u00e1bricas, armaz\u00e9ns e mezaninos, este monta-cargas hidr\u00e1ulico proporciona uma eleva\u00e7\u00e3o vertical est\u00e1vel da carga com uma estrutura de a\u00e7o soldado, plataforma protegida, calhas de guia e acionamento hidr\u00e1ulico. O tamanho da plataforma, a altura de eleva\u00e7\u00e3o, a capacidade de carga e a dire\u00e7\u00e3o de entrada podem ser personalizados de acordo com as necessidades do local.<\/p>","protected":false},"excerpt":{"rendered":"<p>Concebido para f\u00e1bricas, armaz\u00e9ns e mezaninos, este monta-cargas hidr\u00e1ulico proporciona uma eleva\u00e7\u00e3o vertical est\u00e1vel da carga com uma estrutura de a\u00e7o soldado, plataforma protegida, calhas de guia e acionamento hidr\u00e1ulico. O tamanho da plataforma, a altura de eleva\u00e7\u00e3o, a capacidade de carga e a dire\u00e7\u00e3o de entrada podem ser personalizados de acordo com as necessidades do local.<\/p>","protected":false},"featured_media":380,"template":"","meta":{"_gspb_post_css":""},"product_brand":[],"product_cat":[19,21],"product_tag":[104,50,42],"class_list":{"0":"post-375","1":"product","2":"type-product","3":"status-publish","4":"has-post-thumbnail","6":"product_cat-freight-elevator","7":"product_cat-hydraulic-freight-elevator","8":"product_tag-cargo-lift","9":"product_tag-hydraulic-freight-elevator","10":"product_tag-material-handling-equipment","12":"first","13":"instock","14":"shipping-taxable","15":"product-type-simple"},"_links":{"self":[{"href":"https:\/\/chinaminiloader.com\/pt\/wp-json\/wp\/v2\/product\/375","targetHints":{"allow":["GET"]}}],"collection":[{"href":"https:\/\/chinaminiloader.com\/pt\/wp-json\/wp\/v2\/product"}],"about":[{"href":"https:\/\/chinaminiloader.com\/pt\/wp-json\/wp\/v2\/types\/product"}],"wp:featuredmedia":[{"embeddable":true,"href":"https:\/\/chinaminiloader.com\/pt\/wp-json\/wp\/v2\/media\/380"}],"wp:attachment":[{"href":"https:\/\/chinaminiloader.com\/pt\/wp-json\/wp\/v2\/media?parent=375"}],"wp:term":[{"taxonomy":"product_brand","embeddable":true,"href":"https:\/\/chinaminiloader.com\/pt\/wp-json\/wp\/v2\/product_brand?post=375"},{"taxonomy":"product_cat","embeddable":true,"href":"https:\/\/chinaminiloader.com\/pt\/wp-json\/wp\/v2\/product_cat?post=375"},{"taxonomy":"product_tag","embeddable":true,"href":"https:\/\/chinaminiloader.com\/pt\/wp-json\/wp\/v2\/product_tag?post=375"}],"curies":[{"name":"wp","href":"https:\/\/api.w.org\/{rel}","templated":true}]}}