{"id":324,"date":"2026-04-25T07:32:25","date_gmt":"2026-04-25T07:32:25","guid":{"rendered":"https:\/\/chinaminiloader.com\/?post_type=product&#038;p=324"},"modified":"2026-04-25T07:32:25","modified_gmt":"2026-04-25T07:32:25","slug":"hydraulic-mini-freight-elevator-for-material-handling-lift-58-characters","status":"publish","type":"product","link":"https:\/\/chinaminiloader.com\/pt\/hydraulic-mini-freight-elevator-for-material-handling-lift-58-characters\/","title":{"rendered":"Mini elevador de carga hidr\u00e1ulico para manuseamento de materiais 58 caracteres"},"content":{"rendered":"<p>O nosso mini-elevador de carga hidr\u00e1ulico foi concebido para um manuseamento vertical eficiente de materiais em oficinas, armaz\u00e9ns, f\u00e1bricas, mezzanines e \u00e1reas de constru\u00e7\u00e3o. A estrutura compacta do mastro, a plataforma refor\u00e7ada e os guarda-corpos de prote\u00e7\u00e3o permitem um carregamento est\u00e1vel, ocupando pouco espa\u00e7o no ch\u00e3o. Com eleva\u00e7\u00e3o hidr\u00e1ulica, op\u00e7\u00f5es de controlo el\u00e9trico e uma pr\u00e1tica rampa de carga, o elevador ajuda os operadores a mover caixas de cart\u00e3o, ferramentas, componentes e pequenos equipamentos entre n\u00edveis com menos esfor\u00e7o manual. A m\u00e1quina pode ser personalizada em termos de tamanho da plataforma, altura de eleva\u00e7\u00e3o, capacidade, cor e m\u00e9todo de controlo para se adequar a diferentes disposi\u00e7\u00f5es do local. \u00c9 uma solu\u00e7\u00e3o fi\u00e1vel para melhorar o fluxo de trabalho, reduzir o tempo de manuseamento e apoiar a transfer\u00eancia de carga.<\/p>","protected":false},"excerpt":{"rendered":"<p>Este mini elevador de carga hidr\u00e1ulico foi concebido para o transporte vertical compacto de carga em f\u00e1bricas, armaz\u00e9ns e estaleiros de constru\u00e7\u00e3o. Uma estrutura de a\u00e7o est\u00e1vel, uma plataforma protegida, um sistema de eleva\u00e7\u00e3o hidr\u00e1ulico e controlos f\u00e1ceis ajudam a mover ferramentas, caixas de cart\u00e3o e materiais em seguran\u00e7a entre pisos, poupando tempo de trabalho.<\/p>","protected":false},"featured_media":327,"template":"","meta":{"_gspb_post_css":""},"product_brand":[],"product_cat":[19,21],"product_tag":[44,50,58],"class_list":{"0":"post-324","1":"product","2":"type-product","3":"status-publish","4":"has-post-thumbnail","6":"product_cat-freight-elevator","7":"product_cat-hydraulic-freight-elevator","8":"product_tag-construction-platform","9":"product_tag-hydraulic-freight-elevator","10":"product_tag-material-handling-lift","12":"first","13":"instock","14":"shipping-taxable","15":"product-type-simple"},"_links":{"self":[{"href":"https:\/\/chinaminiloader.com\/pt\/wp-json\/wp\/v2\/product\/324","targetHints":{"allow":["GET"]}}],"collection":[{"href":"https:\/\/chinaminiloader.com\/pt\/wp-json\/wp\/v2\/product"}],"about":[{"href":"https:\/\/chinaminiloader.com\/pt\/wp-json\/wp\/v2\/types\/product"}],"wp:featuredmedia":[{"embeddable":true,"href":"https:\/\/chinaminiloader.com\/pt\/wp-json\/wp\/v2\/media\/327"}],"wp:attachment":[{"href":"https:\/\/chinaminiloader.com\/pt\/wp-json\/wp\/v2\/media?parent=324"}],"wp:term":[{"taxonomy":"product_brand","embeddable":true,"href":"https:\/\/chinaminiloader.com\/pt\/wp-json\/wp\/v2\/product_brand?post=324"},{"taxonomy":"product_cat","embeddable":true,"href":"https:\/\/chinaminiloader.com\/pt\/wp-json\/wp\/v2\/product_cat?post=324"},{"taxonomy":"product_tag","embeddable":true,"href":"https:\/\/chinaminiloader.com\/pt\/wp-json\/wp\/v2\/product_tag?post=324"}],"curies":[{"name":"wp","href":"https:\/\/api.w.org\/{rel}","templated":true}]}}