{"id":318,"date":"2026-04-25T07:18:52","date_gmt":"2026-04-25T07:18:52","guid":{"rendered":"https:\/\/chinaminiloader.com\/?post_type=product&#038;p=318"},"modified":"2026-04-25T07:18:52","modified_gmt":"2026-04-25T07:18:52","slug":"electric-mini-freight-elevator","status":"publish","type":"product","link":"https:\/\/chinaminiloader.com\/pt\/electric-mini-freight-elevator\/","title":{"rendered":"Mini elevador el\u00e9trico de carga"},"content":{"rendered":"<p>Concebido para um manuseamento vertical eficiente de materiais, este mini-elevador de carga el\u00e9trico ajuda f\u00e1bricas, armaz\u00e9ns, oficinas e projectos de constru\u00e7\u00e3o a elevar mercadorias com uma estrutura compacta e que poupa o ch\u00e3o. O mastro de a\u00e7o, a plataforma fechada e o design da prote\u00e7\u00e3o suportam um carregamento est\u00e1vel, reduzindo o transporte manual entre n\u00edveis. O seu sistema de eleva\u00e7\u00e3o el\u00e9trico simples \u00e9 adequado para ferramentas, caixas de cart\u00e3o, pe\u00e7as, equipamento pequeno e outras cargas sem passageiros. Como um fabricante chin\u00eas, n\u00f3s podemos ajustar o tamanho da plataforma, altura de eleva\u00e7\u00e3o, cor e estrutura de acordo com as necessidades do projeto. A unidade \u00e9 pr\u00e1tica para locais de trabalho interiores e exteriores que requerem uma eleva\u00e7\u00e3o de mercadorias fi\u00e1vel, econ\u00f3mica e eficiente em termos de espa\u00e7o para opera\u00e7\u00f5es di\u00e1rias e tarefas de manuten\u00e7\u00e3o.<\/p>","protected":false},"excerpt":{"rendered":"<p>Este mini-elevador de carga el\u00e9trico tem uma estrutura compacta, uma plataforma est\u00e1vel e guarda-corpos de prote\u00e7\u00e3o para transportar mercadorias entre pisos. As suas dimens\u00f5es reduzidas adaptam-se a armaz\u00e9ns, oficinas, lojas e estaleiros de constru\u00e7\u00e3o. A personaliza\u00e7\u00e3o de f\u00e1brica suporta diferentes tamanhos de plataforma e alturas de eleva\u00e7\u00e3o para o trabalho di\u00e1rio.<\/p>","protected":false},"featured_media":320,"template":"","meta":{"_gspb_post_css":""},"product_brand":[],"product_cat":[19,20],"product_tag":[89,91,90],"class_list":{"0":"post-318","1":"product","2":"type-product","3":"status-publish","4":"has-post-thumbnail","6":"product_cat-freight-elevator","7":"product_cat-electric-freight-elevator","8":"product_tag-electric-freight-elevator","9":"product_tag-material-lifting-platform","10":"product_tag-mini-cargo-lift","12":"first","13":"instock","14":"shipping-taxable","15":"product-type-simple"},"_links":{"self":[{"href":"https:\/\/chinaminiloader.com\/pt\/wp-json\/wp\/v2\/product\/318","targetHints":{"allow":["GET"]}}],"collection":[{"href":"https:\/\/chinaminiloader.com\/pt\/wp-json\/wp\/v2\/product"}],"about":[{"href":"https:\/\/chinaminiloader.com\/pt\/wp-json\/wp\/v2\/types\/product"}],"wp:featuredmedia":[{"embeddable":true,"href":"https:\/\/chinaminiloader.com\/pt\/wp-json\/wp\/v2\/media\/320"}],"wp:attachment":[{"href":"https:\/\/chinaminiloader.com\/pt\/wp-json\/wp\/v2\/media?parent=318"}],"wp:term":[{"taxonomy":"product_brand","embeddable":true,"href":"https:\/\/chinaminiloader.com\/pt\/wp-json\/wp\/v2\/product_brand?post=318"},{"taxonomy":"product_cat","embeddable":true,"href":"https:\/\/chinaminiloader.com\/pt\/wp-json\/wp\/v2\/product_cat?post=318"},{"taxonomy":"product_tag","embeddable":true,"href":"https:\/\/chinaminiloader.com\/pt\/wp-json\/wp\/v2\/product_tag?post=318"}],"curies":[{"name":"wp","href":"https:\/\/api.w.org\/{rel}","templated":true}]}}