{"id":288,"date":"2026-04-25T06:33:59","date_gmt":"2026-04-25T06:33:59","guid":{"rendered":"https:\/\/chinaminiloader.com\/?post_type=product&#038;p=288"},"modified":"2026-04-25T06:33:59","modified_gmt":"2026-04-25T06:33:59","slug":"electric-tricycle-scissor-lift-platform-for-site-work-use","status":"publish","type":"product","link":"https:\/\/chinaminiloader.com\/pt\/electric-tricycle-scissor-lift-platform-for-site-work-use\/","title":{"rendered":"Plataforma elevat\u00f3ria el\u00e9ctrica tipo tesoura triciclo para utiliza\u00e7\u00e3o em obras"},"content":{"rendered":"<p>Este elevador el\u00e9trico de tesoura triciclo combina a desloca\u00e7\u00e3o alimentada por bateria com uma plataforma de eleva\u00e7\u00e3o hidr\u00e1ulica para trabalhos a\u00e9reos flex\u00edveis. A plataforma protegida, a estrutura de tesoura para trabalhos pesados e os quatro estabilizadores apoiam uma opera\u00e7\u00e3o segura durante as tarefas de manuten\u00e7\u00e3o, instala\u00e7\u00e3o, log\u00edstica e constru\u00e7\u00e3o.<\/p>","protected":false},"excerpt":{"rendered":"<p>Este elevador el\u00e9trico de tesoura triciclo combina a desloca\u00e7\u00e3o alimentada por bateria com uma plataforma de eleva\u00e7\u00e3o hidr\u00e1ulica para trabalhos a\u00e9reos flex\u00edveis. A plataforma protegida, a estrutura de tesoura para trabalhos pesados e os quatro estabilizadores apoiam uma opera\u00e7\u00e3o segura durante as tarefas de manuten\u00e7\u00e3o, instala\u00e7\u00e3o, log\u00edstica e constru\u00e7\u00e3o.<\/p>","protected":false},"featured_media":293,"template":"","meta":{"_gspb_post_css":""},"product_brand":[],"product_cat":[23,22],"product_tag":[83,39,84],"class_list":{"0":"post-288","1":"product","2":"type-product","3":"status-publish","4":"has-post-thumbnail","6":"product_cat-electric-tricycle-lift-truck","7":"product_cat-lift-platform","8":"product_tag-electric-tricycle-lift","9":"product_tag-mobile-aerial-work-platform","10":"product_tag-scissor-lift-platform","12":"first","13":"instock","14":"shipping-taxable","15":"product-type-simple"},"_links":{"self":[{"href":"https:\/\/chinaminiloader.com\/pt\/wp-json\/wp\/v2\/product\/288","targetHints":{"allow":["GET"]}}],"collection":[{"href":"https:\/\/chinaminiloader.com\/pt\/wp-json\/wp\/v2\/product"}],"about":[{"href":"https:\/\/chinaminiloader.com\/pt\/wp-json\/wp\/v2\/types\/product"}],"wp:featuredmedia":[{"embeddable":true,"href":"https:\/\/chinaminiloader.com\/pt\/wp-json\/wp\/v2\/media\/293"}],"wp:attachment":[{"href":"https:\/\/chinaminiloader.com\/pt\/wp-json\/wp\/v2\/media?parent=288"}],"wp:term":[{"taxonomy":"product_brand","embeddable":true,"href":"https:\/\/chinaminiloader.com\/pt\/wp-json\/wp\/v2\/product_brand?post=288"},{"taxonomy":"product_cat","embeddable":true,"href":"https:\/\/chinaminiloader.com\/pt\/wp-json\/wp\/v2\/product_cat?post=288"},{"taxonomy":"product_tag","embeddable":true,"href":"https:\/\/chinaminiloader.com\/pt\/wp-json\/wp\/v2\/product_tag?post=288"}],"curies":[{"name":"wp","href":"https:\/\/api.w.org\/{rel}","templated":true}]}}