{"id":287,"date":"2026-04-25T06:43:41","date_gmt":"2026-04-25T06:43:41","guid":{"rendered":"https:\/\/chinaminiloader.com\/?post_type=product&#038;p=287"},"modified":"2026-04-25T06:43:41","modified_gmt":"2026-04-25T06:43:41","slug":"mobile-hydraulic-material-handling-lift-platform-for-cargo","status":"publish","type":"product","link":"https:\/\/chinaminiloader.com\/pt\/mobile-hydraulic-material-handling-lift-platform-for-cargo\/","title":{"rendered":"Plataforma elevat\u00f3ria hidr\u00e1ulica m\u00f3vel para manuseamento de materiais de carga"},"content":{"rendered":"<p>Concebida para f\u00e1bricas, armaz\u00e9ns, estaleiros log\u00edsticos e estaleiros de constru\u00e7\u00e3o, esta plataforma elevat\u00f3ria hidr\u00e1ulica m\u00f3vel ajuda a elevar materiais de forma eficiente entre n\u00edveis de trabalho. A estrutura utiliza colunas de mastro resistentes, eleva\u00e7\u00e3o acionada por corrente, barreiras de prote\u00e7\u00e3o, pernas de apoio e rodas dur\u00e1veis para um funcionamento est\u00e1vel e f\u00e1cil reposicionamento. A sua ampla plataforma \u00e9 adequada para carregar mercadorias, ferramentas, equipamento e materiais de constru\u00e7\u00e3o onde os elevadores de carga fixos n\u00e3o s\u00e3o pr\u00e1ticos. O design compacto reboc\u00e1vel permite uma utiliza\u00e7\u00e3o flex\u00edvel em diferentes \u00e1reas de trabalho, enquanto a pega de controlo el\u00e9trico melhora a comodidade do operador. \u00c9 uma solu\u00e7\u00e3o pr\u00e1tica para manuseamento de materiais, acesso para manuten\u00e7\u00e3o e aplica\u00e7\u00f5es tempor\u00e1rias de eleva\u00e7\u00e3o de carga em locais exigentes do dia a dia.<\/p>","protected":false},"excerpt":{"rendered":"<p>Esta plataforma de eleva\u00e7\u00e3o hidr\u00e1ulica m\u00f3vel foi concebida para o carregamento eficiente de cargas, transfer\u00eancia de armaz\u00e9ns e manuseamento de materiais de constru\u00e7\u00e3o. As estruturas de mastro duplo, as correntes refor\u00e7adas, as grades de prote\u00e7\u00e3o de seguran\u00e7a, as pernas de apoio e as rodas m\u00f3veis ajudam a proporcionar uma eleva\u00e7\u00e3o est\u00e1vel, um posicionamento flex\u00edvel e um funcionamento di\u00e1rio fi\u00e1vel<\/p>","protected":false},"featured_media":303,"template":"","meta":{"_gspb_post_css":""},"product_brand":[],"product_cat":[24,22],"product_tag":[85,42,68],"class_list":{"0":"post-287","1":"product","2":"type-product","3":"status-publish","4":"has-post-thumbnail","6":"product_cat-masonry-lifting-platform","7":"product_cat-lift-platform","8":"product_tag-hydraulic-freight-lift","9":"product_tag-material-handling-equipment","10":"product_tag-mobile-lifting-platform","12":"first","13":"instock","14":"shipping-taxable","15":"product-type-simple"},"_links":{"self":[{"href":"https:\/\/chinaminiloader.com\/pt\/wp-json\/wp\/v2\/product\/287","targetHints":{"allow":["GET"]}}],"collection":[{"href":"https:\/\/chinaminiloader.com\/pt\/wp-json\/wp\/v2\/product"}],"about":[{"href":"https:\/\/chinaminiloader.com\/pt\/wp-json\/wp\/v2\/types\/product"}],"wp:featuredmedia":[{"embeddable":true,"href":"https:\/\/chinaminiloader.com\/pt\/wp-json\/wp\/v2\/media\/303"}],"wp:attachment":[{"href":"https:\/\/chinaminiloader.com\/pt\/wp-json\/wp\/v2\/media?parent=287"}],"wp:term":[{"taxonomy":"product_brand","embeddable":true,"href":"https:\/\/chinaminiloader.com\/pt\/wp-json\/wp\/v2\/product_brand?post=287"},{"taxonomy":"product_cat","embeddable":true,"href":"https:\/\/chinaminiloader.com\/pt\/wp-json\/wp\/v2\/product_cat?post=287"},{"taxonomy":"product_tag","embeddable":true,"href":"https:\/\/chinaminiloader.com\/pt\/wp-json\/wp\/v2\/product_tag?post=287"}],"curies":[{"name":"wp","href":"https:\/\/api.w.org\/{rel}","templated":true}]}}