{"id":280,"date":"2026-04-25T04:08:49","date_gmt":"2026-04-25T04:08:49","guid":{"rendered":"https:\/\/chinaminiloader.com\/?post_type=product&#038;p=280"},"modified":"2026-04-25T04:08:49","modified_gmt":"2026-04-25T04:08:49","slug":"remote-control-tracked-gasoline-lawn-mower-for-slope-use","status":"publish","type":"product","link":"https:\/\/chinaminiloader.com\/pt\/remote-control-tracked-gasoline-lawn-mower-for-slope-use\/","title":{"rendered":"Cortador de relva a gasolina com lagartas de controlo remoto para utiliza\u00e7\u00e3o em declives"},"content":{"rendered":"<p>O nosso cortador de relva a gasolina com rastos de controlo remoto foi concebido para uma gest\u00e3o eficiente da vegeta\u00e7\u00e3o em encostas, pomares, quintas, parques e projectos de bermas de estradas. O sistema de rastos de borracha proporciona um movimento est\u00e1vel em terrenos irregulares, enquanto o motor a gasolina suporta um desempenho de corte potente sem limites de cabo. Os operadores podem controlar a m\u00e1quina a partir de uma dist\u00e2ncia mais segura, reduzindo o trabalho manual e a exposi\u00e7\u00e3o a detritos. A estrutura de a\u00e7o compacta, a prote\u00e7\u00e3o frontal, o bot\u00e3o de paragem de emerg\u00eancia e a plataforma de corte robusta tornam-na adequada para trabalhos exigentes no exterior. \u00c9 uma escolha pr\u00e1tica para empreiteiros, equipas de manuten\u00e7\u00e3o municipal e propriet\u00e1rios de terras que necessitem de flexibilidade e poupan\u00e7a de trabalho no controlo de ervas daninhas e relva.<\/p>","protected":false},"excerpt":{"rendered":"<p>Este cortador de relva a gasolina de rastos com controlo remoto foi concebido para cortar relva em encostas, pomares, quintas e bermas de estradas. O chassis de lagartas melhora a tra\u00e7\u00e3o e a estabilidade, enquanto a carro\u00e7aria compacta, o para-choques de prote\u00e7\u00e3o e o controlo remoto ajudam os operadores a cortar ervas daninhas a uma dist\u00e2ncia mais segura e a poupar trabalho rapidamente.<\/p>","protected":false},"featured_media":286,"template":"","meta":{"_gspb_post_css":""},"product_brand":[],"product_cat":[25,27],"product_tag":[80,64,82],"class_list":{"0":"post-280","1":"product","2":"type-product","3":"status-publish","4":"has-post-thumbnail","6":"product_cat-lawn-mower","7":"product_cat-crawler-lawn-mower","8":"product_tag-remote-control-lawn-mower","9":"product_tag-slope-grass-cutter","10":"product_tag-tracked-gasoline-mower","12":"first","13":"instock","14":"shipping-taxable","15":"product-type-simple"},"_links":{"self":[{"href":"https:\/\/chinaminiloader.com\/pt\/wp-json\/wp\/v2\/product\/280","targetHints":{"allow":["GET"]}}],"collection":[{"href":"https:\/\/chinaminiloader.com\/pt\/wp-json\/wp\/v2\/product"}],"about":[{"href":"https:\/\/chinaminiloader.com\/pt\/wp-json\/wp\/v2\/types\/product"}],"wp:featuredmedia":[{"embeddable":true,"href":"https:\/\/chinaminiloader.com\/pt\/wp-json\/wp\/v2\/media\/286"}],"wp:attachment":[{"href":"https:\/\/chinaminiloader.com\/pt\/wp-json\/wp\/v2\/media?parent=280"}],"wp:term":[{"taxonomy":"product_brand","embeddable":true,"href":"https:\/\/chinaminiloader.com\/pt\/wp-json\/wp\/v2\/product_brand?post=280"},{"taxonomy":"product_cat","embeddable":true,"href":"https:\/\/chinaminiloader.com\/pt\/wp-json\/wp\/v2\/product_cat?post=280"},{"taxonomy":"product_tag","embeddable":true,"href":"https:\/\/chinaminiloader.com\/pt\/wp-json\/wp\/v2\/product_tag?post=280"}],"curies":[{"name":"wp","href":"https:\/\/api.w.org\/{rel}","templated":true}]}}