{"id":266,"date":"2026-04-25T03:23:31","date_gmt":"2026-04-25T03:23:31","guid":{"rendered":"https:\/\/chinaminiloader.com\/?post_type=product&#038;p=266"},"modified":"2026-04-25T03:23:31","modified_gmt":"2026-04-25T03:23:31","slug":"hydraulic-freight-elevators-for-efficient-material-handling","status":"publish","type":"product","link":"https:\/\/chinaminiloader.com\/pt\/hydraulic-freight-elevators-for-efficient-material-handling\/","title":{"rendered":"Elevadores de carga hidr\u00e1ulicos para um manuseamento eficiente de materiais"},"content":{"rendered":"<p>Concebidos para utiliza\u00e7\u00e3o em trabalhos pesados, os nossos elevadores hidr\u00e1ulicos de carga s\u00e3o constru\u00eddos para satisfazer as exig\u00eancias de estaleiros de constru\u00e7\u00e3o, armaz\u00e9ns e f\u00e1bricas. Com um enfoque na durabilidade e seguran\u00e7a, estes elevadores facilitam o manuseamento suave de materiais, permitindo o transporte eficiente de mercadorias entre pisos. O sistema hidr\u00e1ulico avan\u00e7ado assegura um movimento potente e preciso, enquanto a estrutura duradoura garante um desempenho de longa dura\u00e7\u00e3o, mesmo nos ambientes mais exigentes. Quer seja para elevar maquinaria pesada, materiais ou produtos, os nossos elevadores de carga hidr\u00e1ulicos fornecem uma solu\u00e7\u00e3o fi\u00e1vel para as suas necessidades de manuseamento de materiais.<\/p>","protected":false},"excerpt":{"rendered":"<p>Os nossos elevadores hidr\u00e1ulicos de carga s\u00e3o concebidos para um manuseamento robusto de materiais em ambientes industriais e de constru\u00e7\u00e3o. Apresentam uma elevada capacidade de carga, um funcionamento suave e carater\u00edsticas de seguran\u00e7a, tornando-os ideais para o transporte de mercadorias pesadas em v\u00e1rios pisos de armaz\u00e9ns, f\u00e1bricas e estaleiros de constru\u00e7\u00e3o.<\/p>","protected":false},"featured_media":271,"template":"","meta":{"_gspb_post_css":""},"product_brand":[],"product_cat":[19,21],"product_tag":[44,50,42],"class_list":{"0":"post-266","1":"product","2":"type-product","3":"status-publish","4":"has-post-thumbnail","6":"product_cat-freight-elevator","7":"product_cat-hydraulic-freight-elevator","8":"product_tag-construction-platform","9":"product_tag-hydraulic-freight-elevator","10":"product_tag-material-handling-equipment","12":"first","13":"instock","14":"shipping-taxable","15":"product-type-simple"},"_links":{"self":[{"href":"https:\/\/chinaminiloader.com\/pt\/wp-json\/wp\/v2\/product\/266","targetHints":{"allow":["GET"]}}],"collection":[{"href":"https:\/\/chinaminiloader.com\/pt\/wp-json\/wp\/v2\/product"}],"about":[{"href":"https:\/\/chinaminiloader.com\/pt\/wp-json\/wp\/v2\/types\/product"}],"wp:featuredmedia":[{"embeddable":true,"href":"https:\/\/chinaminiloader.com\/pt\/wp-json\/wp\/v2\/media\/271"}],"wp:attachment":[{"href":"https:\/\/chinaminiloader.com\/pt\/wp-json\/wp\/v2\/media?parent=266"}],"wp:term":[{"taxonomy":"product_brand","embeddable":true,"href":"https:\/\/chinaminiloader.com\/pt\/wp-json\/wp\/v2\/product_brand?post=266"},{"taxonomy":"product_cat","embeddable":true,"href":"https:\/\/chinaminiloader.com\/pt\/wp-json\/wp\/v2\/product_cat?post=266"},{"taxonomy":"product_tag","embeddable":true,"href":"https:\/\/chinaminiloader.com\/pt\/wp-json\/wp\/v2\/product_tag?post=266"}],"curies":[{"name":"wp","href":"https:\/\/api.w.org\/{rel}","templated":true}]}}