{"id":259,"date":"2026-04-25T03:14:36","date_gmt":"2026-04-25T03:14:36","guid":{"rendered":"https:\/\/chinaminiloader.com\/?post_type=product&#038;p=259"},"modified":"2026-04-25T03:14:37","modified_gmt":"2026-04-25T03:14:37","slug":"high-quality-electric-freight-elevators-construction-platforms","status":"publish","type":"product","link":"https:\/\/chinaminiloader.com\/pt\/high-quality-electric-freight-elevators-construction-platforms\/","title":{"rendered":"Elevadores el\u00e9ctricos de carga e plataformas de constru\u00e7\u00e3o de alta qualidade"},"content":{"rendered":"<p>Somos especializados no fabrico de elevadores el\u00e9ctricos de carga e plataformas de constru\u00e7\u00e3o para ind\u00fastrias que requerem um manuseamento de materiais de elevada efici\u00eancia. Estes sistemas robustos s\u00e3o concebidos para proporcionar um transporte vertical seguro e fi\u00e1vel de mercadorias pesadas. Quer seja para estaleiros de constru\u00e7\u00e3o ou armaz\u00e9ns de grande escala, os nossos produtos oferecem um desempenho superior com materiais duradouros e tecnologia moderna. Cada unidade \u00e9 constru\u00edda para seguran\u00e7a, facilidade de utiliza\u00e7\u00e3o e efici\u00eancia, garantindo a entrega r\u00e1pida de materiais em v\u00e1rios andares. Concebidos para suportar cargas pesadas, s\u00e3o uma ferramenta essencial para aumentar a produtividade e simplificar as opera\u00e7\u00f5es em v\u00e1rios sectores.<\/p>","protected":false},"excerpt":{"rendered":"<p>Os nossos elevadores el\u00e9ctricos de carga e plataformas de constru\u00e7\u00e3o s\u00e3o concebidos para eleva\u00e7\u00e3o de cargas pesadas e manuseamento eficiente de materiais. Constru\u00eddos com materiais duradouros e tecnologia avan\u00e7ada, asseguram um funcionamento sem problemas em ambientes industriais, comerciais e de constru\u00e7\u00e3o. Fi\u00e1veis e seguros para o transporte vertical.<\/p>","protected":false},"featured_media":264,"template":"","meta":{"_gspb_post_css":""},"product_brand":[],"product_cat":[19,20],"product_tag":[44,31,42],"class_list":{"0":"post-259","1":"product","2":"type-product","3":"status-publish","4":"has-post-thumbnail","6":"product_cat-freight-elevator","7":"product_cat-electric-freight-elevator","8":"product_tag-construction-platform","9":"product_tag-freight-elevator","10":"product_tag-material-handling-equipment","12":"first","13":"instock","14":"shipping-taxable","15":"product-type-simple"},"_links":{"self":[{"href":"https:\/\/chinaminiloader.com\/pt\/wp-json\/wp\/v2\/product\/259","targetHints":{"allow":["GET"]}}],"collection":[{"href":"https:\/\/chinaminiloader.com\/pt\/wp-json\/wp\/v2\/product"}],"about":[{"href":"https:\/\/chinaminiloader.com\/pt\/wp-json\/wp\/v2\/types\/product"}],"wp:featuredmedia":[{"embeddable":true,"href":"https:\/\/chinaminiloader.com\/pt\/wp-json\/wp\/v2\/media\/264"}],"wp:attachment":[{"href":"https:\/\/chinaminiloader.com\/pt\/wp-json\/wp\/v2\/media?parent=259"}],"wp:term":[{"taxonomy":"product_brand","embeddable":true,"href":"https:\/\/chinaminiloader.com\/pt\/wp-json\/wp\/v2\/product_brand?post=259"},{"taxonomy":"product_cat","embeddable":true,"href":"https:\/\/chinaminiloader.com\/pt\/wp-json\/wp\/v2\/product_cat?post=259"},{"taxonomy":"product_tag","embeddable":true,"href":"https:\/\/chinaminiloader.com\/pt\/wp-json\/wp\/v2\/product_tag?post=259"}],"curies":[{"name":"wp","href":"https:\/\/api.w.org\/{rel}","templated":true}]}}