{"id":224,"date":"2026-04-25T02:02:23","date_gmt":"2026-04-25T02:02:23","guid":{"rendered":"https:\/\/chinaminiloader.com\/?post_type=product&#038;p=224"},"modified":"2026-04-25T02:02:23","modified_gmt":"2026-04-25T02:02:23","slug":"hydraulic-cargo-lift-platform-for-warehouse-freight-use","status":"publish","type":"product","link":"https:\/\/chinaminiloader.com\/pt\/hydraulic-cargo-lift-platform-for-warehouse-freight-use\/","title":{"rendered":"Plataforma elevat\u00f3ria de carga hidr\u00e1ulica para utiliza\u00e7\u00e3o em armaz\u00e9ns de carga"},"content":{"rendered":"<p>A nossa plataforma elevat\u00f3ria de carga hidr\u00e1ulica \u00e9 uma solu\u00e7\u00e3o fi\u00e1vel para o transporte vertical de mercadorias em ambientes industriais. Amplamente utilizada em armaz\u00e9ns, oficinas, f\u00e1bricas e estaleiros de constru\u00e7\u00e3o, garante uma carga e descarga segura e eficiente de mercadorias pesadas. Constru\u00edda com uma forte estrutura de a\u00e7o e um sistema de eleva\u00e7\u00e3o hidr\u00e1ulico est\u00e1vel, a plataforma oferece um funcionamento suave, uma elevada capacidade de carga e uma longa vida \u00fatil. As calhas de seguran\u00e7a, as fun\u00e7\u00f5es de paragem de emerg\u00eancia e os tamanhos de plataforma personaliz\u00e1veis proporcionam maior prote\u00e7\u00e3o e flexibilidade. Apoiamos o fabrico OEM e personalizado com base na sua altura de eleva\u00e7\u00e3o, capacidade de carga e requisitos de instala\u00e7\u00e3o, ajudando os clientes a melhorar o fluxo de trabalho e a reduzir os custos de m\u00e3o de obra.<\/p>","protected":false},"excerpt":{"rendered":"<p>Esta plataforma elevat\u00f3ria de carga hidr\u00e1ulica foi concebida para o transporte vertical seguro e eficiente de mercadorias em armaz\u00e9ns, f\u00e1bricas e estaleiros de constru\u00e7\u00e3o. Com um desempenho de eleva\u00e7\u00e3o est\u00e1vel, uma estrutura de a\u00e7o forte e uma capacidade de carga personaliz\u00e1vel, melhora a efici\u00eancia do manuseamento de materiais.<\/p>","protected":false},"featured_media":227,"template":"","meta":{"_gspb_post_css":""},"product_brand":[],"product_cat":[19,21],"product_tag":[59,74,60],"class_list":{"0":"post-224","1":"product","2":"type-product","3":"status-publish","4":"has-post-thumbnail","6":"product_cat-freight-elevator","7":"product_cat-hydraulic-freight-elevator","8":"product_tag-hydraulic-cargo-lift","9":"product_tag-material-handling-platform","10":"product_tag-warehouse-freight-elevator","12":"first","13":"instock","14":"shipping-taxable","15":"product-type-simple"},"_links":{"self":[{"href":"https:\/\/chinaminiloader.com\/pt\/wp-json\/wp\/v2\/product\/224","targetHints":{"allow":["GET"]}}],"collection":[{"href":"https:\/\/chinaminiloader.com\/pt\/wp-json\/wp\/v2\/product"}],"about":[{"href":"https:\/\/chinaminiloader.com\/pt\/wp-json\/wp\/v2\/types\/product"}],"wp:featuredmedia":[{"embeddable":true,"href":"https:\/\/chinaminiloader.com\/pt\/wp-json\/wp\/v2\/media\/227"}],"wp:attachment":[{"href":"https:\/\/chinaminiloader.com\/pt\/wp-json\/wp\/v2\/media?parent=224"}],"wp:term":[{"taxonomy":"product_brand","embeddable":true,"href":"https:\/\/chinaminiloader.com\/pt\/wp-json\/wp\/v2\/product_brand?post=224"},{"taxonomy":"product_cat","embeddable":true,"href":"https:\/\/chinaminiloader.com\/pt\/wp-json\/wp\/v2\/product_cat?post=224"},{"taxonomy":"product_tag","embeddable":true,"href":"https:\/\/chinaminiloader.com\/pt\/wp-json\/wp\/v2\/product_tag?post=224"}],"curies":[{"name":"wp","href":"https:\/\/api.w.org\/{rel}","templated":true}]}}