{"id":173,"date":"2026-04-24T11:41:52","date_gmt":"2026-04-24T11:41:52","guid":{"rendered":"https:\/\/chinaminiloader.com\/?post_type=product&#038;p=173"},"modified":"2026-04-24T11:41:52","modified_gmt":"2026-04-24T11:41:52","slug":"remote-control-crawler-gasoline-lawn-mower-for-slopes","status":"publish","type":"product","link":"https:\/\/chinaminiloader.com\/pt\/remote-control-crawler-gasoline-lawn-mower-for-slopes\/","title":{"rendered":"Cortador de relva a gasolina de rastos com controlo remoto para encostas"},"content":{"rendered":"<p>O nosso cortador de relva de rastos a gasolina com controlo remoto foi especialmente concebido para ambientes de corte dif\u00edceis, como encostas, pomares, prados, margens de rios e terrenos irregulares. Alimentado por um fi\u00e1vel motor a gasolina, oferece uma forte pot\u00eancia, um excelente desempenho em subidas e um funcionamento est\u00e1vel em declives acentuados. O sistema de lagartas melhora a tra\u00e7\u00e3o e a mobilidade, reduzindo a press\u00e3o sobre o solo. Com a opera\u00e7\u00e3o de controlo remoto, os utilizadores podem gerir com seguran\u00e7a as tarefas de corte \u00e0 dist\u00e2ncia, melhorando a seguran\u00e7a e a efici\u00eancia do trabalho. Esta m\u00e1quina \u00e9 ideal para utiliza\u00e7\u00e3o agr\u00edcola, manuten\u00e7\u00e3o paisag\u00edstica e gest\u00e3o comercial da vegeta\u00e7\u00e3o em locais onde os cortadores de relva tradicionais n\u00e3o conseguem operar facilmente.<\/p>","protected":false},"excerpt":{"rendered":"<p>Este cortador de relva de rastos a gasolina com controlo remoto foi concebido para declives acentuados, pomares, campos e terrenos acidentados. Equipado com um potente motor a gasolina, rastos de lagartas dur\u00e1veis e uma forte capacidade de subida, proporciona um corte de relva eficiente com uma opera\u00e7\u00e3o remota segura.<\/p>","protected":false},"featured_media":176,"template":"","meta":{"_gspb_post_css":""},"product_brand":[],"product_cat":[25,26],"product_tag":[66,67,65],"class_list":{"0":"post-173","1":"product","2":"type-product","3":"status-publish","4":"has-post-thumbnail","6":"product_cat-lawn-mower","7":"product_cat-4wd-lawn-mower","8":"product_tag-crawler-grass-cutter","9":"product_tag-gasoline-slope-mower","10":"product_tag-remote-lawn-mower","12":"first","13":"instock","14":"shipping-taxable","15":"product-type-simple"},"_links":{"self":[{"href":"https:\/\/chinaminiloader.com\/pt\/wp-json\/wp\/v2\/product\/173","targetHints":{"allow":["GET"]}}],"collection":[{"href":"https:\/\/chinaminiloader.com\/pt\/wp-json\/wp\/v2\/product"}],"about":[{"href":"https:\/\/chinaminiloader.com\/pt\/wp-json\/wp\/v2\/types\/product"}],"wp:featuredmedia":[{"embeddable":true,"href":"https:\/\/chinaminiloader.com\/pt\/wp-json\/wp\/v2\/media\/176"}],"wp:attachment":[{"href":"https:\/\/chinaminiloader.com\/pt\/wp-json\/wp\/v2\/media?parent=173"}],"wp:term":[{"taxonomy":"product_brand","embeddable":true,"href":"https:\/\/chinaminiloader.com\/pt\/wp-json\/wp\/v2\/product_brand?post=173"},{"taxonomy":"product_cat","embeddable":true,"href":"https:\/\/chinaminiloader.com\/pt\/wp-json\/wp\/v2\/product_cat?post=173"},{"taxonomy":"product_tag","embeddable":true,"href":"https:\/\/chinaminiloader.com\/pt\/wp-json\/wp\/v2\/product_tag?post=173"}],"curies":[{"name":"wp","href":"https:\/\/api.w.org\/{rel}","templated":true}]}}