{"id":154,"date":"2026-04-24T11:03:37","date_gmt":"2026-04-24T11:03:37","guid":{"rendered":"https:\/\/chinaminiloader.com\/?post_type=product&#038;p=154"},"modified":"2026-04-24T11:03:38","modified_gmt":"2026-04-24T11:03:38","slug":"hydraulic-cargo-lift-platform-for-warehouse-freight","status":"publish","type":"product","link":"https:\/\/chinaminiloader.com\/pt\/hydraulic-cargo-lift-platform-for-warehouse-freight\/","title":{"rendered":"Plataforma elevat\u00f3ria de carga hidr\u00e1ulica para carga de armaz\u00e9m"},"content":{"rendered":"<p>A nossa plataforma elevat\u00f3ria de carga hidr\u00e1ulica \u00e9 uma solu\u00e7\u00e3o fi\u00e1vel para o manuseamento vertical de materiais em armaz\u00e9ns, oficinas, estaleiros de constru\u00e7\u00e3o e instala\u00e7\u00f5es industriais. Constru\u00edda com uma estrutura de a\u00e7o resistente e um sistema de eleva\u00e7\u00e3o hidr\u00e1ulico avan\u00e7ado, garante um transporte de carga suave, est\u00e1vel e seguro entre pisos. A plataforma est\u00e1 equipada com guarda-corpos de prote\u00e7\u00e3o, piso antiderrapante e carater\u00edsticas de seguran\u00e7a de emerg\u00eancia para um funcionamento seguro. A capacidade de carga, a altura de eleva\u00e7\u00e3o e as dimens\u00f5es da plataforma podem ser personalizadas de acordo com os requisitos do projeto. \u00c9 ideal para o transporte de paletes, mercadorias, ferramentas e materiais pesados, melhorando a efici\u00eancia e reduzindo os custos de trabalho manual.<\/p>","protected":false},"excerpt":{"rendered":"<p>Esta plataforma elevat\u00f3ria de carga hidr\u00e1ulica foi concebida para o transporte vertical seguro e eficiente de mercadorias em armaz\u00e9ns, f\u00e1bricas e edif\u00edcios industriais. Possui eleva\u00e7\u00e3o est\u00e1vel, forte capacidade de carga, estrutura de a\u00e7o dur\u00e1vel e tamanho de plataforma e altura de eleva\u00e7\u00e3o personaliz\u00e1veis.<\/p>","protected":false},"featured_media":158,"template":"","meta":{"_gspb_post_css":""},"product_brand":[],"product_cat":[19,21],"product_tag":[59,61,60],"class_list":{"0":"post-154","1":"product","2":"type-product","3":"status-publish","4":"has-post-thumbnail","6":"product_cat-freight-elevator","7":"product_cat-hydraulic-freight-elevator","8":"product_tag-hydraulic-cargo-lift","9":"product_tag-vertical-lifting-platform","10":"product_tag-warehouse-freight-elevator","12":"first","13":"instock","14":"shipping-taxable","15":"product-type-simple"},"_links":{"self":[{"href":"https:\/\/chinaminiloader.com\/pt\/wp-json\/wp\/v2\/product\/154","targetHints":{"allow":["GET"]}}],"collection":[{"href":"https:\/\/chinaminiloader.com\/pt\/wp-json\/wp\/v2\/product"}],"about":[{"href":"https:\/\/chinaminiloader.com\/pt\/wp-json\/wp\/v2\/types\/product"}],"wp:featuredmedia":[{"embeddable":true,"href":"https:\/\/chinaminiloader.com\/pt\/wp-json\/wp\/v2\/media\/158"}],"wp:attachment":[{"href":"https:\/\/chinaminiloader.com\/pt\/wp-json\/wp\/v2\/media?parent=154"}],"wp:term":[{"taxonomy":"product_brand","embeddable":true,"href":"https:\/\/chinaminiloader.com\/pt\/wp-json\/wp\/v2\/product_brand?post=154"},{"taxonomy":"product_cat","embeddable":true,"href":"https:\/\/chinaminiloader.com\/pt\/wp-json\/wp\/v2\/product_cat?post=154"},{"taxonomy":"product_tag","embeddable":true,"href":"https:\/\/chinaminiloader.com\/pt\/wp-json\/wp\/v2\/product_tag?post=154"}],"curies":[{"name":"wp","href":"https:\/\/api.w.org\/{rel}","templated":true}]}}