{"id":1181,"date":"2026-04-27T09:22:58","date_gmt":"2026-04-27T09:22:58","guid":{"rendered":"https:\/\/chinaminiloader.com\/?post_type=product&#038;p=1181"},"modified":"2026-04-27T09:22:58","modified_gmt":"2026-04-27T09:22:58","slug":"remote-control-tracked-lawn-mower-for-slopes-and-rough-terrain","status":"publish","type":"product","link":"https:\/\/chinaminiloader.com\/pt\/remote-control-tracked-lawn-mower-for-slopes-and-rough-terrain\/","title":{"rendered":"Cortador de relva de rastos com controlo remoto para encostas e terrenos acidentados"},"content":{"rendered":"<p>O nosso cortador de relva de rastos com controlo remoto foi concebido para ambientes exigentes, onde os cortadores de relva tradicionais n\u00e3o podem funcionar de forma eficiente. Com um design robusto de rastos, proporciona uma excelente tra\u00e7\u00e3o em declives \u00edngremes, solo molhado e terreno irregular. A m\u00e1quina \u00e9 alimentada por um motor de alto desempenho, proporcionando uma forte capacidade de corte para relva densa e ervas daninhas. O funcionamento remoto aumenta a seguran\u00e7a, permitindo que os operadores controlem o cortador \u00e0 dist\u00e2ncia, reduzindo o risco em \u00e1reas perigosas. Ideal para a agricultura, pomares, manuten\u00e7\u00e3o de bermas de estradas e instala\u00e7\u00f5es industriais, este cortador de relva combina efici\u00eancia, durabilidade e facilidade de utiliza\u00e7\u00e3o, tornando-o uma solu\u00e7\u00e3o fi\u00e1vel para a gest\u00e3o profissional da vegeta\u00e7\u00e3o.<\/p>","protected":false},"excerpt":{"rendered":"<p>Este corta-relvas de rastos com controlo remoto foi concebido para um corte eficiente da relva em declives, terrenos irregulares e vegeta\u00e7\u00e3o densa. Equipado com um motor potente e rastos dur\u00e1veis, garante estabilidade, seguran\u00e7a e elevado desempenho em aplica\u00e7\u00f5es agr\u00edcolas, rodovi\u00e1rias e industriais.<\/p>","protected":false},"featured_media":1185,"template":"","meta":{"_gspb_post_css":""},"product_brand":[],"product_cat":[27],"product_tag":[142,221,115],"class_list":{"0":"post-1181","1":"product","2":"type-product","3":"status-publish","4":"has-post-thumbnail","6":"product_cat-crawler-lawn-mower","7":"product_tag-remote-mower","8":"product_tag-slope-lawn-mower","9":"product_tag-tracked-grass-cutter","11":"first","12":"instock","13":"shipping-taxable","14":"product-type-simple"},"_links":{"self":[{"href":"https:\/\/chinaminiloader.com\/pt\/wp-json\/wp\/v2\/product\/1181","targetHints":{"allow":["GET"]}}],"collection":[{"href":"https:\/\/chinaminiloader.com\/pt\/wp-json\/wp\/v2\/product"}],"about":[{"href":"https:\/\/chinaminiloader.com\/pt\/wp-json\/wp\/v2\/types\/product"}],"wp:featuredmedia":[{"embeddable":true,"href":"https:\/\/chinaminiloader.com\/pt\/wp-json\/wp\/v2\/media\/1185"}],"wp:attachment":[{"href":"https:\/\/chinaminiloader.com\/pt\/wp-json\/wp\/v2\/media?parent=1181"}],"wp:term":[{"taxonomy":"product_brand","embeddable":true,"href":"https:\/\/chinaminiloader.com\/pt\/wp-json\/wp\/v2\/product_brand?post=1181"},{"taxonomy":"product_cat","embeddable":true,"href":"https:\/\/chinaminiloader.com\/pt\/wp-json\/wp\/v2\/product_cat?post=1181"},{"taxonomy":"product_tag","embeddable":true,"href":"https:\/\/chinaminiloader.com\/pt\/wp-json\/wp\/v2\/product_tag?post=1181"}],"curies":[{"name":"wp","href":"https:\/\/api.w.org\/{rel}","templated":true}]}}