{"id":117,"date":"2026-04-24T10:57:17","date_gmt":"2026-04-24T10:57:17","guid":{"rendered":"https:\/\/chinaminiloader.com\/?post_type=product&#038;p=117"},"modified":"2026-04-24T10:57:17","modified_gmt":"2026-04-24T10:57:17","slug":"heavy-duty-electric-freight-elevator-cargo-lift-platform","status":"publish","type":"product","link":"https:\/\/chinaminiloader.com\/pt\/heavy-duty-electric-freight-elevator-cargo-lift-platform\/","title":{"rendered":"Elevador de carga el\u00e9trico para servi\u00e7o pesado Plataforma de eleva\u00e7\u00e3o de carga"},"content":{"rendered":"<p>O nosso elevador el\u00e9trico de carga \u00e9 uma solu\u00e7\u00e3o pr\u00e1tica para elevar mercadorias de forma segura e eficiente em ambientes industriais. Possui uma estrutura de a\u00e7o forte, motor de alta qualidade, cabos de a\u00e7o espessos e prote\u00e7\u00e3o anti-queda fi\u00e1vel para maior seguran\u00e7a. Adequada para armaz\u00e9ns, f\u00e1bricas, oficinas e locais de constru\u00e7\u00e3o, esta plataforma elevat\u00f3ria de carga melhora a efici\u00eancia do trabalho e reduz o trabalho manual. O design compacto montado na parede poupa espa\u00e7o de instala\u00e7\u00e3o, proporcionando um desempenho de eleva\u00e7\u00e3o est\u00e1vel. Com capacidade de carga personaliz\u00e1vel, altura de eleva\u00e7\u00e3o e tamanho da plataforma, pode atender a v\u00e1rios requisitos de manuseio de materiais. \u00c9 dur\u00e1vel, f\u00e1cil de operar e constru\u00edda para uma utiliza\u00e7\u00e3o industrial a longo prazo.<\/p>","protected":false},"excerpt":{"rendered":"<p>Este elevador de carga el\u00e9trico foi concebido para o transporte vertical de carga seguro e eficiente. Constru\u00eddo com uma estrutura de a\u00e7o resistente, cabos de a\u00e7o fortes e um sistema de motor fi\u00e1vel, \u00e9 ideal para armaz\u00e9ns, f\u00e1bricas, oficinas e eleva\u00e7\u00e3o de materiais de constru\u00e7\u00e3o.<\/p>","protected":false},"featured_media":125,"template":"","meta":{"_gspb_post_css":""},"product_brand":[],"product_cat":[19,20],"product_tag":[32,31,58],"class_list":{"0":"post-117","1":"product","2":"type-product","3":"status-publish","4":"has-post-thumbnail","6":"product_cat-freight-elevator","7":"product_cat-electric-freight-elevator","8":"product_tag-cargo-lift-platform","9":"product_tag-freight-elevator","10":"product_tag-material-handling-lift","12":"first","13":"instock","14":"shipping-taxable","15":"product-type-simple"},"_links":{"self":[{"href":"https:\/\/chinaminiloader.com\/pt\/wp-json\/wp\/v2\/product\/117","targetHints":{"allow":["GET"]}}],"collection":[{"href":"https:\/\/chinaminiloader.com\/pt\/wp-json\/wp\/v2\/product"}],"about":[{"href":"https:\/\/chinaminiloader.com\/pt\/wp-json\/wp\/v2\/types\/product"}],"wp:featuredmedia":[{"embeddable":true,"href":"https:\/\/chinaminiloader.com\/pt\/wp-json\/wp\/v2\/media\/125"}],"wp:attachment":[{"href":"https:\/\/chinaminiloader.com\/pt\/wp-json\/wp\/v2\/media?parent=117"}],"wp:term":[{"taxonomy":"product_brand","embeddable":true,"href":"https:\/\/chinaminiloader.com\/pt\/wp-json\/wp\/v2\/product_brand?post=117"},{"taxonomy":"product_cat","embeddable":true,"href":"https:\/\/chinaminiloader.com\/pt\/wp-json\/wp\/v2\/product_cat?post=117"},{"taxonomy":"product_tag","embeddable":true,"href":"https:\/\/chinaminiloader.com\/pt\/wp-json\/wp\/v2\/product_tag?post=117"}],"curies":[{"name":"wp","href":"https:\/\/api.w.org\/{rel}","templated":true}]}}