{"id":1168,"date":"2026-04-27T09:17:32","date_gmt":"2026-04-27T09:17:32","guid":{"rendered":"https:\/\/chinaminiloader.com\/?post_type=product&#038;p=1168"},"modified":"2026-04-27T09:17:33","modified_gmt":"2026-04-27T09:17:33","slug":"remote-control-tracked-lawn-mower-with-all-terrain-design","status":"publish","type":"product","link":"https:\/\/chinaminiloader.com\/pt\/remote-control-tracked-lawn-mower-with-all-terrain-design\/","title":{"rendered":"Cortador de relva de rastos com controlo remoto e design todo-o-terreno"},"content":{"rendered":"<p>O cortador de relva de rastos com controlo remoto \u00e9 uma solu\u00e7\u00e3o potente e vers\u00e1til para tarefas de corte exigentes. Constru\u00eddo com um chassis de lagartas robusto, proporciona uma excelente tra\u00e7\u00e3o e estabilidade em declives, terrenos irregulares e ambientes dif\u00edceis. O sistema de controlo remoto garante uma opera\u00e7\u00e3o segura e conveniente, minimizando a fadiga e o risco para o operador. Equipado com um motor de alto desempenho e um sistema de corte eficiente, proporciona um desempenho fi\u00e1vel para aplica\u00e7\u00f5es agr\u00edcolas, paisag\u00edsticas e industriais. O seu design compacto permite uma f\u00e1cil manobrabilidade, tornando-a adequada para pomares, encostas e manuten\u00e7\u00e3o de bermas de estradas. Esta m\u00e1quina \u00e9 a escolha ideal para melhorar a produtividade e reduzir os custos de m\u00e3o de obra.<\/p>","protected":false},"excerpt":{"rendered":"<p>Este cortador de relva de rastos com controlo remoto foi concebido para um corte de relva eficiente em terrenos acidentados e irregulares. Com uma forte capacidade de subida, funcionamento est\u00e1vel e rastos duradouros, \u00e9 ideal para encostas, pomares e tarefas de jardinagem, reduzindo o trabalho manual.<\/p>","protected":false},"featured_media":1169,"template":"","meta":{"_gspb_post_css":""},"product_brand":[],"product_cat":[27],"product_tag":[218,63,107],"class_list":{"0":"post-1168","1":"product","2":"type-product","3":"status-publish","4":"has-post-thumbnail","6":"product_cat-crawler-lawn-mower","7":"product_tag-all-terrain-grass-cutter","8":"product_tag-remote-control-mower","9":"product_tag-tracked-lawn-mower","11":"first","12":"instock","13":"shipping-taxable","14":"product-type-simple"},"_links":{"self":[{"href":"https:\/\/chinaminiloader.com\/pt\/wp-json\/wp\/v2\/product\/1168","targetHints":{"allow":["GET"]}}],"collection":[{"href":"https:\/\/chinaminiloader.com\/pt\/wp-json\/wp\/v2\/product"}],"about":[{"href":"https:\/\/chinaminiloader.com\/pt\/wp-json\/wp\/v2\/types\/product"}],"wp:featuredmedia":[{"embeddable":true,"href":"https:\/\/chinaminiloader.com\/pt\/wp-json\/wp\/v2\/media\/1169"}],"wp:attachment":[{"href":"https:\/\/chinaminiloader.com\/pt\/wp-json\/wp\/v2\/media?parent=1168"}],"wp:term":[{"taxonomy":"product_brand","embeddable":true,"href":"https:\/\/chinaminiloader.com\/pt\/wp-json\/wp\/v2\/product_brand?post=1168"},{"taxonomy":"product_cat","embeddable":true,"href":"https:\/\/chinaminiloader.com\/pt\/wp-json\/wp\/v2\/product_cat?post=1168"},{"taxonomy":"product_tag","embeddable":true,"href":"https:\/\/chinaminiloader.com\/pt\/wp-json\/wp\/v2\/product_tag?post=1168"}],"curies":[{"name":"wp","href":"https:\/\/api.w.org\/{rel}","templated":true}]}}