{"id":1114,"date":"2026-04-27T08:53:46","date_gmt":"2026-04-27T08:53:46","guid":{"rendered":"https:\/\/chinaminiloader.com\/?post_type=product&#038;p=1114"},"modified":"2026-04-27T08:53:46","modified_gmt":"2026-04-27T08:53:46","slug":"remote-control-tracked-lawn-mower-with-snow-blade","status":"publish","type":"product","link":"https:\/\/chinaminiloader.com\/pt\/remote-control-tracked-lawn-mower-with-snow-blade\/","title":{"rendered":"Cortador de relva de lagartas com controlo remoto e l\u00e2mina para neve"},"content":{"rendered":"<p data-start=\"792\" data-end=\"1541\">O nosso cortador de relva de rastos com controlo remoto foi concebido para paisagismo profissional e ambientes dif\u00edceis. Equipado com um motor de alto desempenho e rastos de borracha para trabalhos pesados, proporciona uma excelente tra\u00e7\u00e3o em declives, terrenos irregulares e vegeta\u00e7\u00e3o densa. A m\u00e1quina pode ser operada remotamente, melhorando a seguran\u00e7a e a efici\u00eancia do operador. Uma l\u00e2mina opcional montada \u00e0 frente permite fun\u00e7\u00f5es adicionais, como a remo\u00e7\u00e3o de neve ligeira e o empurrar de material. A sua estrutura compacta, grande durabilidade e f\u00e1cil manobrabilidade tornam-na ideal para a manuten\u00e7\u00e3o municipal, pomares, quintas e gest\u00e3o da vegeta\u00e7\u00e3o em estaleiros de constru\u00e7\u00e3o. Esta solu\u00e7\u00e3o multifuncional aumenta a produtividade e reduz a intensidade do trabalho.<\/p>","protected":false},"excerpt":{"rendered":"<p>Este cortador de relva de rastos com controlo remoto foi concebido para um corte eficiente da relva em declives e terrenos acidentados. Com um motor potente, rastos de borracha dur\u00e1veis e l\u00e2mina frontal opcional, garante uma elevada produtividade, seguran\u00e7a e versatilidade para tarefas de paisagismo e manuten\u00e7\u00e3o.<\/p>","protected":false},"featured_media":1115,"template":"","meta":{"_gspb_post_css":""},"product_brand":[],"product_cat":[27],"product_tag":[63,64,107],"class_list":{"0":"post-1114","1":"product","2":"type-product","3":"status-publish","4":"has-post-thumbnail","6":"product_cat-crawler-lawn-mower","7":"product_tag-remote-control-mower","8":"product_tag-slope-grass-cutter","9":"product_tag-tracked-lawn-mower","11":"first","12":"instock","13":"shipping-taxable","14":"product-type-simple"},"_links":{"self":[{"href":"https:\/\/chinaminiloader.com\/pt\/wp-json\/wp\/v2\/product\/1114","targetHints":{"allow":["GET"]}}],"collection":[{"href":"https:\/\/chinaminiloader.com\/pt\/wp-json\/wp\/v2\/product"}],"about":[{"href":"https:\/\/chinaminiloader.com\/pt\/wp-json\/wp\/v2\/types\/product"}],"wp:featuredmedia":[{"embeddable":true,"href":"https:\/\/chinaminiloader.com\/pt\/wp-json\/wp\/v2\/media\/1115"}],"wp:attachment":[{"href":"https:\/\/chinaminiloader.com\/pt\/wp-json\/wp\/v2\/media?parent=1114"}],"wp:term":[{"taxonomy":"product_brand","embeddable":true,"href":"https:\/\/chinaminiloader.com\/pt\/wp-json\/wp\/v2\/product_brand?post=1114"},{"taxonomy":"product_cat","embeddable":true,"href":"https:\/\/chinaminiloader.com\/pt\/wp-json\/wp\/v2\/product_cat?post=1114"},{"taxonomy":"product_tag","embeddable":true,"href":"https:\/\/chinaminiloader.com\/pt\/wp-json\/wp\/v2\/product_tag?post=1114"}],"curies":[{"name":"wp","href":"https:\/\/api.w.org\/{rel}","templated":true}]}}