{"id":1072,"date":"2026-04-27T06:56:25","date_gmt":"2026-04-27T06:56:25","guid":{"rendered":"https:\/\/chinaminiloader.com\/?post_type=product&#038;p=1072"},"modified":"2026-04-27T06:56:25","modified_gmt":"2026-04-27T06:56:25","slug":"dual-mast-hydraulic-lifting-platform-for-material-handling","status":"publish","type":"product","link":"https:\/\/chinaminiloader.com\/pt\/dual-mast-hydraulic-lifting-platform-for-material-handling\/","title":{"rendered":"Plataforma de eleva\u00e7\u00e3o hidr\u00e1ulica de mastro duplo para manuseamento de materiais"},"content":{"rendered":"<p>A nossa plataforma de eleva\u00e7\u00e3o hidr\u00e1ulica de mastro duplo foi concebida para satisfazer as exig\u00eancias dos ambientes modernos de constru\u00e7\u00e3o e manuseamento de materiais. Constru\u00edda com uma estrutura de a\u00e7o robusta e um sistema hidr\u00e1ulico avan\u00e7ado, proporciona uma eleva\u00e7\u00e3o vertical suave, est\u00e1vel e eficiente de bens e materiais. A plataforma espa\u00e7osa com guarda-corpos de prote\u00e7\u00e3o garante a seguran\u00e7a do operador, enquanto a base m\u00f3vel permite um transporte e configura\u00e7\u00e3o f\u00e1ceis. Adequado para armaz\u00e9ns, estaleiros de constru\u00e7\u00e3o e trabalhos de manuten\u00e7\u00e3o, este equipamento aumenta a produtividade e reduz o trabalho manual. Com configura\u00e7\u00f5es personaliz\u00e1veis e desempenho fi\u00e1vel, \u00e9 a solu\u00e7\u00e3o ideal para empresas que procuram equipamento de eleva\u00e7\u00e3o duradouro e econ\u00f3mico.<\/p>","protected":false},"excerpt":{"rendered":"<p>Esta plataforma de eleva\u00e7\u00e3o hidr\u00e1ulica de mastro duplo foi concebida para uma utiliza\u00e7\u00e3o eficiente no manuseamento de materiais e na constru\u00e7\u00e3o. Com uma estrutura est\u00e1vel, elevada capacidade de carga e sistema de eleva\u00e7\u00e3o suave, garante um funcionamento seguro e fi\u00e1vel. Ideal para armaz\u00e9ns, estaleiros de constru\u00e7\u00e3o e aplica\u00e7\u00f5es industriais.<\/p>","protected":false},"featured_media":1073,"template":"","meta":{"_gspb_post_css":""},"product_brand":[],"product_cat":[22,24],"product_tag":[103,148,42],"class_list":{"0":"post-1072","1":"product","2":"type-product","3":"status-publish","4":"has-post-thumbnail","6":"product_cat-lift-platform","7":"product_cat-masonry-lifting-platform","8":"product_tag-construction-hoist","9":"product_tag-hydraulic-lifting-platform","10":"product_tag-material-handling-equipment","12":"first","13":"instock","14":"shipping-taxable","15":"product-type-simple"},"_links":{"self":[{"href":"https:\/\/chinaminiloader.com\/pt\/wp-json\/wp\/v2\/product\/1072","targetHints":{"allow":["GET"]}}],"collection":[{"href":"https:\/\/chinaminiloader.com\/pt\/wp-json\/wp\/v2\/product"}],"about":[{"href":"https:\/\/chinaminiloader.com\/pt\/wp-json\/wp\/v2\/types\/product"}],"wp:featuredmedia":[{"embeddable":true,"href":"https:\/\/chinaminiloader.com\/pt\/wp-json\/wp\/v2\/media\/1073"}],"wp:attachment":[{"href":"https:\/\/chinaminiloader.com\/pt\/wp-json\/wp\/v2\/media?parent=1072"}],"wp:term":[{"taxonomy":"product_brand","embeddable":true,"href":"https:\/\/chinaminiloader.com\/pt\/wp-json\/wp\/v2\/product_brand?post=1072"},{"taxonomy":"product_cat","embeddable":true,"href":"https:\/\/chinaminiloader.com\/pt\/wp-json\/wp\/v2\/product_cat?post=1072"},{"taxonomy":"product_tag","embeddable":true,"href":"https:\/\/chinaminiloader.com\/pt\/wp-json\/wp\/v2\/product_tag?post=1072"}],"curies":[{"name":"wp","href":"https:\/\/api.w.org\/{rel}","templated":true}]}}