{"id":1068,"date":"2026-04-27T06:53:14","date_gmt":"2026-04-27T06:53:14","guid":{"rendered":"https:\/\/chinaminiloader.com\/?post_type=product&#038;p=1068"},"modified":"2026-04-27T06:53:14","modified_gmt":"2026-04-27T06:53:14","slug":"dual-mast-electric-aerial-work-platform-lift-for-construction","status":"publish","type":"product","link":"https:\/\/chinaminiloader.com\/pt\/dual-mast-electric-aerial-work-platform-lift-for-construction\/","title":{"rendered":"Plataforma elevat\u00f3ria de trabalho a\u00e9reo el\u00e9ctrica de mastro duplo para constru\u00e7\u00e3o"},"content":{"rendered":"<p>A plataforma de trabalho a\u00e9reo el\u00e9ctrica de mastro duplo \u00e9 uma solu\u00e7\u00e3o fi\u00e1vel para opera\u00e7\u00f5es a grande altitude na constru\u00e7\u00e3o, manuten\u00e7\u00e3o e manuseamento de materiais. Constru\u00edda com uma estrutura de a\u00e7o robusta e um mecanismo de eleva\u00e7\u00e3o avan\u00e7ado, oferece uma excelente estabilidade e capacidade de carga. A plataforma espa\u00e7osa permite v\u00e1rios trabalhadores e ferramentas, melhorando a produtividade no local. Equipado com controlos de f\u00e1cil utiliza\u00e7\u00e3o e carater\u00edsticas de seguran\u00e7a, garante um funcionamento suave e seguro. O seu design m\u00f3vel facilita o transporte e a utiliza\u00e7\u00e3o em diferentes locais de trabalho. Este equipamento \u00e9 ideal para armaz\u00e9ns, f\u00e1bricas e ambientes de constru\u00e7\u00e3o que requerem um acesso vertical eficiente.<\/p>","protected":false},"excerpt":{"rendered":"<p>Esta plataforma de trabalho a\u00e9reo el\u00e9ctrica de mastro duplo foi concebida para tarefas de constru\u00e7\u00e3o e manuseamento de materiais a grande altitude. Possui um sistema de eleva\u00e7\u00e3o est\u00e1vel, uma ampla plataforma de trabalho e uma estrutura de a\u00e7o duradoura. F\u00e1cil de operar e transportar, garante seguran\u00e7a, efici\u00eancia e fiabilidade para aplica\u00e7\u00f5es industriais e de constru\u00e7\u00e3o.<\/p>","protected":false},"featured_media":1069,"template":"","meta":{"_gspb_post_css":""},"product_brand":[],"product_cat":[22,24],"product_tag":[135,103,127],"class_list":{"0":"post-1068","1":"product","2":"type-product","3":"status-publish","4":"has-post-thumbnail","6":"product_cat-lift-platform","7":"product_cat-masonry-lifting-platform","8":"product_tag-aerial-work-platform","9":"product_tag-construction-hoist","10":"product_tag-dual-mast-lift","12":"first","13":"instock","14":"shipping-taxable","15":"product-type-simple"},"_links":{"self":[{"href":"https:\/\/chinaminiloader.com\/pt\/wp-json\/wp\/v2\/product\/1068","targetHints":{"allow":["GET"]}}],"collection":[{"href":"https:\/\/chinaminiloader.com\/pt\/wp-json\/wp\/v2\/product"}],"about":[{"href":"https:\/\/chinaminiloader.com\/pt\/wp-json\/wp\/v2\/types\/product"}],"wp:featuredmedia":[{"embeddable":true,"href":"https:\/\/chinaminiloader.com\/pt\/wp-json\/wp\/v2\/media\/1069"}],"wp:attachment":[{"href":"https:\/\/chinaminiloader.com\/pt\/wp-json\/wp\/v2\/media?parent=1068"}],"wp:term":[{"taxonomy":"product_brand","embeddable":true,"href":"https:\/\/chinaminiloader.com\/pt\/wp-json\/wp\/v2\/product_brand?post=1068"},{"taxonomy":"product_cat","embeddable":true,"href":"https:\/\/chinaminiloader.com\/pt\/wp-json\/wp\/v2\/product_cat?post=1068"},{"taxonomy":"product_tag","embeddable":true,"href":"https:\/\/chinaminiloader.com\/pt\/wp-json\/wp\/v2\/product_tag?post=1068"}],"curies":[{"name":"wp","href":"https:\/\/api.w.org\/{rel}","templated":true}]}}